{"id":1262,"date":"2019-11-09T12:38:49","date_gmt":"2019-11-09T12:38:49","guid":{"rendered":"https:\/\/factory.sale\/product\/montage-foam-500ml-snake-mounting-foam-all-year-round\/"},"modified":"2024-06-25T23:03:37","modified_gmt":"2024-06-25T23:03:37","slug":"montage-foam-500ml-snake-mounting-foam-all-year-round","status":"publish","type":"product","link":"https:\/\/factory.sale\/et\/toode\/montage-foam-500ml-snake-mounting-foam-all-year-round\/","title":{"rendered":"MONTAGE FOAM 500ML &#8211; SNAKE MOUNTING FOAM, ALL YEAR ROUND"},"content":{"rendered":"<p>\u00dchekomponentne pol\u00fcuretaanist koosnev koost ja isolatsioonvaht, mida iseloomustab suletud elementide \u00fchtlane ja korrap\u00e4rane struktuur, madal niiskuse imendumine ning suurep\u00e4rased parameetrid soojus- ja heliisolatsiooni valdkonnas. Kasutustemperatuuride vahemik: -10 \u00b0 C kuni + 35 \u00b0 C<\/p>\n<p><b>Omadused<\/b><\/p>\n<ul>\n<li>sellel on \u00f5ige t\u00f6\u00f6tlemise aeg ja esialgne v\u00f5imsus<\/li>\n<li>seda eristab k\u00f5rge tihedus, madal imavus, \u00fchtlane struktuur ja m\u00f5\u00f5tmete stabiilsus<\/li>\n<li>p\u00e4rast pealekandmist laieneb ja k\u00f5veneb atmosf\u00e4\u00e4ri\u00f5hus ja ehitusmaterjalides sisalduva niiskuse m\u00f5jul<\/li>\n<li>tagab v\u00e4ga hea soojus-, heli- ja niiskusisolatsiooni<\/li>\n<li>p\u00e4rast k\u00f5venemist keemiliselt neutraalne, vastupidav mitmesugustele temperatuuridele ning seente ja hallituse arengule<\/li>\n<li>h\u00e4sti liimitav betooni, krohvi, ehituskeraamika, puidu, terase, metallide, PVC ja muude sarnaste plastidega<\/li>\n<li>liim horisontaalsele ja vertikaalsele pinnale &#8211; ei tilgu<\/li>\n<li>tagab kokkupandud elementide stabiilsuse ja paindlikkuse<\/li>\n<li>ei sisalda (H) CFC, PCB ega formaldeh\u00fc\u00fcdi<\/li>\n<li>tagab t\u00e4pse doseerimise<\/li>\n<li>efektiivne kasutada<\/li>\n<\/ul>\n<p><b>Kasutamine<\/b><\/p>\n<ul>\n<li>akende ja ukseraamide, garaa\u017eiuste ja ruloode kokkupanek, tihendamine ja \u00fchendamine (p\u00e4rast eelnevat mehaanilist<\/li>\n<li>kinnitamist ja kaitset deformeerumise eest)<\/li>\n<li>pragude ja l\u00fcnkade t\u00e4itmine hoonete vaheseinte elementide \u00fchenduskohtades<\/li>\n<li>torude ja paigaldustorude t\u00fchimike ja soonte t\u00e4itmine seintes, lagedes ja katustes<\/li>\n<li>korstnate ja katuseakende \u00fcmber l\u00fcnkade t\u00e4itmine<\/li>\n<li>vahtpol\u00fcst\u00fcreenplaatide vahel l\u00fcnkade t\u00e4itmine v\u00e4lisseinte isolatsioonis\u00fcsteemides<\/li>\n<li>katuste ja katuste soojusisolatsioon<\/li>\n<li>skelettkonstruktsioonide monteeritavate puitelementide helikindlus, \u00fchendamine ja tihendamine<\/li>\n<li>dekoratiiv- ja isoleerpaneelide ning paneelide liimimine<\/li>\n<li>k\u00fcnniste, treppide, aknalaudade ja muude viimistlusdetailide kinnistamine<\/li>\n<\/ul>\n","protected":false},"excerpt":{"rendered":"<p>\u00dchekomponentne pol\u00fcuretaanist koosnev koost ja isolatsioonvaht, mida iseloomustab suletud elementide \u00fchtlane ja korrap\u00e4rane struktuur, madal niiskuse imendumine ning suurep\u00e4rased parameetrid soojus- ja heliisolatsiooni valdkonnas. Kasutustemperatuuride vahemik: -10 \u00b0 C kuni + 35 \u00b0 C<\/p>\n","protected":false},"featured_media":1264,"comment_status":"open","ping_status":"closed","template":"","meta":{"_acf_changed":false},"factory":[],"free-shipment":[],"product_brand":[],"product_cat":[163,167],"product_tag":[157],"class_list":{"0":"post-1262","1":"product","2":"type-product","3":"status-publish","4":"has-post-thumbnail","6":"product_cat-ehituskeemia","7":"product_cat-montaazivahud","8":"product_tag-foams-et-2","10":"first","11":"instock","12":"sale","13":"taxable","14":"shipping-taxable","15":"purchasable","16":"product-type-simple"},"acf":[],"_links":{"self":[{"href":"https:\/\/factory.sale\/et\/wp-json\/wp\/v2\/product\/1262","targetHints":{"allow":["GET"]}}],"collection":[{"href":"https:\/\/factory.sale\/et\/wp-json\/wp\/v2\/product"}],"about":[{"href":"https:\/\/factory.sale\/et\/wp-json\/wp\/v2\/types\/product"}],"replies":[{"embeddable":true,"href":"https:\/\/factory.sale\/et\/wp-json\/wp\/v2\/comments?post=1262"}],"wp:featuredmedia":[{"embeddable":true,"href":"https:\/\/factory.sale\/et\/wp-json\/wp\/v2\/media\/1264"}],"wp:attachment":[{"href":"https:\/\/factory.sale\/et\/wp-json\/wp\/v2\/media?parent=1262"}],"wp:term":[{"taxonomy":"factory","embeddable":true,"href":"https:\/\/factory.sale\/et\/wp-json\/wp\/v2\/factory?post=1262"},{"taxonomy":"free-shipment","embeddable":true,"href":"https:\/\/factory.sale\/et\/wp-json\/wp\/v2\/free-shipment?post=1262"},{"taxonomy":"product_brand","embeddable":true,"href":"https:\/\/factory.sale\/et\/wp-json\/wp\/v2\/product_brand?post=1262"},{"taxonomy":"product_cat","embeddable":true,"href":"https:\/\/factory.sale\/et\/wp-json\/wp\/v2\/product_cat?post=1262"},{"taxonomy":"product_tag","embeddable":true,"href":"https:\/\/factory.sale\/et\/wp-json\/wp\/v2\/product_tag?post=1262"}],"curies":[{"name":"wp","href":"https:\/\/api.w.org\/{rel}","templated":true}]}}