{"id":12601,"date":"2022-09-09T14:37:56","date_gmt":"2022-09-09T14:45:48","guid":{"rendered":"https:\/\/factory.sale\/?post_type=product&#038;p=12601"},"modified":"2024-06-28T21:04:45","modified_gmt":"2024-06-28T21:04:45","slug":"infire-inbox-600","status":"publish","type":"product","link":"https:\/\/factory.sale\/et\/toode\/infire-inbox-600\/","title":{"rendered":"InFire Inbox 600"},"content":{"rendered":"<p>INBOX 600 sobib ideaalselt nii traditsioonilise kaminas\u00fcdamiku kassetina kui ka iseseisva kaminana. See ei vaja \u00fchendust ei korstna ega elektris\u00fcsteemiga, mis t\u00e4hendab, et selle saab paigutada praktiliselt k\u00f5ikjale \u2013 loomulikult mittes\u00fcttivale materjalile.<\/p>\n<p>InFire Inbox 600 biop\u00f5leti kasutab k\u00fctusena \u00f6koloogiliselt puhast bioetanooli ning pakub t\u00e4nu puhtale p\u00f5lemisele tule v\u00f5lu ilma suitsu, gaasi, l\u00f5hna ja on ohutu.<\/p>\n<p>Biop\u00f5leti kasutamine on \u00fclilihtne:<\/p>\n<ol>\n<li>lihtsalt vala bioetanool p\u00f5letisse<\/li>\n<li>s\u00fc\u00fcta see ja saad kohe nautida elavat tuld ja sellega kaasnevat soojust.<\/li>\n<\/ol>\n<p>Liiter bioetanooli annab v\u00f5imaluse nautida tuld ja kuumust 3-5 tundi.<\/p>\n<p><strong>Toote informatioon:<\/strong><\/p>\n<ul>\n<li>M\u00f5\u00f5tmed: 60 x 20 x 5 cm<\/li>\n<li>S\u00fcdamik: 50 cm = 1l<\/li>\n<li>P\u00f5lemisaeg: 3-5 h<\/li>\n<li>Klaas:\u00a0Karastatud klaas 4mm<\/li>\n<li>Garantii: 24 kuud<\/li>\n<li>V\u00e4rv: Must, pulberv\u00e4rvitud teras<\/li>\n<li>Kaal: 8 kg<\/li>\n<li>Kokkupanek: s\u00fcvistatav mittes\u00fcttivasse materjali<\/li>\n<li>Montaa\u017e: Vabaltseisev, S\u00fcvistatav, Lauale<\/li>\n<\/ul>\n<p>&nbsp;<\/p>\n","protected":false},"excerpt":{"rendered":"<p>INBOX 600 sobib ideaalselt nii traditsioonilise kaminas\u00fcdamiku kassetina kui ka iseseisva kaminana.<\/p>\n","protected":false},"featured_media":15718,"comment_status":"open","ping_status":"closed","template":"","meta":{"_acf_changed":false},"factory":[],"free-shipment":[],"product_brand":[],"product_cat":[1253,2630],"product_tag":[],"class_list":{"0":"post-12601","1":"product","2":"type-product","3":"status-publish","4":"has-post-thumbnail","6":"product_cat-bio-kaminad","7":"product_cat-infire-et","9":"first","10":"instock","11":"sale","12":"taxable","13":"shipping-taxable","14":"purchasable","15":"product-type-simple"},"acf":[],"_links":{"self":[{"href":"https:\/\/factory.sale\/et\/wp-json\/wp\/v2\/product\/12601","targetHints":{"allow":["GET"]}}],"collection":[{"href":"https:\/\/factory.sale\/et\/wp-json\/wp\/v2\/product"}],"about":[{"href":"https:\/\/factory.sale\/et\/wp-json\/wp\/v2\/types\/product"}],"replies":[{"embeddable":true,"href":"https:\/\/factory.sale\/et\/wp-json\/wp\/v2\/comments?post=12601"}],"wp:featuredmedia":[{"embeddable":true,"href":"https:\/\/factory.sale\/et\/wp-json\/wp\/v2\/media\/15718"}],"wp:attachment":[{"href":"https:\/\/factory.sale\/et\/wp-json\/wp\/v2\/media?parent=12601"}],"wp:term":[{"taxonomy":"factory","embeddable":true,"href":"https:\/\/factory.sale\/et\/wp-json\/wp\/v2\/factory?post=12601"},{"taxonomy":"free-shipment","embeddable":true,"href":"https:\/\/factory.sale\/et\/wp-json\/wp\/v2\/free-shipment?post=12601"},{"taxonomy":"product_brand","embeddable":true,"href":"https:\/\/factory.sale\/et\/wp-json\/wp\/v2\/product_brand?post=12601"},{"taxonomy":"product_cat","embeddable":true,"href":"https:\/\/factory.sale\/et\/wp-json\/wp\/v2\/product_cat?post=12601"},{"taxonomy":"product_tag","embeddable":true,"href":"https:\/\/factory.sale\/et\/wp-json\/wp\/v2\/product_tag?post=12601"}],"curies":[{"name":"wp","href":"https:\/\/api.w.org\/{rel}","templated":true}]}}