{"id":1259,"date":"2019-11-09T12:40:51","date_gmt":"2019-11-09T12:40:51","guid":{"rendered":"https:\/\/factory.sale\/product\/pu-cleaner-500ml-cleaner-for-polyurethane-foams-and-adhesives\/"},"modified":"2024-06-26T13:17:31","modified_gmt":"2024-06-26T13:17:31","slug":"pu-cleaner-500ml-cleaner-for-polyurethane-foams-and-adhesives","status":"publish","type":"product","link":"https:\/\/factory.sale\/et\/toode\/pu-cleaner-500ml-cleaner-for-polyurethane-foams-and-adhesives\/","title":{"rendered":"PU-CLEANER 500ML &#8211; CLEANER FOR POLYURETHANE FOAMS AND ADHESIVES"},"content":{"rendered":"<p>Universaalne atsetoonpihusti puhastusvahend vahtp\u00fcstolite puhastamiseks ja mustuse eemaldamiseks k\u00f5vastumata vaht -ja pol\u00fcuretaanliimidest.<\/p>\n<p><b>Omadused<\/b><\/p>\n<ul>\n<li>Lahustab pol\u00fcuretaanliimidest v\u00e4rske \u00fche- ja kahekomponendilise (kemotehnoloogiaga) vahu ja v\u00e4rske mustuse<\/li>\n<\/ul>\n<p><b>Kasutus<\/b><\/p>\n<ul>\n<li>pol\u00fcuretaanvahust sisemiste ja v\u00e4liste lisandite eemaldamine vahtvahtp\u00fcstolitest<br \/>\npuhastab vahendeid ja \u00fcmbruskonda v\u00e4rske vahu ja pol\u00fcuretaanliimide lisanditest<\/li>\n<\/ul>\n","protected":false},"excerpt":{"rendered":"<p>Universaalne atsetoonpihusti puhastusvahend vahtp\u00fcstolite puhastamiseks ja mustuse eemaldamiseks k\u00f5vastumata vaht -ja pol\u00fcuretaanliimidest.<\/p>\n","protected":false},"featured_media":1261,"comment_status":"open","ping_status":"closed","template":"","meta":{"_acf_changed":false},"factory":[],"free-shipment":[],"product_brand":[],"product_cat":[163,167],"product_tag":[157],"class_list":{"0":"post-1259","1":"product","2":"type-product","3":"status-publish","4":"has-post-thumbnail","6":"product_cat-ehituskeemia","7":"product_cat-montaazivahud","8":"product_tag-foams-et-2","10":"first","11":"instock","12":"sale","13":"taxable","14":"shipping-taxable","15":"purchasable","16":"product-type-simple"},"acf":[],"_links":{"self":[{"href":"https:\/\/factory.sale\/et\/wp-json\/wp\/v2\/product\/1259","targetHints":{"allow":["GET"]}}],"collection":[{"href":"https:\/\/factory.sale\/et\/wp-json\/wp\/v2\/product"}],"about":[{"href":"https:\/\/factory.sale\/et\/wp-json\/wp\/v2\/types\/product"}],"replies":[{"embeddable":true,"href":"https:\/\/factory.sale\/et\/wp-json\/wp\/v2\/comments?post=1259"}],"wp:featuredmedia":[{"embeddable":true,"href":"https:\/\/factory.sale\/et\/wp-json\/wp\/v2\/media\/1261"}],"wp:attachment":[{"href":"https:\/\/factory.sale\/et\/wp-json\/wp\/v2\/media?parent=1259"}],"wp:term":[{"taxonomy":"factory","embeddable":true,"href":"https:\/\/factory.sale\/et\/wp-json\/wp\/v2\/factory?post=1259"},{"taxonomy":"free-shipment","embeddable":true,"href":"https:\/\/factory.sale\/et\/wp-json\/wp\/v2\/free-shipment?post=1259"},{"taxonomy":"product_brand","embeddable":true,"href":"https:\/\/factory.sale\/et\/wp-json\/wp\/v2\/product_brand?post=1259"},{"taxonomy":"product_cat","embeddable":true,"href":"https:\/\/factory.sale\/et\/wp-json\/wp\/v2\/product_cat?post=1259"},{"taxonomy":"product_tag","embeddable":true,"href":"https:\/\/factory.sale\/et\/wp-json\/wp\/v2\/product_tag?post=1259"}],"curies":[{"name":"wp","href":"https:\/\/api.w.org\/{rel}","templated":true}]}}