{"id":1256,"date":"2019-11-09T12:44:00","date_gmt":"2019-11-09T12:44:00","guid":{"rendered":"https:\/\/factory.sale\/product\/penetrative-primer-5l-deep-penetrating-primer\/"},"modified":"2024-06-29T18:44:07","modified_gmt":"2024-06-29T18:44:07","slug":"penetrative-primer-5l-deep-penetrating-primer","status":"publish","type":"product","link":"https:\/\/factory.sale\/et\/toode\/penetrative-primer-5l-deep-penetrating-primer\/","title":{"rendered":"PENETRATIVE PRIMER 5L &#8211; DEEP PENETRATING PRIMER"},"content":{"rendered":"<p>Akr\u00fc\u00fcldispersioonil p\u00f5hinev ettevalmistus k\u00f5igi poorsete ja absorbeerivate aluspindade krundimiseks: betoon, tsementlubi, kips, kipsplaat, immutatud puit jms nii hoone sees kui ka v\u00e4ljaspool. T\u00e4nu suurele l\u00e4bitungimisv\u00f5imele tungib see s\u00fcgavalt sisse ja tugevdab t\u00f5husalt vanu krohve ja p\u00f5randaid. Suurendab liimide adhesiooni. \u00dcksinda kasutamisel on see kaitse -ja s\u00e4ilituskate. V\u00e4hendab v\u00e4rvide ja liimide tarbimist.<\/p>\n<p><strong>Omadused<\/strong><\/p>\n<p>Spetsiaalne akr\u00fc\u00fcldispersioonil p\u00f5hinev ettevalmistus k\u00f5igi poorsete ja absorbeerivate aluspindade: betooni, tsement-lubi, kipsi, kipsplaadi, immutatud puidu jms krundimiseks nii hoone sees kui ka v\u00e4ljaspool. T\u00e4nu heale l\u00e4bitungimisele tungib see s\u00fcgavalt sisse ja tugevdab t\u00f5husalt vanu krohve ja p\u00f5randaid.<\/p>\n<ul>\n<li>\u00fcksi kasutamisel on see kaitse -ja s\u00e4ilituskate<\/li>\n<li>sobib ideaalselt uute imavate aluspindade jaoks<\/li>\n<li>kilel on v\u00e4ga head tugevusparameetrid (vastupidavus niiskele puhastamisele ja leelisele)<\/li>\n<li>suurendab v\u00e4rvide, krohvide, liimide ja viimistluskihtide adhesiooni<\/li>\n<li>v\u00e4hendab v\u00e4rvide ja liimide tarbimist<\/li>\n<li>tasandab ja v\u00e4hendab aluspindade imavust, tagades v\u00e4rvi j\u00f5udluse suurenemise<\/li>\n<li>suurendab adhesiooni ja tagab pinnatoodete optimaalsed kuivamistingimused (hoiab \u00e4ra vee liigse \u00e4ravoolu pindadelt,<\/li>\n<li>m\u00f6rtidelt, tasanduskihtidelt)<\/li>\n<li>aluspinna kruntimisel enne tapeedi panemist on see ruumide renoveerimisel lihtsam maha koorida<\/li>\n<li>v\u00e4hendab tasanduskihtide tolmu ja muudab puhastamise lihtsamaks<\/li>\n<li>krunditud pind on veeauru l\u00e4bilaskev.<\/li>\n<\/ul>\n<p><b>Kasutus<\/b><\/p>\n<ul>\n<li>pinna ettevalmistamine v\u00e4rvimiseks, tapeetimiseks, glasuuri liimimiseks, krohvimasside pealekandmiseks<\/li>\n<li>fassaadi kruntimine enne dekoratiivse krohvi v\u00f5i v\u00e4rvi kasutamist<\/li>\n<li>p\u00f5randate kruntimine enne terrakota paigaldamist ja isetasanduv tasanduskiht<\/li>\n<li>vanade krohvide ja p\u00f5randate tugevdamine (v\u00e4listab tolmu tekkimise)<\/li>\n<\/ul>\n","protected":false},"excerpt":{"rendered":"<p>Akr\u00fc\u00fcldispersioonil p\u00f5hinev ettevalmistus k\u00f5igi poorsete ja absorbeerivate aluspindade krundimiseks: betoon, tsementlubi, kips, kipsplaat, immutatud puit jms nii hoone sees kui ka v\u00e4ljaspool. T\u00e4nu suurele l\u00e4bitungimisv\u00f5imele tungib see s\u00fcgavalt sisse ja tugevdab t\u00f5husalt vanu krohve ja p\u00f5randaid. Suurendab liimide adhesiooni. \u00dcksinda kasutamisel on see kaitse -ja s\u00e4ilituskate. V\u00e4hendab v\u00e4rvide ja liimide tarbimist.<\/p>\n","protected":false},"featured_media":1258,"comment_status":"open","ping_status":"closed","template":"","meta":{"_acf_changed":false},"factory":[],"free-shipment":[],"product_brand":[],"product_cat":[163,169],"product_tag":[138],"class_list":{"0":"post-1256","1":"product","2":"type-product","3":"status-publish","4":"has-post-thumbnail","6":"product_cat-ehituskeemia","7":"product_cat-kruntvarvid-ja-varvid","8":"product_tag-primer-et-2","10":"first","11":"instock","12":"sale","13":"taxable","14":"shipping-taxable","15":"purchasable","16":"product-type-simple"},"acf":[],"_links":{"self":[{"href":"https:\/\/factory.sale\/et\/wp-json\/wp\/v2\/product\/1256","targetHints":{"allow":["GET"]}}],"collection":[{"href":"https:\/\/factory.sale\/et\/wp-json\/wp\/v2\/product"}],"about":[{"href":"https:\/\/factory.sale\/et\/wp-json\/wp\/v2\/types\/product"}],"replies":[{"embeddable":true,"href":"https:\/\/factory.sale\/et\/wp-json\/wp\/v2\/comments?post=1256"}],"wp:featuredmedia":[{"embeddable":true,"href":"https:\/\/factory.sale\/et\/wp-json\/wp\/v2\/media\/1258"}],"wp:attachment":[{"href":"https:\/\/factory.sale\/et\/wp-json\/wp\/v2\/media?parent=1256"}],"wp:term":[{"taxonomy":"factory","embeddable":true,"href":"https:\/\/factory.sale\/et\/wp-json\/wp\/v2\/factory?post=1256"},{"taxonomy":"free-shipment","embeddable":true,"href":"https:\/\/factory.sale\/et\/wp-json\/wp\/v2\/free-shipment?post=1256"},{"taxonomy":"product_brand","embeddable":true,"href":"https:\/\/factory.sale\/et\/wp-json\/wp\/v2\/product_brand?post=1256"},{"taxonomy":"product_cat","embeddable":true,"href":"https:\/\/factory.sale\/et\/wp-json\/wp\/v2\/product_cat?post=1256"},{"taxonomy":"product_tag","embeddable":true,"href":"https:\/\/factory.sale\/et\/wp-json\/wp\/v2\/product_tag?post=1256"}],"curies":[{"name":"wp","href":"https:\/\/api.w.org\/{rel}","templated":true}]}}