{"id":12438,"date":"2022-01-20T09:03:42","date_gmt":"2022-08-31T11:54:45","guid":{"rendered":"https:\/\/factory.sale\/?post_type=product&#038;p=12438"},"modified":"2024-06-30T20:12:49","modified_gmt":"2024-06-30T20:12:49","slug":"joodetud-plaatsoojusvahetid-gbs-seeria","status":"publish","type":"product","link":"https:\/\/factory.sale\/et\/toode\/joodetud-plaatsoojusvahetid-gbs-seeria\/","title":{"rendered":"Joodetud plaatsoojusvahetid GBS seeria"},"content":{"rendered":"<p>Plaatsoojusvahetite projekteerimise ja tootmise \u00fclemaailmse tehnoloogialiidrina on meie tootevalik turul \u00fcks ulatuslikumaid. Lisaks tihendiga, k\u00f5vajoodisega ja t\u00e4ielikult keevitatud plaatsoojusvahetitele h\u00f5lmab meie tootevalik ka unikaalseid protsesside jaoks optimeeritud ja spetsiaalsete funktsioonidega mudeleid. See teeb meist oma ala absoluutse spetsialisti, kes pakub nii valmis- kui ka kohandatud lahendusi teie individuaalsetele rakendustele.<\/p>\n<p>Meie joodetud plaatsoojusvahetid pakuvad kohandatud lahendusi paljudeks rakendusteks. T\u00e4nu meie joodetud plaatsoojusvahetite seeria automatiseeritud tootmisele ja kompaktsele disainile suudame teie jaoks v\u00e4ga l\u00fchikese aja jooksul kokku panna individuaalse soojusvaheti. Uusim tehnoloogia ja aastak\u00fcmnete pikkune edukate rakenduste kogemus tagavad k\u00f5rgeima kvaliteedi, kulut\u00f5hususe ja t\u00f6\u00f6kindluse.<\/p>\n<p>Kui p\u00f6\u00f6rate suurt t\u00e4helepanu paindlikule suurusele ja keerukale tehnoloogiale, on GBS plaatsoojusvahetid teie valik. Need k\u00f5vajoodisega joodetud universaalid sobivad ideaalselt igas suuruses rakendusteks \u2013 vastupidavad kuni 40 baarini -196\u00b0C kuni +200\u00b0C. See toob teie tegevusele kaasa kvaliteedi, majandusliku t\u00f5hususe ja suurep\u00e4rase soojusliku j\u00f5udluse.<\/p>\n<p>GBS-seeria soojusvahetid on k\u00f5igi Kelvioni joodetud plaatsoojusvahetite seas kindlad universaalsed seadmed. Uusim tehnoloogia ja aastak\u00fcmnete pikkune edukate rakenduste kogemus tagavad k\u00f5rgeima kvaliteedi, kulut\u00f5hususe ja t\u00f6\u00f6kindluse. Varustatud t\u00f5estatud tehniliste funktsioonidega, nagu Safety ChamberTM, Delta InjectionTM ja Full-Flow SystemTM, sobivad need ideaalselt igas suuruses rakendusteks max. 200 \u00b0C \/ 392 \u00b0F ja kuni 40 baari \/ 580 psi. Tootevalik pakub ka suurimat valikut ja paindlikkust suuruste, erinevate \u00fchenduste, voolukorralduse ja tarvikute osas. Seega on GBS-seeria soojusvahetid alati teie t\u00f6\u00f6tingimuste jaoks \u00f5ige lahendus.<\/p>\n<p>&nbsp;<\/p>\n<p><strong>Eelised:<\/strong><\/p>\n<ul>\n<li>\u00a0Suurim paindlikkus<\/li>\n<li>\u00a0Kompaktne disain<\/li>\n<li>\u00a0Optimaalne lainekujundus<\/li>\n<li>\u00a0Lai valik rakendusi<\/li>\n<li>\u00a0Tugev konstruktsioon<\/li>\n<li>\u00a0T\u00e4ppisvalmistatud soojusvaheti<\/li>\n<\/ul>\n<p>&nbsp;<\/p>\n<p>&nbsp;<\/p>\n<p>&nbsp;<\/p>\n<p><strong>Erinevate mudelite hinnakirja n\u00e4idis:<\/strong> (v\u00e4rviline X t\u00e4hendab, et sellel mudelil on isolatsioon)<\/p>\n<p>&nbsp;<\/p>\n<table width=\"1141\">\n<tbody>\n<tr>\n<td rowspan=\"3\" width=\"85\"><span style=\"color: #0000ff;\">KW<\/span><\/td>\n<td width=\"274\">90-33\/30-60 *C<\/td>\n<td rowspan=\"3\" width=\"65\"><span style=\"color: #339966;\">\u00a0PRICE<\/span><\/td>\n<td width=\"14\"><\/td>\n<td rowspan=\"3\" width=\"64\"><span style=\"color: #0000ff;\">KW<\/span><\/td>\n<td width=\"280\">70-20\/10-58 *C<\/td>\n<td rowspan=\"3\" width=\"53\"><span style=\"color: #339966;\">\u00a0PRICE<\/span><\/td>\n<td rowspan=\"3\" width=\"64\"><span style=\"color: #0000ff;\">KW<\/span><\/td>\n<td width=\"174\">90-33\/30-35 *C<\/td>\n<td rowspan=\"3\" width=\"68\"><span style=\"color: #339966;\">PRICE<\/span><\/td>\n<\/tr>\n<tr>\n<td>20 \/ 20 kPa<\/td>\n<td><\/td>\n<td>20 \/ 20 kPa<\/td>\n<td>20 \/ 20 kPa<\/td>\n<\/tr>\n<tr>\n<td><span style=\"color: #ff0000;\">Heating\/vent<\/span><\/td>\n<td><\/td>\n<td><span style=\"color: #ff0000;\">Dhw (1-step or 2-step)<\/span><\/td>\n<td><span style=\"color: #ff0000;\">Floorheating\u00a0<\/span><\/td>\n<\/tr>\n<tr>\n<td>50<\/td>\n<td width=\"274\">GBE 240H-30 (E3,E4) <span style=\"color: #ff0000;\">X<\/span><br \/>\nGBS 240H-30 (EH1,EH2)B<br \/>\nISOL PUR 240-8\/30<\/td>\n<td width=\"65\">250.98<br \/>\n315.12<br \/>\n73,82<\/td>\n<td><\/td>\n<td>100<\/td>\n<td width=\"280\">GBS 525M-DS-15\/15 (XF1,XF2,XF3,XF4)<br \/>\nISOL PUR 525-30\/40 500-34\/44 550-44\/60<\/td>\n<td width=\"53\">563,34<br \/>\n94,89<\/td>\n<td>20<\/td>\n<td width=\"174\">GBS 100M-30R (CG1,CG2) B<br \/>\nISOL PUR 100-24\/40<\/td>\n<td width=\"68\">185,76<br \/>\n57,99<\/td>\n<\/tr>\n<tr>\n<td>100<\/td>\n<td width=\"274\">GBE 240H-40 (E3,E4) <span style=\"color: #ff0000;\">X<\/span><br \/>\nGBS 240H-40 (EH1,EH2) B<br \/>\nISOL PUR 240-34\/50<\/td>\n<td width=\"65\">281.23<br \/>\n381.03<br \/>\n89,60<\/td>\n<td><\/td>\n<td>150<\/td>\n<td width=\"280\">GBS 525M-DS-25\/25 (XF1,XF2,XF3,XF4)<br \/>\nISOL PUR 525-44\/60 500-50\/70 550-70\/80<\/td>\n<td width=\"53\">767,19<br \/>\n102,80<\/td>\n<td>40<\/td>\n<td>GBE 400H-60 (F3,F4) <span style=\"color: #ff0000;\">X<\/span><\/td>\n<td>397,21<\/td>\n<\/tr>\n<tr>\n<td>150<\/td>\n<td width=\"274\">GBE 500H-40 (F3,F4) <span style=\"color: #ff0000;\">X<\/span><br \/>\nGBS 500H-40 (FGL1,FGL2) B<br \/>\nISOL PUR 525-30\/40 500-34\/44 550-44\/60<\/td>\n<td width=\"65\">401.58<br \/>\n482.51<br \/>\n94,89<\/td>\n<td><\/td>\n<td>200<\/td>\n<td width=\"280\">GBS 525L-DS-31\/31 (XF1,XF2,XF3,XF4)<br \/>\nISOL PUR 525-70\/90 500-80\/100 550-90\/140<\/td>\n<td width=\"53\">889,5<br \/>\n108,07<\/td>\n<td>60<\/td>\n<td>GBE 400H-90 (F3,F4) <span style=\"color: #ff0000;\">X<\/span><\/td>\n<td>531,72<\/td>\n<\/tr>\n<tr>\n<td>200<\/td>\n<td width=\"274\">GBE 500H-60 (F3,F4) <span style=\"color: #ff0000;\">X<\/span><br \/>\nGBS 500H-60 (FGL1,FGL2) B<br \/>\nISOL PUR 525-44\/60 500-50\/70 550-70\/80<\/td>\n<td width=\"65\">524.58<br \/>\n645.22<br \/>\n102,80<\/td>\n<td><\/td>\n<td>250<\/td>\n<td width=\"280\">GBS 525L-DS-41\/41 (XF1,XF2,XF3,XF4)<br \/>\nISOL PUR 525-70\/90 500-80\/100 550-90\/140<\/td>\n<td width=\"53\">1093,35<br \/>\n108,07<\/td>\n<td>80<\/td>\n<td>GBS 757L-30 (XG1,XG2) <span style=\"color: #ff0000;\">X<\/span><\/td>\n<td>1056,73<\/td>\n<\/tr>\n<tr>\n<td>250<\/td>\n<td width=\"274\">GBE 500H-70 (F3,F4) X<br \/>\nGBS 500H-70 (FGL1,FGL2) B<br \/>\nISOL PUR 525-44\/60 500-50\/70 550-70\/80<\/td>\n<td width=\"65\">568.08<br \/>\n726.57<br \/>\n102,80<\/td>\n<td><\/td>\n<td>300<\/td>\n<td width=\"280\">GBS 525L-DS-45\/45 (XF1,XF2,XF3,XF4)<br \/>\nISOL PUR 525-70\/90 500-80\/100 550-90\/140<\/td>\n<td width=\"53\">1174,89<br \/>\n108,07<\/td>\n<td>100<\/td>\n<td>GBS 757L-40 (XG1,XG2)<span style=\"color: #ff0000;\"> X<\/span><\/td>\n<td>1240,70<\/td>\n<\/tr>\n<tr>\n<td>300<\/td>\n<td width=\"274\">GBE 500H-90 (F3,F4) <span style=\"color: #ff0000;\">X<\/span><br \/>\nGBS 500H-90 (FGL1,FGL2) B<br \/>\nISOL PUR 525-70\/90 500-80\/100 550-90\/140<\/td>\n<td width=\"65\">709.09<br \/>\n889.28<br \/>\n108,07<\/td>\n<td><\/td>\n<td>350<\/td>\n<td width=\"280\">GBS 700L-DS-29\/29 (GLZ1,GLZ2,GLZ3,GLZ4) B<br \/>\nISOL PUR 757-44\/50 700-44\/60<\/td>\n<td width=\"53\">1531,07<br \/>\n142,33<\/td>\n<td><\/td>\n<td><\/td>\n<td><\/td>\n<\/tr>\n<tr>\n<td>350<\/td>\n<td width=\"274\">GBE 500H-100 (F3,F4) <span style=\"color: #ff0000;\">X<\/span><br \/>\nGBS 500H-100 (FGL1,FGL2) B<br \/>\nISOL PUR 525-70\/90 500-80\/100 550-90\/140<\/td>\n<td width=\"65\">770.59<br \/>\n970.64<br \/>\n108,07<\/td>\n<td><\/td>\n<td>400<\/td>\n<td width=\"280\">GBS 700L-DS-37\/37 (GLZ1,GLZ2,GLZ3,GLZ4) B<br \/>\nISOL PUR 757-60\/90 700-70\/100<\/td>\n<td width=\"53\">1806,45<br \/>\n163,42<\/td>\n<td><\/td>\n<td><\/td>\n<td><\/td>\n<\/tr>\n<tr>\n<td>400<\/td>\n<td width=\"274\">GBS 700M-50 (GLZ1,GLZ2) B<br \/>\nISOL PUR 757-44\/50 700-44\/60<br \/>\nGBS 757H-50 (XG1,XG2) <span style=\"color: #ff0000;\">X<\/span><\/td>\n<td width=\"65\">1247.74<br \/>\n142,33<br \/>\n1424.66<\/td>\n<td><\/td>\n<td>500<\/td>\n<td width=\"280\">GBS 700L-DS-45\/45 (GLZ1,GLZ2,GLZ3,GLZ4) B<br \/>\nISOL PUR 757-60\/90 700-70\/100<\/td>\n<td width=\"53\">2081,82<br \/>\n163,42<\/td>\n<td><\/td>\n<td><\/td>\n<td><\/td>\n<\/tr>\n<tr>\n<td>450<\/td>\n<td width=\"274\">GBS 700M-50 (GLZ1,GLZ2) B<br \/>\nISOL PUR 757-44\/50 700-44\/60<br \/>\nGBS 757H-60 (XG1,XG2)<span style=\"color: #ff0000;\"> X<\/span><\/td>\n<td width=\"65\">1247.74<br \/>\n142,33<br \/>\n1608.63<\/td>\n<td><\/td>\n<td>600<\/td>\n<td width=\"280\">GBS 700L-DS-51\/51 (GLZ1,GLZ2,GLZ3,GLZ4) B<br \/>\nISOL PUR 757-60\/90 700-70\/100<\/td>\n<td width=\"53\">2288,34<br \/>\n163,42<\/td>\n<td><\/td>\n<td><\/td>\n<td><\/td>\n<\/tr>\n<tr>\n<td>500<\/td>\n<td width=\"274\">GBS 700M-60 (GLZ1,GLZ2) B<br \/>\nISOL PUR 757-44\/50 700-44\/60<br \/>\nGBS 757H-60 (XG1,XG2) <span style=\"color: #ff0000;\">X<\/span><\/td>\n<td width=\"65\">1419.85<br \/>\n142,33<br \/>\n1608.63<\/td>\n<td><\/td>\n<td><\/td>\n<td><\/td>\n<td><\/td>\n<td><\/td>\n<td><\/td>\n<td><\/td>\n<\/tr>\n<tr>\n<td>600<\/td>\n<td width=\"274\">GBS 700M-70 (GLZ1,GLZ2) B<br \/>\nISOL PUR 757-60\/90 700-70\/100<br \/>\nGBS 757H-70 (XG1,XG2) <span style=\"color: #ff0000;\">X<\/span><\/td>\n<td width=\"65\">1591.95<br \/>\n163,42<br \/>\n1792.59<\/td>\n<td><\/td>\n<td><\/td>\n<td><\/td>\n<td><\/td>\n<td><\/td>\n<td><\/td>\n<td><\/td>\n<\/tr>\n<tr>\n<td>700<\/td>\n<td width=\"274\">GBS 700M-90 (GLZ1,GLZ2) B<br \/>\nISOL PUR 757-60\/90 700-70\/100<br \/>\nGBS 757H-90 (XG1,XG2) <span style=\"color: #ff0000;\">X<\/span><\/td>\n<td width=\"65\">1936.17<br \/>\n163,42<br \/>\n2160.52<\/td>\n<td><\/td>\n<td><\/td>\n<td><\/td>\n<td><\/td>\n<td><\/td>\n<td><\/td>\n<td><\/td>\n<\/tr>\n<tr>\n<td>800<\/td>\n<td width=\"274\">GBS 700M-100 (GLZ1,GLZ2) B<br \/>\nISOL PUR 757-60\/90 700-70\/100<br \/>\nGBS 757H-100 (XG1,XG2) <span style=\"color: #ff0000;\">X<\/span><\/td>\n<td width=\"65\">2108.27<br \/>\n163,42<br \/>\n2344.49<\/td>\n<td><\/td>\n<td><\/td>\n<td><\/td>\n<td><\/td>\n<td><\/td>\n<td><\/td>\n<td><\/td>\n<\/tr>\n<\/tbody>\n<\/table>\n<p>&nbsp;<\/p>\n<p>&nbsp;<\/p>\n<p><strong>Teie optimaalse soojusvaheti valimiseks vajame j\u00e4rgmist teavet:<\/strong><\/p>\n<p>\u22b2 N\u00f5utav temperatuurivahemik<br \/>\n\u22b2 Vooluhulgad v\u00f5i vajalik soojuskoormus<br \/>\n\u22b2 Maksimaalne lubatud r\u00f5hulang<br \/>\n\u22b2 N\u00f5utavad t\u00f6\u00f6tingimused<\/p>\n<p>&nbsp;<\/p>\n","protected":false},"excerpt":{"rendered":"<p>Joodetud universaalne seade, mida saab kasutada kuni 31 baari ja +200\u00b0C t\u00f6\u00f6del.<\/p>\n<p><strong>Rakendused:<\/strong><br \/>\n\u22b2 K\u00fctte-\/teenindusvees\u00fcsteemid<br \/>\n\u22b2 P\u00f5randak\u00fcte<br \/>\n\u22b2 Jahutid ja kondensaatorid<br \/>\n\u22b2 \u00f6konomist<br \/>\n\u22b2 K\u00fclmutusagensi aurusti<br \/>\n\u22b2 \u00d5lijahutid ja paljud muud t\u00f6\u00f6stuslikud rakendused<\/p>\n","protected":false},"featured_media":5599,"comment_status":"open","ping_status":"closed","template":"","meta":{"_acf_changed":false},"factory":[],"free-shipment":[],"product_brand":[],"product_cat":[1227,759],"product_tag":[],"class_list":{"0":"post-12438","1":"product","2":"type-product","3":"status-publish","4":"has-post-thumbnail","6":"product_cat-kute-vesi-ja-ventilatsioon","7":"product_cat-soojusvahetid","9":"first","10":"instock","11":"sale","12":"taxable","13":"shipping-taxable","14":"purchasable","15":"product-type-simple"},"acf":[],"_links":{"self":[{"href":"https:\/\/factory.sale\/et\/wp-json\/wp\/v2\/product\/12438","targetHints":{"allow":["GET"]}}],"collection":[{"href":"https:\/\/factory.sale\/et\/wp-json\/wp\/v2\/product"}],"about":[{"href":"https:\/\/factory.sale\/et\/wp-json\/wp\/v2\/types\/product"}],"replies":[{"embeddable":true,"href":"https:\/\/factory.sale\/et\/wp-json\/wp\/v2\/comments?post=12438"}],"wp:featuredmedia":[{"embeddable":true,"href":"https:\/\/factory.sale\/et\/wp-json\/wp\/v2\/media\/5599"}],"wp:attachment":[{"href":"https:\/\/factory.sale\/et\/wp-json\/wp\/v2\/media?parent=12438"}],"wp:term":[{"taxonomy":"factory","embeddable":true,"href":"https:\/\/factory.sale\/et\/wp-json\/wp\/v2\/factory?post=12438"},{"taxonomy":"free-shipment","embeddable":true,"href":"https:\/\/factory.sale\/et\/wp-json\/wp\/v2\/free-shipment?post=12438"},{"taxonomy":"product_brand","embeddable":true,"href":"https:\/\/factory.sale\/et\/wp-json\/wp\/v2\/product_brand?post=12438"},{"taxonomy":"product_cat","embeddable":true,"href":"https:\/\/factory.sale\/et\/wp-json\/wp\/v2\/product_cat?post=12438"},{"taxonomy":"product_tag","embeddable":true,"href":"https:\/\/factory.sale\/et\/wp-json\/wp\/v2\/product_tag?post=12438"}],"curies":[{"name":"wp","href":"https:\/\/api.w.org\/{rel}","templated":true}]}}