{"id":12417,"date":"2022-08-29T07:25:09","date_gmt":"2022-08-29T07:24:35","guid":{"rendered":"https:\/\/factory.sale\/?post_type=product&#038;p=12417"},"modified":"2024-06-26T21:39:50","modified_gmt":"2024-06-26T21:39:50","slug":"koeraaidik","status":"publish","type":"product","link":"https:\/\/factory.sale\/et\/toode\/koeraaidik\/","title":{"rendered":"Koeraaedik"},"content":{"rendered":"<p>Koeraaedik on kuumtsingitud metallist ning seega vastupidav.<\/p>\n<p>Koeraaediku k\u00f5rgus peab olema v\u00e4hemalt v\u00f5rdne selles peetava koera kahekordse pikkusega rinnakust kuni sabajuureni. Kui samas puuris peetakse mitut koera, m\u00e4\u00e4ratakse puuri k\u00f5rgus suurima koera j\u00e4rgi.<\/p>\n<p>Rajades koeraaedikut m\u00f5tle ka sellele, kas koer veedab seal aega vaid v\u00e4hese osa p\u00e4evast v\u00f5i pidevalt. Pidevalt aedikus viibivale koerale peab ka kuut ning s\u00f6\u00f6mise koht aeda mahtuma. Seet\u00f5ttu soovitame rajada enne pisut suurem, kui v\u00e4ike aiake.<\/p>\n<p>&nbsp;<\/p>\n<p><strong>Lisainformatsioon:<\/strong><\/p>\n<ul>\n<li>terastorud: 32 \u00d7 1.0 mm<\/li>\n<li>terasv\u00f5rgu silmam\u00f5\u00f5t: 55 x 55 mm<\/li>\n<li>tsingitud traadi l\u00e4bim\u00f5\u00f5t: 2,5 mm<\/li>\n<\/ul>\n<p>&nbsp;<\/p>\n<p>&nbsp;<\/p>\n<p><strong>M\u00f5\u00f5dud ja hinnad:<\/strong><\/p>\n<ul>\n<li>180 x 180 x 120 cm\u00a0&#8211;\u00a0278,6 \u20ac (ei sisalda k\u00e4ibemaksu)<\/li>\n<li>240 x 240 x 180 cm\u00a0-390,6\u00a0\u20ac (ei sisalda k\u00e4ibemaksu)<\/li>\n<li>305 x 305 x 180 cm\u00a0 &#8211;\u00a0428,4 \u20ac (ei sisalda k\u00e4ibemaksu)<\/li>\n<li>400 x 400 x 180 cm &#8211;\u00a0\u00a0539 \u20ac (ei sisalda k\u00e4ibemaksu)<\/li>\n<li>400 x 600 x 180 cm\u00a0 &#8211;\u00a0684,6 \u20ac (ei sisalda k\u00e4ibemaksu)<\/li>\n<\/ul>\n<p>&nbsp;<\/p>\n<p>&nbsp;<\/p>\n<p>NB! Koeraaedikud vajavad ise kokkupanemist, tarnitakse pakkidena.<\/p>\n","protected":false},"excerpt":{"rendered":"<p>Koeraaedik on kuumtsingitud metallist ning seega vastupidav.<\/p>\n","protected":false},"featured_media":12409,"comment_status":"open","ping_status":"closed","template":"","meta":{"_acf_changed":false},"factory":[],"free-shipment":[],"product_brand":[],"product_cat":[924],"product_tag":[],"class_list":{"0":"post-12417","1":"product","2":"type-product","3":"status-publish","4":"has-post-thumbnail","6":"product_cat-aiatooted","8":"first","9":"instock","10":"sale","11":"taxable","12":"shipping-taxable","13":"purchasable","14":"product-type-simple"},"acf":[],"_links":{"self":[{"href":"https:\/\/factory.sale\/et\/wp-json\/wp\/v2\/product\/12417","targetHints":{"allow":["GET"]}}],"collection":[{"href":"https:\/\/factory.sale\/et\/wp-json\/wp\/v2\/product"}],"about":[{"href":"https:\/\/factory.sale\/et\/wp-json\/wp\/v2\/types\/product"}],"replies":[{"embeddable":true,"href":"https:\/\/factory.sale\/et\/wp-json\/wp\/v2\/comments?post=12417"}],"wp:featuredmedia":[{"embeddable":true,"href":"https:\/\/factory.sale\/et\/wp-json\/wp\/v2\/media\/12409"}],"wp:attachment":[{"href":"https:\/\/factory.sale\/et\/wp-json\/wp\/v2\/media?parent=12417"}],"wp:term":[{"taxonomy":"factory","embeddable":true,"href":"https:\/\/factory.sale\/et\/wp-json\/wp\/v2\/factory?post=12417"},{"taxonomy":"free-shipment","embeddable":true,"href":"https:\/\/factory.sale\/et\/wp-json\/wp\/v2\/free-shipment?post=12417"},{"taxonomy":"product_brand","embeddable":true,"href":"https:\/\/factory.sale\/et\/wp-json\/wp\/v2\/product_brand?post=12417"},{"taxonomy":"product_cat","embeddable":true,"href":"https:\/\/factory.sale\/et\/wp-json\/wp\/v2\/product_cat?post=12417"},{"taxonomy":"product_tag","embeddable":true,"href":"https:\/\/factory.sale\/et\/wp-json\/wp\/v2\/product_tag?post=12417"}],"curies":[{"name":"wp","href":"https:\/\/api.w.org\/{rel}","templated":true}]}}