{"id":1241,"date":"2019-11-09T12:57:41","date_gmt":"2019-11-09T12:57:41","guid":{"rendered":"https:\/\/factory.sale\/product\/vapor-permeable-outer-tape-with-butyl-adhesive\/"},"modified":"2024-06-25T22:21:45","modified_gmt":"2024-06-25T22:21:45","slug":"vapor-permeable-outer-tape-with-butyl-adhesive","status":"publish","type":"product","link":"https:\/\/factory.sale\/et\/toode\/vapor-permeable-outer-tape-with-butyl-adhesive\/","title":{"rendered":"VAPOR-PERMEABLE (OUTER) TAPE WITH BUTYL ADHESIVE"},"content":{"rendered":"<p>V\u00e4limine Aknateip VP (auru l\u00e4bilaskev) \/ Auru l\u00e4bilaskev lint (v\u00e4line) but\u00fc\u00fclliimiga.<\/p>\n<p><strong>T\u00fc\u00fcp &#8211;\u00a0<\/strong> auru l\u00e4bilaskev foolium.<br \/>\n<strong>V\u00e4rv &#8211;\u00a0<\/strong>\u00a0must (hall) \/ valge<\/p>\n<p>Lindi tehnilised parameetrid vastavalt lisatud tehnilisele kaardile.<\/p>\n<p><b>M\u00f5\u00f5tmed<\/b><\/p>\n<p><strong>Laius:<\/strong>\u00a075, 100 mm;\u00a0(\u00b1 2mm)<br \/>\n<strong>Pikkus:<\/strong>\u00a025m (\u00b1 0.1m)<br \/>\n<i><br \/>\nMuud m\u00f5\u00f5tmed soovi korral<br \/>\n<\/i><\/p>\n","protected":false},"excerpt":{"rendered":"<p>V\u00e4limine Aknateip VP (auru l\u00e4bilaskev) \/ Auru l\u00e4bilaskev lint (v\u00e4line) but\u00fc\u00fclliimiga.<\/p>\n","protected":false},"featured_media":1243,"comment_status":"open","ping_status":"closed","template":"","meta":{"_acf_changed":false},"factory":[],"free-shipment":[],"product_brand":[],"product_cat":[163,173],"product_tag":[],"class_list":{"0":"post-1241","1":"product","2":"type-product","3":"status-publish","4":"has-post-thumbnail","6":"product_cat-ehituskeemia","7":"product_cat-aknateibid","9":"first","10":"instock","11":"sale","12":"taxable","13":"shipping-taxable","14":"purchasable","15":"product-type-simple"},"acf":[],"_links":{"self":[{"href":"https:\/\/factory.sale\/et\/wp-json\/wp\/v2\/product\/1241","targetHints":{"allow":["GET"]}}],"collection":[{"href":"https:\/\/factory.sale\/et\/wp-json\/wp\/v2\/product"}],"about":[{"href":"https:\/\/factory.sale\/et\/wp-json\/wp\/v2\/types\/product"}],"replies":[{"embeddable":true,"href":"https:\/\/factory.sale\/et\/wp-json\/wp\/v2\/comments?post=1241"}],"wp:featuredmedia":[{"embeddable":true,"href":"https:\/\/factory.sale\/et\/wp-json\/wp\/v2\/media\/1243"}],"wp:attachment":[{"href":"https:\/\/factory.sale\/et\/wp-json\/wp\/v2\/media?parent=1241"}],"wp:term":[{"taxonomy":"factory","embeddable":true,"href":"https:\/\/factory.sale\/et\/wp-json\/wp\/v2\/factory?post=1241"},{"taxonomy":"free-shipment","embeddable":true,"href":"https:\/\/factory.sale\/et\/wp-json\/wp\/v2\/free-shipment?post=1241"},{"taxonomy":"product_brand","embeddable":true,"href":"https:\/\/factory.sale\/et\/wp-json\/wp\/v2\/product_brand?post=1241"},{"taxonomy":"product_cat","embeddable":true,"href":"https:\/\/factory.sale\/et\/wp-json\/wp\/v2\/product_cat?post=1241"},{"taxonomy":"product_tag","embeddable":true,"href":"https:\/\/factory.sale\/et\/wp-json\/wp\/v2\/product_tag?post=1241"}],"curies":[{"name":"wp","href":"https:\/\/api.w.org\/{rel}","templated":true}]}}