{"id":12401,"date":"2022-08-29T07:28:01","date_gmt":"2022-08-29T07:28:11","guid":{"rendered":"https:\/\/factory.sale\/?post_type=product&#038;p=12401"},"modified":"2024-06-27T16:00:19","modified_gmt":"2024-06-27T16:00:19","slug":"koeraaedik-katuse-ja-seintega","status":"publish","type":"product","link":"https:\/\/factory.sale\/et\/toode\/koeraaedik-katuse-ja-seintega\/","title":{"rendered":"Koeraaedik katuse ja seintega"},"content":{"rendered":"<p>Avar koeraaedik kahe ukse ja vaheseinaga v\u00f5imaldab kasutada puuri kahele koerale.<\/p>\n<p>Kolm k\u00fclge tsingitud plekist, \u00fcks k\u00fclg v\u00f5redega.<\/p>\n<p>&nbsp;<\/p>\n<p>&nbsp;<\/p>\n<p><strong>Lisainformatsioon:<\/strong><\/p>\n<ul>\n<li>V\u00f5reseina torude vahe on 90 mm<\/li>\n<li>V\u00e4lism\u00f5\u00f5t: 322 x 220 x 186 cm<\/li>\n<li>Sisem\u00f5\u00f5t: 310 x 180 x 186 cm<\/li>\n<li>Ukse m\u00f5\u00f5t: 79 x 159 cm<\/li>\n<li>Seina k\u00f5rgus: 160 cm<\/li>\n<li>V\u00e4rvus: tumehall RAL7016<\/li>\n<\/ul>\n","protected":false},"excerpt":{"rendered":"<p>Avar koeraaedik kahe ukse ja vaheseinaga v\u00f5imaldab kasutada puuri kahele koerale.<\/p>\n","protected":false},"featured_media":12404,"comment_status":"open","ping_status":"closed","template":"","meta":{"_acf_changed":false},"factory":[],"free-shipment":[],"product_brand":[],"product_cat":[924],"product_tag":[],"class_list":{"0":"post-12401","1":"product","2":"type-product","3":"status-publish","4":"has-post-thumbnail","6":"product_cat-aiatooted","8":"first","9":"instock","10":"sale","11":"taxable","12":"shipping-taxable","13":"purchasable","14":"product-type-simple"},"acf":[],"_links":{"self":[{"href":"https:\/\/factory.sale\/et\/wp-json\/wp\/v2\/product\/12401","targetHints":{"allow":["GET"]}}],"collection":[{"href":"https:\/\/factory.sale\/et\/wp-json\/wp\/v2\/product"}],"about":[{"href":"https:\/\/factory.sale\/et\/wp-json\/wp\/v2\/types\/product"}],"replies":[{"embeddable":true,"href":"https:\/\/factory.sale\/et\/wp-json\/wp\/v2\/comments?post=12401"}],"wp:featuredmedia":[{"embeddable":true,"href":"https:\/\/factory.sale\/et\/wp-json\/wp\/v2\/media\/12404"}],"wp:attachment":[{"href":"https:\/\/factory.sale\/et\/wp-json\/wp\/v2\/media?parent=12401"}],"wp:term":[{"taxonomy":"factory","embeddable":true,"href":"https:\/\/factory.sale\/et\/wp-json\/wp\/v2\/factory?post=12401"},{"taxonomy":"free-shipment","embeddable":true,"href":"https:\/\/factory.sale\/et\/wp-json\/wp\/v2\/free-shipment?post=12401"},{"taxonomy":"product_brand","embeddable":true,"href":"https:\/\/factory.sale\/et\/wp-json\/wp\/v2\/product_brand?post=12401"},{"taxonomy":"product_cat","embeddable":true,"href":"https:\/\/factory.sale\/et\/wp-json\/wp\/v2\/product_cat?post=12401"},{"taxonomy":"product_tag","embeddable":true,"href":"https:\/\/factory.sale\/et\/wp-json\/wp\/v2\/product_tag?post=12401"}],"curies":[{"name":"wp","href":"https:\/\/api.w.org\/{rel}","templated":true}]}}