{"id":12397,"date":"2022-09-01T19:34:43","date_gmt":"2022-09-01T19:35:30","guid":{"rendered":"https:\/\/factory.sale\/?post_type=product&#038;p=12397"},"modified":"2024-06-27T22:09:04","modified_gmt":"2024-06-27T22:09:04","slug":"koerapuur-alumiiniumist-xl","status":"publish","type":"product","link":"https:\/\/factory.sale\/et\/toode\/koerapuur-alumiiniumist-xl\/","title":{"rendered":"Koerapuur alumiiniumist XL"},"content":{"rendered":"<p>Kaitse oma lemmiklooma k\u00f5ikidel autos\u00f5itudel!<br \/>\nKoerapuur alumiiniumist on vastupidav ja kerge ning t\u00e4nu v\u00f5rele\u00a0tagab hapniku ringluse.<\/p>\n<p>&nbsp;<\/p>\n<p>&nbsp;<\/p>\n<p><strong>Lisainformatsioon:<\/strong><\/p>\n<ul>\n<li>M\u00f5\u00f5tmed: 97 x 91 x 69,5 cm (P x L x K)<\/li>\n<li>Materjal: alumiinium + MDF<\/li>\n<li>Kaal: 22kg<\/li>\n<li>Kalded: 75\u00b0\/75\u00b0<\/li>\n<\/ul>\n","protected":false},"excerpt":{"rendered":"<p>Kaitse oma lemmiklooma k\u00f5ikidel autos\u00f5itudel! Koerapuur alumiiniumist on vastupidav ja kerge ning t\u00e4nu v\u00f5rele\u00a0tagab hapniku ringluse. &nbsp; &nbsp; Lisainformatsioon: M\u00f5\u00f5tmed: 97 x 91 x 69,5 cm (P x L x K) Materjal: alumiinium + MDF Kaal: 22kg Kalded: 75\u00b0\/75\u00b0<\/p>\n","protected":false},"featured_media":12389,"comment_status":"open","ping_status":"closed","template":"","meta":{"_acf_changed":false},"factory":[],"free-shipment":[],"product_brand":[],"product_cat":[924],"product_tag":[],"class_list":{"0":"post-12397","1":"product","2":"type-product","3":"status-publish","4":"has-post-thumbnail","6":"product_cat-aiatooted","8":"first","9":"instock","10":"sale","11":"taxable","12":"shipping-taxable","13":"purchasable","14":"product-type-simple"},"acf":[],"_links":{"self":[{"href":"https:\/\/factory.sale\/et\/wp-json\/wp\/v2\/product\/12397","targetHints":{"allow":["GET"]}}],"collection":[{"href":"https:\/\/factory.sale\/et\/wp-json\/wp\/v2\/product"}],"about":[{"href":"https:\/\/factory.sale\/et\/wp-json\/wp\/v2\/types\/product"}],"replies":[{"embeddable":true,"href":"https:\/\/factory.sale\/et\/wp-json\/wp\/v2\/comments?post=12397"}],"wp:featuredmedia":[{"embeddable":true,"href":"https:\/\/factory.sale\/et\/wp-json\/wp\/v2\/media\/12389"}],"wp:attachment":[{"href":"https:\/\/factory.sale\/et\/wp-json\/wp\/v2\/media?parent=12397"}],"wp:term":[{"taxonomy":"factory","embeddable":true,"href":"https:\/\/factory.sale\/et\/wp-json\/wp\/v2\/factory?post=12397"},{"taxonomy":"free-shipment","embeddable":true,"href":"https:\/\/factory.sale\/et\/wp-json\/wp\/v2\/free-shipment?post=12397"},{"taxonomy":"product_brand","embeddable":true,"href":"https:\/\/factory.sale\/et\/wp-json\/wp\/v2\/product_brand?post=12397"},{"taxonomy":"product_cat","embeddable":true,"href":"https:\/\/factory.sale\/et\/wp-json\/wp\/v2\/product_cat?post=12397"},{"taxonomy":"product_tag","embeddable":true,"href":"https:\/\/factory.sale\/et\/wp-json\/wp\/v2\/product_tag?post=12397"}],"curies":[{"name":"wp","href":"https:\/\/api.w.org\/{rel}","templated":true}]}}