{"id":1238,"date":"2019-11-09T13:01:23","date_gmt":"2019-11-09T13:01:23","guid":{"rendered":"https:\/\/factory.sale\/product\/chemical-anchor-300ml-two-component-anchoring-resin-2\/"},"modified":"2025-03-23T01:36:14","modified_gmt":"2025-03-22T22:36:14","slug":"chemical-anchor-300ml-two-component-anchoring-resin-2","status":"publish","type":"product","link":"https:\/\/factory.sale\/et\/toode\/chemical-anchor-300ml-two-component-anchoring-resin-2\/","title":{"rendered":"CHEMICAL ANCHOR 300ML &#8211; TWO-COMPONENT ANCHORING RESIN"},"content":{"rendered":"<p>Kahekomponentne pol\u00fcestervaik (ilma st\u00fcreenita) k\u00f5ige vastutustundlikumate elementide kinnitamiseks. Aluspinna suure haardumise ja tohutu k\u00f5vaduse t\u00f5ttu loob keemiline ankur k\u00f5rgeimate tugevusparameetritega liimikujulise \u00fchenduse. Keemiline ankurdamine on kindlaim kinnitus nii tahkesse kui ka t\u00fchja ruumi.<\/p>\n<p><b>Omadused<\/b><\/p>\n<ul>\n<li>parim vaik t\u00fchjade kohtade jaoks<\/li>\n<li>saab kasutada kinnitamiseks erinevates alustes, nii t\u00e4is kui ka t\u00fchjas<\/li>\n<li>suurema kandev\u00f5ime saavutamiseks saab elemente ankurdada erinevatel s\u00fcgavustel<\/li>\n<li>saate kinnitada erinevat t\u00fc\u00fcpi elemente, keermestatud vardaid, soonikkoesid, kruvisid, konkse ja palju muud<\/li>\n<li>mittes\u00fcttiv toode<\/li>\n<li>j\u00e4lg, vaevum\u00e4rgatav l\u00f5hn, k\u00f5rge keemiline vastupidavus<\/li>\n<\/ul>\n","protected":false},"excerpt":{"rendered":"<p>Kahekomponentne pol\u00fcestervaik (ilma st\u00fcreenita) k\u00f5ige vastutustundlikumate elementide kinnitamiseks. Aluspinna suure haardumise ja k\u00f5vaduse t\u00f5ttu loob keemiline ankur k\u00f5rgeimate tugevusparameetritega liimikujulise \u00fchenduse. Keemiline ankurdamine on kindlaim kinnitus nii tahkesse kui ka t\u00fchja ruumi.<\/p>\n","protected":false},"featured_media":2838,"comment_status":"open","ping_status":"closed","template":"","meta":{"_acf_changed":false},"factory":[],"free-shipment":[],"product_brand":[],"product_cat":[165,163],"product_tag":[130],"class_list":{"0":"post-1238","1":"product","2":"type-product","3":"status-publish","4":"has-post-thumbnail","6":"product_cat-ankrud","7":"product_cat-ehituskeemia","8":"product_tag-anchor-et-2","10":"first","11":"instock","12":"sale","13":"taxable","14":"shipping-taxable","15":"purchasable","16":"product-type-simple"},"acf":[],"_links":{"self":[{"href":"https:\/\/factory.sale\/et\/wp-json\/wp\/v2\/product\/1238","targetHints":{"allow":["GET"]}}],"collection":[{"href":"https:\/\/factory.sale\/et\/wp-json\/wp\/v2\/product"}],"about":[{"href":"https:\/\/factory.sale\/et\/wp-json\/wp\/v2\/types\/product"}],"replies":[{"embeddable":true,"href":"https:\/\/factory.sale\/et\/wp-json\/wp\/v2\/comments?post=1238"}],"wp:featuredmedia":[{"embeddable":true,"href":"https:\/\/factory.sale\/et\/wp-json\/wp\/v2\/media\/2838"}],"wp:attachment":[{"href":"https:\/\/factory.sale\/et\/wp-json\/wp\/v2\/media?parent=1238"}],"wp:term":[{"taxonomy":"factory","embeddable":true,"href":"https:\/\/factory.sale\/et\/wp-json\/wp\/v2\/factory?post=1238"},{"taxonomy":"free-shipment","embeddable":true,"href":"https:\/\/factory.sale\/et\/wp-json\/wp\/v2\/free-shipment?post=1238"},{"taxonomy":"product_brand","embeddable":true,"href":"https:\/\/factory.sale\/et\/wp-json\/wp\/v2\/product_brand?post=1238"},{"taxonomy":"product_cat","embeddable":true,"href":"https:\/\/factory.sale\/et\/wp-json\/wp\/v2\/product_cat?post=1238"},{"taxonomy":"product_tag","embeddable":true,"href":"https:\/\/factory.sale\/et\/wp-json\/wp\/v2\/product_tag?post=1238"}],"curies":[{"name":"wp","href":"https:\/\/api.w.org\/{rel}","templated":true}]}}