{"id":12356,"date":"2022-08-28T20:58:50","date_gmt":"2022-08-28T21:00:53","guid":{"rendered":"https:\/\/factory.sale\/?post_type=product&#038;p=12356"},"modified":"2024-06-27T18:54:45","modified_gmt":"2024-06-27T18:54:45","slug":"koerakuut-esik-tuba-aken","status":"publish","type":"product","link":"https:\/\/factory.sale\/et\/toode\/koerakuut-esik-tuba-aken\/","title":{"rendered":"Koerakuut esik + tuba + aken"},"content":{"rendered":"<p>Koerakuut on valmistatud kvaliteetsest saematerjalist.<\/p>\n<p>2-toaline aknaga koerakuut. Katus kerge kallakuga.<\/p>\n<p>&nbsp;<\/p>\n<p><strong>Lisainformatsioon:<\/strong><\/p>\n<ul>\n<li>M\u00f5\u00f5dud: m\u00f5\u00f5t eest ilma katuseta 142 x 90 x 80 cm, m\u00f5\u00f5t tagant ilma katuseta 142 x 90 x 70 cm<\/li>\n<li>ukseava: 30 x 40 cm<\/li>\n<li>aken: 30 x 29 cm<\/li>\n<li>Katuse m\u00f5\u00f5t: 160 x 116 x 3 cm<\/li>\n<\/ul>\n","protected":false},"excerpt":{"rendered":"<p>2-toaline aknaga koerakuut.<\/p>\n","protected":false},"featured_media":12348,"comment_status":"open","ping_status":"closed","template":"","meta":{"_acf_changed":false},"factory":[],"free-shipment":[],"product_brand":[],"product_cat":[924],"product_tag":[1483],"class_list":{"0":"post-12356","1":"product","2":"type-product","3":"status-publish","4":"has-post-thumbnail","6":"product_cat-aiatooted","7":"product_tag-garden-et","9":"first","10":"instock","11":"sale","12":"taxable","13":"shipping-taxable","14":"purchasable","15":"product-type-simple"},"acf":[],"_links":{"self":[{"href":"https:\/\/factory.sale\/et\/wp-json\/wp\/v2\/product\/12356","targetHints":{"allow":["GET"]}}],"collection":[{"href":"https:\/\/factory.sale\/et\/wp-json\/wp\/v2\/product"}],"about":[{"href":"https:\/\/factory.sale\/et\/wp-json\/wp\/v2\/types\/product"}],"replies":[{"embeddable":true,"href":"https:\/\/factory.sale\/et\/wp-json\/wp\/v2\/comments?post=12356"}],"wp:featuredmedia":[{"embeddable":true,"href":"https:\/\/factory.sale\/et\/wp-json\/wp\/v2\/media\/12348"}],"wp:attachment":[{"href":"https:\/\/factory.sale\/et\/wp-json\/wp\/v2\/media?parent=12356"}],"wp:term":[{"taxonomy":"factory","embeddable":true,"href":"https:\/\/factory.sale\/et\/wp-json\/wp\/v2\/factory?post=12356"},{"taxonomy":"free-shipment","embeddable":true,"href":"https:\/\/factory.sale\/et\/wp-json\/wp\/v2\/free-shipment?post=12356"},{"taxonomy":"product_brand","embeddable":true,"href":"https:\/\/factory.sale\/et\/wp-json\/wp\/v2\/product_brand?post=12356"},{"taxonomy":"product_cat","embeddable":true,"href":"https:\/\/factory.sale\/et\/wp-json\/wp\/v2\/product_cat?post=12356"},{"taxonomy":"product_tag","embeddable":true,"href":"https:\/\/factory.sale\/et\/wp-json\/wp\/v2\/product_tag?post=12356"}],"curies":[{"name":"wp","href":"https:\/\/api.w.org\/{rel}","templated":true}]}}