{"id":1235,"date":"2019-11-09T13:03:37","date_gmt":"2019-11-09T13:03:37","guid":{"rendered":"https:\/\/factory.sale\/product\/l-plast-plasticizing-additive-for-mortars-20g-up-to-2oc\/"},"modified":"2024-06-25T19:57:43","modified_gmt":"2024-06-25T19:57:43","slug":"l-plast-plasticizing-additive-for-mortars-20g-up-to-2oc","status":"publish","type":"product","link":"https:\/\/factory.sale\/et\/toode\/l-plast-plasticizing-additive-for-mortars-20g-up-to-2oc\/","title":{"rendered":"L-PLAST PLASTICIZING ADDITIVE FOR MORTARS 20G (UP TO -2\u00baC)"},"content":{"rendered":"<p>Aeratsioon ja plastifitseeriv segu: segamisvee mahu v\u00e4hendamine \u00fcle 8%; toimivuse ja nakkuvuse m\u00e4rkimisv\u00e4\u00e4rne paranemine &#8211; mitte m\u00f5\u00f5detav omadus; v\u00e4rske segu \u00f5hutamise suurenemine 10%; ei muuda seadistusaega.<\/p>\n<p>Aeratsioon ja plastifitseeriv segu<\/p>\n<table border=\"1\">\n<tbody>\n<tr>\n<td>F\u00fc\u00fcsikaline olek<\/td>\n<td>tahke aine \/ pulber<\/td>\n<\/tr>\n<tr>\n<td>V\u00e4rv<\/td>\n<td>kahvatukollane kuni pruun<\/td>\n<\/tr>\n<tr>\n<td>Kuiv mass<\/td>\n<td>81-89%<\/td>\n<\/tr>\n<tr>\n<td>ph<\/td>\n<td>10-12<\/td>\n<\/tr>\n<tr>\n<td>Lahustuvus vees<\/td>\n<td>t\u00e4ielikult<\/td>\n<\/tr>\n<tr>\n<td>Doos<\/td>\n<td>Soovitatav on 20 g 50 kg tsemendi massi kohta<\/td>\n<\/tr>\n<tr>\n<td>S\u00e4ilitusaeg<\/td>\n<td>1 aasta<\/td>\n<\/tr>\n<tr>\n<td>Ladustamine<\/td>\n<td>originaal suletud kotikestes temperatuuril 0\u201325 \u00b0 C<\/td>\n<\/tr>\n<tr>\n<td>Kloriidi sisaldus<\/td>\n<td>1.0%<\/td>\n<\/tr>\n<tr>\n<td>Leeliste sisaldus<\/td>\n<td>40%<\/td>\n<\/tr>\n<\/tbody>\n<\/table>\n<p>&nbsp;<\/p>\n<p>See sisaldab ainult koostisosi, mis on p\u00e4rit dokumendist PN-EN 934-1: 2008, lisa A.1.<\/p>\n<p>P\u00f5him\u00f5ju m\u00f6rdile*<br \/>\nv\u00f5rreldes tavalise ilma lisandita<\/p>\n<ul>\n<li>segamisvee mahu v\u00e4henemine \u00fcle 8%<\/li>\n<li>t\u00f6\u00f6deldavuse ja nakkuvuse m\u00e4rkimisv\u00e4\u00e4rne paranemine &#8211; funktsioon pole m\u00f5\u00f5detav<\/li>\n<li>v\u00e4rske segu \u00f5hutamise suurenemine 10%<\/li>\n<li>ei muuda seadistusaega<\/li>\n<\/ul>\n","protected":false},"excerpt":{"rendered":"<p>Aeratsioon ja plastifitseeriv segu: segamisvee mahu v\u00e4hendamine \u00fcle 8%; toimivuse ja nakkuvuse m\u00e4rkimisv\u00e4\u00e4rne paranemine &#8211; mitte m\u00f5\u00f5detav omadus; v\u00e4rske segu \u00f5hutamise suurenemine 10%; ei muuda seadistusaega.<\/p>\n","protected":false},"featured_media":1237,"comment_status":"open","ping_status":"closed","template":"","meta":{"_acf_changed":false},"factory":[],"free-shipment":[],"product_brand":[],"product_cat":[163,164],"product_tag":[129],"class_list":{"0":"post-1235","1":"product","2":"type-product","3":"status-publish","4":"has-post-thumbnail","6":"product_cat-ehituskeemia","7":"product_cat-lisaained","8":"product_tag-additives-et-2","10":"first","11":"instock","12":"sale","13":"taxable","14":"shipping-taxable","15":"purchasable","16":"product-type-simple"},"acf":[],"_links":{"self":[{"href":"https:\/\/factory.sale\/et\/wp-json\/wp\/v2\/product\/1235","targetHints":{"allow":["GET"]}}],"collection":[{"href":"https:\/\/factory.sale\/et\/wp-json\/wp\/v2\/product"}],"about":[{"href":"https:\/\/factory.sale\/et\/wp-json\/wp\/v2\/types\/product"}],"replies":[{"embeddable":true,"href":"https:\/\/factory.sale\/et\/wp-json\/wp\/v2\/comments?post=1235"}],"wp:featuredmedia":[{"embeddable":true,"href":"https:\/\/factory.sale\/et\/wp-json\/wp\/v2\/media\/1237"}],"wp:attachment":[{"href":"https:\/\/factory.sale\/et\/wp-json\/wp\/v2\/media?parent=1235"}],"wp:term":[{"taxonomy":"factory","embeddable":true,"href":"https:\/\/factory.sale\/et\/wp-json\/wp\/v2\/factory?post=1235"},{"taxonomy":"free-shipment","embeddable":true,"href":"https:\/\/factory.sale\/et\/wp-json\/wp\/v2\/free-shipment?post=1235"},{"taxonomy":"product_brand","embeddable":true,"href":"https:\/\/factory.sale\/et\/wp-json\/wp\/v2\/product_brand?post=1235"},{"taxonomy":"product_cat","embeddable":true,"href":"https:\/\/factory.sale\/et\/wp-json\/wp\/v2\/product_cat?post=1235"},{"taxonomy":"product_tag","embeddable":true,"href":"https:\/\/factory.sale\/et\/wp-json\/wp\/v2\/product_tag?post=1235"}],"curies":[{"name":"wp","href":"https:\/\/api.w.org\/{rel}","templated":true}]}}