{"id":12328,"date":"2022-08-28T20:32:18","date_gmt":"2022-08-28T20:37:31","guid":{"rendered":"https:\/\/factory.sale\/?post_type=product&#038;p=12328"},"modified":"2024-06-26T12:25:43","modified_gmt":"2024-06-26T12:25:43","slug":"postkast-nimeplaadiga","status":"publish","type":"product","link":"https:\/\/factory.sale\/et\/toode\/postkast-nimeplaadiga\/","title":{"rendered":"Postkast Nimeplaadiga"},"content":{"rendered":"<p>Postkast nimeplaadiga on eest avatav poleeritud roostevabast terasest valmistatud postkast.<\/p>\n<p>Postkasti ees on nimeplaat.<\/p>\n<p>Sobib ideaalselt kortermajadesse.<\/p>\n<p>&nbsp;<\/p>\n<p>Lisainformatsioon:<\/p>\n<ul>\n<li>Metalli l\u00e4bim\u00f5\u00f5t: 0,5 mm<\/li>\n<li>M\u00f5\u00f5tmed: 320 x 90 x 215 mm<\/li>\n<\/ul>\n","protected":false},"excerpt":{"rendered":"<p>Postkast Nimeplaadiga on eest avatav poleeritud roostevabast terasest valmistatud postkast.<\/p>\n","protected":false},"featured_media":12326,"comment_status":"open","ping_status":"closed","template":"","meta":{"_acf_changed":false},"factory":[],"free-shipment":[],"product_brand":[],"product_cat":[924],"product_tag":[],"class_list":{"0":"post-12328","1":"product","2":"type-product","3":"status-publish","4":"has-post-thumbnail","6":"product_cat-aiatooted","8":"first","9":"instock","10":"sale","11":"taxable","12":"shipping-taxable","13":"purchasable","14":"product-type-simple"},"acf":[],"_links":{"self":[{"href":"https:\/\/factory.sale\/et\/wp-json\/wp\/v2\/product\/12328","targetHints":{"allow":["GET"]}}],"collection":[{"href":"https:\/\/factory.sale\/et\/wp-json\/wp\/v2\/product"}],"about":[{"href":"https:\/\/factory.sale\/et\/wp-json\/wp\/v2\/types\/product"}],"replies":[{"embeddable":true,"href":"https:\/\/factory.sale\/et\/wp-json\/wp\/v2\/comments?post=12328"}],"wp:featuredmedia":[{"embeddable":true,"href":"https:\/\/factory.sale\/et\/wp-json\/wp\/v2\/media\/12326"}],"wp:attachment":[{"href":"https:\/\/factory.sale\/et\/wp-json\/wp\/v2\/media?parent=12328"}],"wp:term":[{"taxonomy":"factory","embeddable":true,"href":"https:\/\/factory.sale\/et\/wp-json\/wp\/v2\/factory?post=12328"},{"taxonomy":"free-shipment","embeddable":true,"href":"https:\/\/factory.sale\/et\/wp-json\/wp\/v2\/free-shipment?post=12328"},{"taxonomy":"product_brand","embeddable":true,"href":"https:\/\/factory.sale\/et\/wp-json\/wp\/v2\/product_brand?post=12328"},{"taxonomy":"product_cat","embeddable":true,"href":"https:\/\/factory.sale\/et\/wp-json\/wp\/v2\/product_cat?post=12328"},{"taxonomy":"product_tag","embeddable":true,"href":"https:\/\/factory.sale\/et\/wp-json\/wp\/v2\/product_tag?post=12328"}],"curies":[{"name":"wp","href":"https:\/\/api.w.org\/{rel}","templated":true}]}}