{"id":1232,"date":"2019-11-09T13:06:11","date_gmt":"2019-11-09T13:06:11","guid":{"rendered":"https:\/\/factory.sale\/product\/fibromix-12-polypropylene-fibers-fibromix-12-polypropylene-fibers-for-concrete\/"},"modified":"2025-03-27T01:12:35","modified_gmt":"2025-03-26T22:12:35","slug":"fibromix-12-polypropylene-fibers-fibromix-12-polypropylene-fibers-for-concrete","status":"publish","type":"product","link":"https:\/\/factory.sale\/et\/toode\/fibromix-12-polypropylene-fibers-fibromix-12-polypropylene-fibers-for-concrete\/","title":{"rendered":"FIBROMIX 12 POLYPROPYLENE FIBERS \/ FIBROMIX 12 POLYPROPYLENE FIBERS FOR CONCRETE"},"content":{"rendered":"<p>Fibromix on kvaliteetsed pol\u00fcprop\u00fcleenkiud, mida kasutatakse lisandina betooni ja m\u00f6rdi jaoks &#8211; alternatiiv v\u00f5rgusilma tugevdamiseks betoonisegudes, mida kasutatakse ehituses.<\/p>\n<p><strong>Kasutusalad<\/strong><\/p>\n<p class=\"Teksttreci21\"><span style=\"font-weight: 400;\">Fibromix segatud v\u00e4rske betooniga, t\u00e4nu miljonite kiudude kolmem\u00f5\u00f5tmelisele \u00fchendamisele ehitusmaterjalidega ning t\u00e4nu segu ideaalsele homogeensusele tagab optimaalse betooni vastupidavuse ja hoiab \u00e4ra mikrol\u00f5hede tekkimise nii betoonpinnal kui ka selle sees.<\/span><\/p>\n<ul>\n<li class=\"Teksttreci21\">t\u00f6\u00f6stus- ja erap\u00f5randad,<\/li>\n<li class=\"Teksttreci21\">kokkupandavad elemendid,<\/li>\n<li class=\"Teksttreci21\">k\u00f5nniteed ja s\u00f5iduteed,<\/li>\n<li class=\"Teksttreci21\">pressitud -ja arhitektuurbetoon.<\/li>\n<\/ul>\n<p><strong>Omadused ja eelised<\/strong><\/p>\n<p class=\"Nagwek21\"><span class=\"Nagwek24\">Praktiline ja \u00f6konoomne<\/span><\/p>\n<ul>\n<li class=\"Nagwek21\">ei vaja erivarustust,<\/li>\n<li class=\"Nagwek21\">ei vaja spetsiaalselt kvalifitseeritud inimesi,<\/li>\n<li class=\"Nagwek21\">ei n\u00f5ua tavalise v\u00f5rgu paigaldamisega seotud lisat\u00f6\u00f6d,<\/li>\n<li class=\"Nagwek21\">kiudbetooni saab pumbata,<\/li>\n<li class=\"Nagwek21\">betoonp\u00f5randate lihtsam ja kiirem paigaldamine,<\/li>\n<li class=\"Nagwek21\">v\u00e4hendab t\u00f6\u00f6j\u00f5ukulusid.<\/li>\n<\/ul>\n<p>tehniliselt<\/p>\n<ul>\n<li>v\u00e4hendab kokkut\u00f5mbumist ja suurendab sidumistugevust,<\/li>\n<li>takistab mikrol\u00f5hede teket,<\/li>\n<li>puudub korrosioonioht ja see ei juhita elektrit,<\/li>\n<li>parem betooni k\u00e4itumine kokkupuutel tulega,<\/li>\n<li>\u00fchtlasem segu,<\/li>\n<li>parandab valmistoote tehnilisi omadusi.<\/li>\n<\/ul>\n","protected":false},"excerpt":{"rendered":"<p>Fibromix on kvaliteetsed pol\u00fcprop\u00fcleenkiud, mida kasutatakse lisandina betooni ja m\u00f6rdi jaoks &#8211; alternatiiv v\u00f5rgusilma tugevdamiseks betoonisegudes, mida kasutatakse ehituses.<\/p>\n","protected":false},"featured_media":1234,"comment_status":"open","ping_status":"closed","template":"","meta":{"_acf_changed":false},"factory":[],"free-shipment":[],"product_brand":[],"product_cat":[163,166],"product_tag":[131],"class_list":{"0":"post-1232","1":"product","2":"type-product","3":"status-publish","4":"has-post-thumbnail","6":"product_cat-ehituskeemia","7":"product_cat-kiud","8":"product_tag-fibers-et-2","10":"first","11":"instock","12":"sale","13":"taxable","14":"shipping-taxable","15":"purchasable","16":"product-type-simple"},"acf":[],"_links":{"self":[{"href":"https:\/\/factory.sale\/et\/wp-json\/wp\/v2\/product\/1232","targetHints":{"allow":["GET"]}}],"collection":[{"href":"https:\/\/factory.sale\/et\/wp-json\/wp\/v2\/product"}],"about":[{"href":"https:\/\/factory.sale\/et\/wp-json\/wp\/v2\/types\/product"}],"replies":[{"embeddable":true,"href":"https:\/\/factory.sale\/et\/wp-json\/wp\/v2\/comments?post=1232"}],"wp:featuredmedia":[{"embeddable":true,"href":"https:\/\/factory.sale\/et\/wp-json\/wp\/v2\/media\/1234"}],"wp:attachment":[{"href":"https:\/\/factory.sale\/et\/wp-json\/wp\/v2\/media?parent=1232"}],"wp:term":[{"taxonomy":"factory","embeddable":true,"href":"https:\/\/factory.sale\/et\/wp-json\/wp\/v2\/factory?post=1232"},{"taxonomy":"free-shipment","embeddable":true,"href":"https:\/\/factory.sale\/et\/wp-json\/wp\/v2\/free-shipment?post=1232"},{"taxonomy":"product_brand","embeddable":true,"href":"https:\/\/factory.sale\/et\/wp-json\/wp\/v2\/product_brand?post=1232"},{"taxonomy":"product_cat","embeddable":true,"href":"https:\/\/factory.sale\/et\/wp-json\/wp\/v2\/product_cat?post=1232"},{"taxonomy":"product_tag","embeddable":true,"href":"https:\/\/factory.sale\/et\/wp-json\/wp\/v2\/product_tag?post=1232"}],"curies":[{"name":"wp","href":"https:\/\/api.w.org\/{rel}","templated":true}]}}