{"id":12295,"date":"2022-08-28T20:13:19","date_gmt":"2022-08-28T20:14:29","guid":{"rendered":"https:\/\/factory.sale\/?post_type=product&#038;p=12295"},"modified":"2024-07-01T17:22:38","modified_gmt":"2024-07-01T17:22:38","slug":"postkast-kumer","status":"publish","type":"product","link":"https:\/\/factory.sale\/et\/toode\/postkast-kumer\/","title":{"rendered":"Postkast Kumer"},"content":{"rendered":"<p>Postkast Kumer on pealt avatav poleeritud roostevabast terasest valmistatud postkast.<\/p>\n<p>Ideaalne p\u00f5hjamaa kliimale!<\/p>\n<p>&nbsp;<\/p>\n<p><strong>Lisai<\/strong><strong>nformatsioon:<\/strong><\/p>\n<ul>\n<li>Metalli l\u00e4bim\u00f5\u00f5t : 0,5 mm<\/li>\n<li>M\u00f5\u00f5tmed: 320 x 150 x 480 mm.<\/li>\n<li>Ava m\u00f5\u00f5t 295x30mm<\/li>\n<\/ul>\n<p>&nbsp;<\/p>\n","protected":false},"excerpt":{"rendered":"<p>Postkast Kumer on pealt avatav poleeritud roostevabast terasest valmistatud postkast.<\/p>\n","protected":false},"featured_media":12287,"comment_status":"open","ping_status":"closed","template":"","meta":{"_acf_changed":false},"factory":[],"free-shipment":[],"product_brand":[],"product_cat":[924],"product_tag":[],"class_list":{"0":"post-12295","1":"product","2":"type-product","3":"status-publish","4":"has-post-thumbnail","6":"product_cat-aiatooted","8":"first","9":"instock","10":"sale","11":"taxable","12":"shipping-taxable","13":"purchasable","14":"product-type-simple"},"acf":[],"_links":{"self":[{"href":"https:\/\/factory.sale\/et\/wp-json\/wp\/v2\/product\/12295","targetHints":{"allow":["GET"]}}],"collection":[{"href":"https:\/\/factory.sale\/et\/wp-json\/wp\/v2\/product"}],"about":[{"href":"https:\/\/factory.sale\/et\/wp-json\/wp\/v2\/types\/product"}],"replies":[{"embeddable":true,"href":"https:\/\/factory.sale\/et\/wp-json\/wp\/v2\/comments?post=12295"}],"wp:featuredmedia":[{"embeddable":true,"href":"https:\/\/factory.sale\/et\/wp-json\/wp\/v2\/media\/12287"}],"wp:attachment":[{"href":"https:\/\/factory.sale\/et\/wp-json\/wp\/v2\/media?parent=12295"}],"wp:term":[{"taxonomy":"factory","embeddable":true,"href":"https:\/\/factory.sale\/et\/wp-json\/wp\/v2\/factory?post=12295"},{"taxonomy":"free-shipment","embeddable":true,"href":"https:\/\/factory.sale\/et\/wp-json\/wp\/v2\/free-shipment?post=12295"},{"taxonomy":"product_brand","embeddable":true,"href":"https:\/\/factory.sale\/et\/wp-json\/wp\/v2\/product_brand?post=12295"},{"taxonomy":"product_cat","embeddable":true,"href":"https:\/\/factory.sale\/et\/wp-json\/wp\/v2\/product_cat?post=12295"},{"taxonomy":"product_tag","embeddable":true,"href":"https:\/\/factory.sale\/et\/wp-json\/wp\/v2\/product_tag?post=12295"}],"curies":[{"name":"wp","href":"https:\/\/api.w.org\/{rel}","templated":true}]}}