{"id":1229,"date":"2019-11-09T13:08:44","date_gmt":"2019-11-09T13:08:44","guid":{"rendered":"https:\/\/factory.sale\/product\/rust-remover-gel-250ml-rust-remover-rust-remover-gel\/"},"modified":"2024-06-25T14:40:44","modified_gmt":"2024-06-25T14:40:44","slug":"rust-remover-gel-250ml-rust-remover-rust-remover-gel","status":"publish","type":"product","link":"https:\/\/factory.sale\/et\/toode\/rust-remover-gel-250ml-rust-remover-rust-remover-gel\/","title":{"rendered":"RUST REMOVER GEL 250ML &#8211; RUST REMOVER, RUST REMOVER GEL"},"content":{"rendered":"<p>Modifitseeritud ortofosforhappel p\u00f5hinev kiiretoimeliste keemiliste struktuuride tugev segu, mis lahustab metalloksiide. Koos pindpinevust kasutavate osakestega v\u00f5imaldab see tungida s\u00fcgavale korrodeerunud pindadesse. Seda kasutatakse ka mustuse eemaldamiseks tsemendim\u00f6rtidest, roosteplekkidest jne. Geeli struktuur v\u00f5imaldab preparaati kasutada vertikaalsetel pindadel.<\/p>\n<p><b>Omadused<\/b><\/p>\n<p>Modifitseeritud ortofosforhappel p\u00f5hinev kiiretoimeliste keemiliste struktuuride tugev segu, mis lahustab metalloksiide. Koos pindpinevust kasutavate osakestega v\u00f5imaldab see tungida s\u00fcgavale korrodeerunud pindadesse. Seda kasutatakse ka mustuse eemaldamiseks tsemendim\u00f6rtidest, roosteplekkidest jne. Geeli struktuur v\u00f5imaldab preparaati kasutada vertikaalsetel pindadel.<\/p>\n<p><b>Tehnilised\u00a0anded<\/b><\/p>\n<table border=\"1\">\n<tbody>\n<tr>\n<td width=\"338\">V\u00e4limus<\/td>\n<td width=\"281\">vedelik<\/td>\n<\/tr>\n<tr>\n<td width=\"338\">V\u00e4rv<\/td>\n<td width=\"281\">punane<\/td>\n<\/tr>\n<tr>\n<td width=\"338\">L\u00f5hn<\/td>\n<td width=\"281\">karakteristlik<\/td>\n<\/tr>\n<tr>\n<td width=\"338\">pH<\/td>\n<td width=\"281\">&gt; 2.0<\/td>\n<\/tr>\n<tr>\n<td width=\"338\">Keemispunkt, \u00baC<\/td>\n<td width=\"281\">90 juures<\/td>\n<\/tr>\n<tr>\n<td width=\"338\">J\u00e4\u00e4tumispunkt, \u00baC<\/td>\n<td width=\"281\">0 juures<\/td>\n<\/tr>\n<tr>\n<td width=\"338\">Leekpunkt<\/td>\n<td width=\"281\">tuleohtlik<\/td>\n<\/tr>\n<tr>\n<td width=\"338\">Auru r\u00f5hk\u00a0at 20 \u00b0 C<\/td>\n<td width=\"281\">anded puuduvad<\/td>\n<\/tr>\n<tr>\n<td width=\"338\">Tihedus juures 20 \u00b0 C g \/ cm3<\/td>\n<td width=\"281\">1.1 &#8211; 1.25<\/td>\n<\/tr>\n<tr>\n<td width=\"338\">Lahustuvus vees<\/td>\n<td width=\"281\">t\u00e4ielikult lahustuv<\/td>\n<\/tr>\n<\/tbody>\n<\/table>\n<p><b>Kasutusjuhend<\/b><\/p>\n<p>Pind tuleb puhastada lahtisest roostest ja mustusest. Kandke preparaat pintsli v\u00f5i rulliga, j\u00e4tke kuni rooste lahustub, peske hoolikalt veega ja kuivatage. Kergelt roostes pindade korral tuleks preparaat j\u00e4tta pinnale 5-15 minutiks, kui pinnal on juba \u0161ahti &#8211; rooste v\u00f5ib eemaldamise aeg olla mitu tundi. Kui p\u00e4rast veega loputamist tuleb pinda uuesti kasutada, saab seda pinnale kanda pinda kuivatamata.<\/p>\n<p><strong>Toode toimib m\u00f5nel galvaanilisel pinnal agressiivselt (tugevalt tsingitud). Selliste esemete puhastamisel tegutsege l\u00fchidalt ja kohalikult.<\/strong><br \/>\n<strong>Enne iga pealekandmist tuleks l\u00e4bi viia katsed v\u00e4ikesel pinnal.<\/strong><\/p>\n","protected":false},"excerpt":{"rendered":"<p>Modifitseeritud ortofosforhappel p\u00f5hinev kiiretoimeliste keemiliste struktuuride tugev segu, mis lahustab metalloksiide. Koos pindpinevust kasutavate osakestega v\u00f5imaldab see tungida s\u00fcgavale korrodeerunud pindadesse. Seda kasutatakse ka mustuse eemaldamiseks tsemendim\u00f6rtidest, roosteplekkidest jne. Geeli struktuur v\u00f5imaldab preparaati kasutada vertikaalsetel pindadel.<\/p>\n","protected":false},"featured_media":1231,"comment_status":"open","ping_status":"closed","template":"","meta":{"_acf_changed":false},"factory":[],"free-shipment":[],"product_brand":[],"product_cat":[163,170],"product_tag":[143],"class_list":{"0":"post-1229","1":"product","2":"type-product","3":"status-publish","4":"has-post-thumbnail","6":"product_cat-ehituskeemia","7":"product_cat-rooste-eemaldaja","8":"product_tag-rust-removers-et-2","10":"first","11":"instock","12":"sale","13":"taxable","14":"shipping-taxable","15":"purchasable","16":"product-type-simple"},"acf":[],"_links":{"self":[{"href":"https:\/\/factory.sale\/et\/wp-json\/wp\/v2\/product\/1229","targetHints":{"allow":["GET"]}}],"collection":[{"href":"https:\/\/factory.sale\/et\/wp-json\/wp\/v2\/product"}],"about":[{"href":"https:\/\/factory.sale\/et\/wp-json\/wp\/v2\/types\/product"}],"replies":[{"embeddable":true,"href":"https:\/\/factory.sale\/et\/wp-json\/wp\/v2\/comments?post=1229"}],"wp:featuredmedia":[{"embeddable":true,"href":"https:\/\/factory.sale\/et\/wp-json\/wp\/v2\/media\/1231"}],"wp:attachment":[{"href":"https:\/\/factory.sale\/et\/wp-json\/wp\/v2\/media?parent=1229"}],"wp:term":[{"taxonomy":"factory","embeddable":true,"href":"https:\/\/factory.sale\/et\/wp-json\/wp\/v2\/factory?post=1229"},{"taxonomy":"free-shipment","embeddable":true,"href":"https:\/\/factory.sale\/et\/wp-json\/wp\/v2\/free-shipment?post=1229"},{"taxonomy":"product_brand","embeddable":true,"href":"https:\/\/factory.sale\/et\/wp-json\/wp\/v2\/product_brand?post=1229"},{"taxonomy":"product_cat","embeddable":true,"href":"https:\/\/factory.sale\/et\/wp-json\/wp\/v2\/product_cat?post=1229"},{"taxonomy":"product_tag","embeddable":true,"href":"https:\/\/factory.sale\/et\/wp-json\/wp\/v2\/product_tag?post=1229"}],"curies":[{"name":"wp","href":"https:\/\/api.w.org\/{rel}","templated":true}]}}