{"id":1227,"date":"2019-11-09T13:15:07","date_gmt":"2019-11-09T13:15:07","guid":{"rendered":"https:\/\/factory.sale\/product\/lemar-membrane-lembit-xs\/"},"modified":"2024-06-27T16:13:03","modified_gmt":"2024-06-27T16:13:03","slug":"lemar-membrane-lembit-xs","status":"publish","type":"product","link":"https:\/\/factory.sale\/et\/toode\/lemar-membrane-lembit-xs\/","title":{"rendered":"LEMAR MEMBRAAN LEMBIT XS"},"content":{"rendered":"<p>LEMBIT MEMBRANA XS katusevilt on m\u00f5eldud igat t\u00fc\u00fcpi katusekivide, plekk-katusekivide, katusekruuside isolatsioonikihina. See kaitseb katusekihte niiskuse, bioloogilise korrosiooni eest, kaitseb katuseisolatsiooni niiskuse t\u00f5ttu soojusisolatsiooni omaduste kaotamise eest, pikendab katuse eluiga. Soovitatav kasutamiseks puitkatustel. Kasutamine mehaaniliste teguritega kokkupuutuvate isolatsioonide korral.<\/p>\n<div>Parameetrid<\/div>\n<div>\n<div class=\"para\">\n<table border=\"0\" width=\"100%\" cellspacing=\"0\" cellpadding=\"0\">\n<tbody>\n<tr class=\"row1 height=\">\n<td width=\"30%\">Toote kasutamine<\/td>\n<td>pealmine kate, mitmekihiliste katusekatete pealmise kihina veekindluse tagamiseks<\/td>\n<\/tr>\n<tr class=\"row0 height=\">\n<td width=\"30%\">Kokkupaneku t\u00fc\u00fcp<\/td>\n<td>kinnitatakse maapinnale liimiga v\u00f5i mehaaniliselt<\/td>\n<\/tr>\n<tr class=\"row1 height=\">\n<td width=\"30%\">Kaalu t\u00fc\u00fcp<\/td>\n<td>SBS modifitseeritud asfalt<\/td>\n<\/tr>\n<tr class=\"row0 height=\">\n<td width=\"30%\">L\u00f5ime t\u00fc\u00fcp<\/td>\n<td>pol\u00fcester lausriie<\/td>\n<\/tr>\n<tr class=\"row1 height=\">\n<td width=\"30%\">Paksus (mm)<\/td>\n<td>2.0<\/td>\n<\/tr>\n<tr class=\"row0 height=\">\n<td width=\"30%\">Maksimaalne t\u00f5mbej\u00f5ud (pikisuunas ja risti)<\/td>\n<td>700N \/ 500N +\/- 200N m\u00f5lemas suunas<\/td>\n<\/tr>\n<tr class=\"row1 height=\">\n<td width=\"30%\">Pikendamine maksimaalse t\u00f5mbej\u00f5u korral<\/td>\n<td>35% \/ 35% +\/- 20% m\u00f5lemas suunas<\/td>\n<\/tr>\n<tr class=\"row0 height=\">\n<td width=\"30%\">Voolu takistus maksimaalsel temperatuuril<\/td>\n<td>\n<table style=\"height: 36px;\" border=\"0\" width=\"639\" cellspacing=\"0\" cellpadding=\"0\">\n<tbody>\n<tr class=\"row0 height=\">\n<td>\u00a0min + 100\u00b0 C<\/td>\n<\/tr>\n<\/tbody>\n<\/table>\n<\/td>\n<\/tr>\n<tr class=\"row1 height=\">\n<td width=\"30%\">Paindlikkus madalal temperatuuril<\/td>\n<td>&#8211; 25 \u00b0 C<\/td>\n<\/tr>\n<tr class=\"row0 height=\">\n<td width=\"30%\">Veekindel<\/td>\n<td>veekindel temperatuuril 60 kPa<\/td>\n<\/tr>\n<tr class=\"row1 height=\">\n<td width=\"30%\">Rulli pikkus, kogus kaubaalusel, kaalutakset<\/td>\n<td>15m, 300m2, 920kg<\/td>\n<\/tr>\n<tr class=\"row0 height=\">\n<td width=\"30%\">Tuletundlikus<\/td>\n<td>E klass<\/td>\n<\/tr>\n<tr class=\"row1 height=\">\n<td width=\"30%\">Standart<\/td>\n<td>EN 13707: 2004 + A2: 2009, EN 13969: 2004<\/td>\n<\/tr>\n<tr class=\"row0 height=\">\n<td width=\"30%\">Garantii<\/td>\n<td>5 aastat<\/td>\n<\/tr>\n<\/tbody>\n<\/table>\n<\/div>\n<\/div>\n","protected":false},"excerpt":{"rendered":"<p>LEMBIT MEMBRANA XS katusevilt on m\u00f5eldud igat t\u00fc\u00fcpi katusekivide, plekk-katusekivide, katusekruuside isolatsioonikihina. See kaitseb katusekihte niiskuse, bioloogilise korrosiooni eest, kaitseb katuseisolatsiooni niiskuse t\u00f5ttu soojusisolatsiooni omaduste kaotamise eest, pikendab katuse eluiga. Soovitatav kasutamiseks puitkatustel. Kasutamine mehaaniliste teguritega kokkupuutuvate isolatsioonide korral.<\/p>\n","protected":false},"featured_media":1225,"comment_status":"open","ping_status":"closed","template":"","meta":{"_acf_changed":false},"factory":[],"free-shipment":[],"product_brand":[],"product_cat":[191,195],"product_tag":[144],"class_list":{"0":"post-1227","1":"product","2":"type-product","3":"status-publish","4":"has-post-thumbnail","6":"product_cat-katus","7":"product_cat-katuse-sbs","8":"product_tag-sbs-et-2","10":"first","11":"instock","12":"sale","13":"taxable","14":"shipping-taxable","15":"purchasable","16":"product-type-simple"},"acf":[],"_links":{"self":[{"href":"https:\/\/factory.sale\/et\/wp-json\/wp\/v2\/product\/1227","targetHints":{"allow":["GET"]}}],"collection":[{"href":"https:\/\/factory.sale\/et\/wp-json\/wp\/v2\/product"}],"about":[{"href":"https:\/\/factory.sale\/et\/wp-json\/wp\/v2\/types\/product"}],"replies":[{"embeddable":true,"href":"https:\/\/factory.sale\/et\/wp-json\/wp\/v2\/comments?post=1227"}],"wp:featuredmedia":[{"embeddable":true,"href":"https:\/\/factory.sale\/et\/wp-json\/wp\/v2\/media\/1225"}],"wp:attachment":[{"href":"https:\/\/factory.sale\/et\/wp-json\/wp\/v2\/media?parent=1227"}],"wp:term":[{"taxonomy":"factory","embeddable":true,"href":"https:\/\/factory.sale\/et\/wp-json\/wp\/v2\/factory?post=1227"},{"taxonomy":"free-shipment","embeddable":true,"href":"https:\/\/factory.sale\/et\/wp-json\/wp\/v2\/free-shipment?post=1227"},{"taxonomy":"product_brand","embeddable":true,"href":"https:\/\/factory.sale\/et\/wp-json\/wp\/v2\/product_brand?post=1227"},{"taxonomy":"product_cat","embeddable":true,"href":"https:\/\/factory.sale\/et\/wp-json\/wp\/v2\/product_cat?post=1227"},{"taxonomy":"product_tag","embeddable":true,"href":"https:\/\/factory.sale\/et\/wp-json\/wp\/v2\/product_tag?post=1227"}],"curies":[{"name":"wp","href":"https:\/\/api.w.org\/{rel}","templated":true}]}}