{"id":1226,"date":"2019-11-09T13:22:35","date_gmt":"2019-11-09T13:22:35","guid":{"rendered":"https:\/\/factory.sale\/product\/lemar-lembit-nro-foundation-gv\/"},"modified":"2024-06-27T23:53:53","modified_gmt":"2024-06-27T23:53:53","slug":"lemar-lembit-nro-foundation-gv","status":"publish","type":"product","link":"https:\/\/factory.sale\/et\/toode\/lemar-lembit-nro-foundation-gv\/","title":{"rendered":"LEMAR LEMBIT NRO FOUNDATION GV"},"content":{"rendered":"<p>Tulekindel aluskate, mida kasutatakse katuses\u00fcsteemides.<\/p>\n<div>Parameteetrid<\/div>\n<div>\n<div class=\"para\">\n<table border=\"0\" width=\"100%\" cellspacing=\"0\" cellpadding=\"0\">\n<tbody>\n<tr class=\"row1 height=\">\n<td width=\"30%\">Toote kasutamine<\/td>\n<td>Aluskiht veekindluse tagamiseks. Papa vastab k\u00f5rgema tulekindluse kriteeriumidele Broof (t1) ja seda kasutatakse s\u00fcsteemides, mis v\u00f5imaldavad katusekatteid tulekindluse valdkonnas &#8211; REI.<\/td>\n<\/tr>\n<tr class=\"row0 height=\">\n<td width=\"30%\">Kokkupaneku t\u00fc\u00fcp<\/td>\n<td>Keevitamine, mehaaniline kinnitamine<\/td>\n<\/tr>\n<tr class=\"row1 height=\">\n<td width=\"30%\">Kaalu t\u00fc\u00fcp<\/td>\n<td>Koos modifikaatori lisamisega<\/td>\n<\/tr>\n<tr class=\"row0 height=\">\n<td width=\"30%\">L\u00f5ime t\u00fc\u00fcp<\/td>\n<td>Komposiitdetail<\/td>\n<\/tr>\n<tr class=\"row1 height=\">\n<td width=\"30%\">Paksus (mm)<\/td>\n<td>2.5<\/td>\n<\/tr>\n<tr class=\"row0 height=\">\n<td width=\"30%\">Maksimaalne t\u00f5mbej\u00f5ud (pikisuunas ja risti)<\/td>\n<td>1000N \/ 900N +\/- 200N m\u00f5lemas suunas<\/td>\n<\/tr>\n<tr class=\"row1 height=\">\n<td width=\"30%\">Pikendamine maksimaalse t\u00f5mbej\u00f5u korral<\/td>\n<td>6% \/ 6% +\/- 4% m\u00f5lemas suunas<\/td>\n<\/tr>\n<tr class=\"row0 height=\">\n<td width=\"30%\">Voolu takistus maksimaalsel temperatuuril<\/td>\n<td>Min + 80 \u00b0 C<\/td>\n<\/tr>\n<tr class=\"row1 height=\">\n<td width=\"30%\">Madala temperatuuri paindlikkus<\/td>\n<td>-6 \u00b0 C<\/td>\n<\/tr>\n<tr class=\"row0 height=\">\n<td width=\"30%\">Veekindel<\/td>\n<td>100 kPa<\/td>\n<\/tr>\n<tr class=\"row1 height=\">\n<td width=\"30%\">Rulli pikkus, kogus kaubaalusel, kaal<\/td>\n<td>10m, 240m2, 935kg<\/td>\n<\/tr>\n<tr class=\"row0 height=\">\n<td width=\"30%\">Tuletundlikkus<\/td>\n<td>E class<\/td>\n<\/tr>\n<tr class=\"row1 height=\">\n<td width=\"30%\">Standart<\/td>\n<td>EN 13969: 2004, EN 13707: 2004 + A2: 2009<\/td>\n<\/tr>\n<tr class=\"row0 height=\">\n<td width=\"30%\">Garantii<\/td>\n<td>7 aastat<\/td>\n<\/tr>\n<\/tbody>\n<\/table>\n<\/div>\n<\/div>\n<p>&nbsp;<\/p>\n","protected":false},"excerpt":{"rendered":"<p>Tulekindel aluskate, mida kasutatakse katuses\u00fcsteemides. Aluskiht veekindluse tagamiseks. Papa vastab k\u00f5rgema tulekindluse kriteeriumidele (t1) ja seda kasutatakse s\u00fcsteemides, mis v\u00f5imaldavad katusekatteid tulekindluse valdkonnas &#8211; REI.<\/p>\n","protected":false},"featured_media":1225,"comment_status":"open","ping_status":"closed","template":"","meta":{"_acf_changed":false},"factory":[],"free-shipment":[],"product_brand":[],"product_cat":[191,195],"product_tag":[144],"class_list":{"0":"post-1226","1":"product","2":"type-product","3":"status-publish","4":"has-post-thumbnail","6":"product_cat-katus","7":"product_cat-katuse-sbs","8":"product_tag-sbs-et-2","10":"first","11":"instock","12":"sale","13":"taxable","14":"shipping-taxable","15":"purchasable","16":"product-type-simple"},"acf":[],"_links":{"self":[{"href":"https:\/\/factory.sale\/et\/wp-json\/wp\/v2\/product\/1226","targetHints":{"allow":["GET"]}}],"collection":[{"href":"https:\/\/factory.sale\/et\/wp-json\/wp\/v2\/product"}],"about":[{"href":"https:\/\/factory.sale\/et\/wp-json\/wp\/v2\/types\/product"}],"replies":[{"embeddable":true,"href":"https:\/\/factory.sale\/et\/wp-json\/wp\/v2\/comments?post=1226"}],"wp:featuredmedia":[{"embeddable":true,"href":"https:\/\/factory.sale\/et\/wp-json\/wp\/v2\/media\/1225"}],"wp:attachment":[{"href":"https:\/\/factory.sale\/et\/wp-json\/wp\/v2\/media?parent=1226"}],"wp:term":[{"taxonomy":"factory","embeddable":true,"href":"https:\/\/factory.sale\/et\/wp-json\/wp\/v2\/factory?post=1226"},{"taxonomy":"free-shipment","embeddable":true,"href":"https:\/\/factory.sale\/et\/wp-json\/wp\/v2\/free-shipment?post=1226"},{"taxonomy":"product_brand","embeddable":true,"href":"https:\/\/factory.sale\/et\/wp-json\/wp\/v2\/product_brand?post=1226"},{"taxonomy":"product_cat","embeddable":true,"href":"https:\/\/factory.sale\/et\/wp-json\/wp\/v2\/product_cat?post=1226"},{"taxonomy":"product_tag","embeddable":true,"href":"https:\/\/factory.sale\/et\/wp-json\/wp\/v2\/product_tag?post=1226"}],"curies":[{"name":"wp","href":"https:\/\/api.w.org\/{rel}","templated":true}]}}