{"id":12250,"date":"2022-08-28T10:45:15","date_gmt":"2022-08-28T10:47:38","guid":{"rendered":"https:\/\/factory.sale\/?post_type=product&#038;p=12250"},"modified":"2024-06-27T09:26:01","modified_gmt":"2024-06-27T09:26:01","slug":"bulder-ahi-vesuvi-03-11-toru","status":"publish","type":"product","link":"https:\/\/factory.sale\/et\/toode\/bulder-ahi-vesuvi-03-11-toru\/","title":{"rendered":"Bulder ahi \u201cPolar 03\u201d (kuni 600m3)"},"content":{"rendered":"<p>11 toruga bulder ahi Polar 03 on tahke k\u00fctusega \u00f5hkk\u00fctteahi, mida on v\u00f5imalik kasutada nii elu- kui t\u00f6\u00f6stusruumide k\u00fctmiseks. Soojus jaotub \u00fchtlaselt \u00fcle kogu k\u00f6etava ruumi. K\u00fclm \u00f5hk liigub torudesse, kus e soojeneb 60-80 kraadini ning seej\u00e4rel voogab k\u00f6etavasse ruumi. \u00d5hkk\u00fctteahi sobib kasutamiseks elamutes, suvemajades, ladudes, t\u00f6\u00f6kodades, kauplustes, mille \u00f5humaht on kuni 1300 m\u00b3. Ahju on v\u00f5imalik kasutada reservk\u00fcttena paraleelselt teiste k\u00fcttekehadega.<\/p>\n<p>&nbsp;<\/p>\n<p><strong>Lisainformatsioon:<\/strong><\/p>\n<ul>\n<li>Toote kood: 6001061<\/li>\n<li>K\u00f6etav ruum: 600 m\u00b3<\/li>\n<li>Kaal: 150 kg<\/li>\n<li>M\u00f5\u00f5dud: pikkus\/laius\/k\u00f5rgus : 1120 \u0445 645 \u0445 890 mm<\/li>\n<li>Soojusv\u00f5imsus: 26 kWt<\/li>\n<li>11 \u00f5hutoru<\/li>\n<li>Suitsutoru m\u00f5\u00f5t: 150 mm<\/li>\n<li>Halgude pikkus: 750 mm<\/li>\n<li>CE sertifikaat<\/li>\n<\/ul>\n<p>&nbsp;<\/p>\n<p>\u00d5hkk\u00fctteahi t\u00f6\u00f6tab k\u00fctuse p\u00f5letamisel h\u00f5\u00f5gumismeetodil 2-kambrilises koldes. H\u00f5\u00f5gumisprotsessi tulemusena toimub alumises kambris ahjugaaside tekkimine, \u00fclemises vaid nende l\u00f5puni p\u00f5lemine. Ahi koosneb kahekambrilisest koldest, mille \u00fcmber on paigaldatud \u00f5hutorud, suitsusiiber, \u00f5huregulaator ja ahjuuks. \u00d5hk tungib alumiste \u00f5hutorude otsest sisse, kuumeneb ja voolab \u00fchtlaselt k\u00f6etavasse ruumi. \u00d5hutemperatuuri k\u00f5ikumine ruumis ei ole suur, kuna ahi kindlustab \u00f5huliikumise. K\u00fctuse p\u00f5lemine toimub kolde m\u00f5lemas kambris.<\/p>\n<p>Need gaasid, mis ei p\u00f5le alumises kambris \u00e4ra, t\u00f5usevad \u00fcles, kus toimub nende t\u00e4ielik p\u00f5lemine t\u00e4nu sinna juhitud lisa\u00f5hule. Selline kolde ehitus kindlustab otstarbeka k\u00fctusekasutuse ja k\u00f5rge kasuteguri (75 %). Ahi on valmistatud kvaliteetsest katlaterasest, mis \u00f5igel kasutamisel tagab pika t\u00f6\u00f6ea (v\u00e4hemalt 15 aastat). Bulderi v\u00f5imsust reguleeritakse kolde ukses asuva \u00f5huregulaatoriga. Puiduga k\u00fctmisel t\u00f6\u00f6tab \u00f5husoojendi t\u00e4islaetud koldega \u00fcle 8 tunni. Suur ahjuuks ja mahukas p\u00f5lemiskamber lubab k\u00fctta ka j\u00e4medate puuhalgudega. \u00d5hkk\u00fctteahju k\u00fctesekulu on palju v\u00e4iksem kui traditsioonilisel ahjudel.<\/p>\n<p>&nbsp;<\/p>\n<p><a href=\"https:\/\/factory.sale\/wp-content\/uploads\/2023\/12\/Bulder-tuupi-ahjude-Polar-juhend.pdf\" target=\"_blank\" rel=\"noopener\">Lae siit alla bulder ahju kasutus- ja paigaldusjuhis<\/a><\/p>\n<p><a href=\"https:\/\/factory.sale\/wp-content\/uploads\/2022\/08\/Certificate-of-conformity.pdf\" target=\"_blank\" rel=\"noopener\">Certificate-of-conformity.pdf<\/a><\/p>\n","protected":false},"excerpt":{"rendered":"<p>11 toruga bulder ahi Polar 03 on tahke k\u00fctusega \u00f5hkk\u00fctteahi, mida on v\u00f5imalik kasutada nii elu- kui t\u00f6\u00f6stusruumide k\u00fctmiseks.<\/p>\n","protected":false},"featured_media":24477,"comment_status":"open","ping_status":"closed","template":"","meta":{"_acf_changed":false},"factory":[],"free-shipment":[],"product_brand":[],"product_cat":[1247,2311,1227],"product_tag":[1892],"class_list":{"0":"post-12250","1":"product","2":"type-product","3":"status-publish","4":"has-post-thumbnail","6":"product_cat-ahjud","7":"product_cat-bulder-ahjud","8":"product_cat-kute-vesi-ja-ventilatsioon","9":"product_tag-stove-et","11":"first","12":"instock","13":"sale","14":"taxable","15":"shipping-taxable","16":"purchasable","17":"product-type-simple"},"acf":[],"_links":{"self":[{"href":"https:\/\/factory.sale\/et\/wp-json\/wp\/v2\/product\/12250","targetHints":{"allow":["GET"]}}],"collection":[{"href":"https:\/\/factory.sale\/et\/wp-json\/wp\/v2\/product"}],"about":[{"href":"https:\/\/factory.sale\/et\/wp-json\/wp\/v2\/types\/product"}],"replies":[{"embeddable":true,"href":"https:\/\/factory.sale\/et\/wp-json\/wp\/v2\/comments?post=12250"}],"wp:featuredmedia":[{"embeddable":true,"href":"https:\/\/factory.sale\/et\/wp-json\/wp\/v2\/media\/24477"}],"wp:attachment":[{"href":"https:\/\/factory.sale\/et\/wp-json\/wp\/v2\/media?parent=12250"}],"wp:term":[{"taxonomy":"factory","embeddable":true,"href":"https:\/\/factory.sale\/et\/wp-json\/wp\/v2\/factory?post=12250"},{"taxonomy":"free-shipment","embeddable":true,"href":"https:\/\/factory.sale\/et\/wp-json\/wp\/v2\/free-shipment?post=12250"},{"taxonomy":"product_brand","embeddable":true,"href":"https:\/\/factory.sale\/et\/wp-json\/wp\/v2\/product_brand?post=12250"},{"taxonomy":"product_cat","embeddable":true,"href":"https:\/\/factory.sale\/et\/wp-json\/wp\/v2\/product_cat?post=12250"},{"taxonomy":"product_tag","embeddable":true,"href":"https:\/\/factory.sale\/et\/wp-json\/wp\/v2\/product_tag?post=12250"}],"curies":[{"name":"wp","href":"https:\/\/api.w.org\/{rel}","templated":true}]}}