{"id":1224,"date":"2019-11-09T13:24:22","date_gmt":"2019-11-09T13:24:22","guid":{"rendered":"https:\/\/factory.sale\/product\/lemar-lembit-super-paroisolation-s20-al-pye\/"},"modified":"2024-07-11T21:28:45","modified_gmt":"2024-07-11T18:28:45","slug":"lemar-lembit-super-paroisolation-s20-al-pye","status":"publish","type":"product","link":"https:\/\/factory.sale\/et\/toode\/lemar-lembit-super-paroisolation-s20-al-pye\/","title":{"rendered":"LEMAR LEMBIT SUPER PAROISOLATSIOON S20 Al + PYE"},"content":{"rendered":"<p>Aurut\u00f5kke katusevilt.<\/p>\n<div>\n<div class=\"para\">\n<div>Parameetrid<\/div>\n<div>\n<div class=\"para\">\n<table border=\"0\" width=\"100%\" cellspacing=\"0\" cellpadding=\"0\">\n<tbody>\n<tr class=\"row1 height=\">\n<td width=\"30%\">Toote kasutamine<\/td>\n<td>Aluskiht, aurut\u00f5ke<\/td>\n<\/tr>\n<tr class=\"row0 height=\">\n<td width=\"30%\">Kokkupaneku t\u00fc\u00fcp<\/td>\n<td>Isekleepuv, mehaaniline kinnitus<\/td>\n<\/tr>\n<tr class=\"row1 height=\">\n<td width=\"30%\">Kaalu t\u00fc\u00fcp<\/td>\n<td>SBS muudetud<\/td>\n<\/tr>\n<tr class=\"row0 height=\">\n<td width=\"30%\">L\u00f5ime t\u00fc\u00fcp<\/td>\n<td>alumiinium + pol\u00fcester<\/td>\n<\/tr>\n<tr class=\"row1 height=\">\n<td width=\"30%\">Paksus (mm)<\/td>\n<td>2<\/td>\n<\/tr>\n<tr class=\"row0 height=\">\n<td width=\"30%\">Maksimaalne t\u00f5mbej\u00f5ud (pikisuunas ja risti)<\/td>\n<td>800N \/ 600N +\/- 200N m\u00f5lemas suunas<\/td>\n<\/tr>\n<tr class=\"row1 height=\">\n<td width=\"30%\">Pikendamine maksimaalse t\u00f5mbej\u00f5u korral<\/td>\n<td>45% \/ 45% +\/- 15% m\u00f5lemas suunas<\/td>\n<\/tr>\n<tr class=\"row0 height=\">\n<td width=\"30%\">Voolu takistus maksimaalsel temperatuuril<\/td>\n<td>Min + 100 \u00b0 C<\/td>\n<\/tr>\n<tr class=\"row1 height=\">\n<td width=\"30%\">Madala temperatuuri paindlikkus<\/td>\n<td>-25 \u00b0 C<\/td>\n<\/tr>\n<tr class=\"row0 height=\">\n<td width=\"30%\">Veekindel<\/td>\n<td>200 kPa<\/td>\n<\/tr>\n<tr class=\"row1 height=\">\n<td width=\"30%\">Rulli pikkus, kogus kaubaalusel, kaal<\/td>\n<td>10m, 240m2, 550kg<\/td>\n<\/tr>\n<tr class=\"row0 height=\">\n<td width=\"30%\">Tuletundlikkus<\/td>\n<td>E klass<\/td>\n<\/tr>\n<tr class=\"row1 height=\">\n<td width=\"30%\">Standart<\/td>\n<td>EN 13970: 2004 \/ A1: 2006<\/td>\n<\/tr>\n<tr class=\"row0 height=\">\n<td width=\"30%\">Garantii<\/td>\n<td>12 aastat<\/td>\n<\/tr>\n<\/tbody>\n<\/table>\n<\/div>\n<\/div>\n<\/div>\n<\/div>\n","protected":false},"excerpt":{"rendered":"<p>Aurut\u00f5kke katusevilt. Aluskiht, aurut\u00f5ke. Isekleepuv, mehaaniline kinnitus.<\/p>\n","protected":false},"featured_media":1225,"comment_status":"open","ping_status":"closed","template":"","meta":{"_acf_changed":false},"factory":[],"free-shipment":[],"product_brand":[],"product_cat":[191,195],"product_tag":[144],"class_list":{"0":"post-1224","1":"product","2":"type-product","3":"status-publish","4":"has-post-thumbnail","6":"product_cat-katus","7":"product_cat-katuse-sbs","8":"product_tag-sbs-et-2","10":"first","11":"instock","12":"sale","13":"taxable","14":"shipping-taxable","15":"purchasable","16":"product-type-simple"},"acf":[],"_links":{"self":[{"href":"https:\/\/factory.sale\/et\/wp-json\/wp\/v2\/product\/1224","targetHints":{"allow":["GET"]}}],"collection":[{"href":"https:\/\/factory.sale\/et\/wp-json\/wp\/v2\/product"}],"about":[{"href":"https:\/\/factory.sale\/et\/wp-json\/wp\/v2\/types\/product"}],"replies":[{"embeddable":true,"href":"https:\/\/factory.sale\/et\/wp-json\/wp\/v2\/comments?post=1224"}],"wp:featuredmedia":[{"embeddable":true,"href":"https:\/\/factory.sale\/et\/wp-json\/wp\/v2\/media\/1225"}],"wp:attachment":[{"href":"https:\/\/factory.sale\/et\/wp-json\/wp\/v2\/media?parent=1224"}],"wp:term":[{"taxonomy":"factory","embeddable":true,"href":"https:\/\/factory.sale\/et\/wp-json\/wp\/v2\/factory?post=1224"},{"taxonomy":"free-shipment","embeddable":true,"href":"https:\/\/factory.sale\/et\/wp-json\/wp\/v2\/free-shipment?post=1224"},{"taxonomy":"product_brand","embeddable":true,"href":"https:\/\/factory.sale\/et\/wp-json\/wp\/v2\/product_brand?post=1224"},{"taxonomy":"product_cat","embeddable":true,"href":"https:\/\/factory.sale\/et\/wp-json\/wp\/v2\/product_cat?post=1224"},{"taxonomy":"product_tag","embeddable":true,"href":"https:\/\/factory.sale\/et\/wp-json\/wp\/v2\/product_tag?post=1224"}],"curies":[{"name":"wp","href":"https:\/\/api.w.org\/{rel}","templated":true}]}}