{"id":1222,"date":"2019-11-09T13:29:17","date_gmt":"2019-11-09T13:29:17","guid":{"rendered":"https:\/\/factory.sale\/product\/lemar-green-roof-system\/"},"modified":"2024-06-27T11:24:17","modified_gmt":"2024-06-27T11:24:17","slug":"lemar-green-roof-system","status":"publish","type":"product","link":"https:\/\/factory.sale\/et\/toode\/lemar-green-roof-system\/","title":{"rendered":"LEMAR ROHELISE KATUSE S\u00dcSTEEM"},"content":{"rendered":"<p>Juurikavastast katusevildit kasutav s\u00fcsteem LEMBIT ROHELINE KATUS on \u00fcmberp\u00f6\u00f6ratud kihiga s\u00fcsteemis valmistatud katus.<\/p>\n<p>Selles s\u00fcsteemis olev vesi l\u00e4bib k\u00f5iki katusekihte ja juhitakse viimasest kihist, mis on h\u00fcdroisolatsioon, kanalisatsiooni. Igat t\u00fc\u00fcpi katused kaetakse t\u00f5husalt ja p\u00fcsivalt rohelisega, kasutades selleks v\u00e4lja t\u00f6\u00f6tatud ja ehitatud s\u00fcsteemi.<\/p>\n<div>\n<ul>\n<li>rahustab linnakliimat,<\/li>\n<li>v\u00e4hendab t\u00e4navam\u00fcra,<\/li>\n<li>toimib t\u00e4iendava katuseisolatsioonina,<\/li>\n<li>v\u00f5imaldab taastada ehituseks kaotatud bioloogiliselt aktiivse pinna,<\/li>\n<li>taimkatte kasutamine katustel ja hoone fassaadidel on \u00fcks arhitektuurilise ruumi kujundamise elemente.<\/li>\n<\/ul>\n<p>&nbsp;<\/p>\n<p>S\u00fcsteem p\u00f5hineb neljal p\u00f5hikihil:<\/p>\n<ul>\n<li>isolatsioonikiht &#8211; veekindel, juurte kasvule vastupidav,<\/li>\n<li>drenaa\u017ei- ja filtreerimiskiht, mis on ette n\u00e4htud liigse vee \u00e4rajuhtimiseks, juurte tuulutamiseks ja katusekonstruktsiooni isolatsiooniv\u00e4\u00e4rtuse parandamiseks,<\/li>\n<li>taimkatte kiht &#8211; mineraalsete kivimite segust hoolikalt valitud granulaadiga valmistatud substraat,<\/li>\n<li>taimekiht.<\/li>\n<\/ul>\n<p>&nbsp;<\/p>\n<p><img loading=\"lazy\" decoding=\"async\" src=\"http:\/\/lemar.poznan.pl\/images\/ziel-dach-schemat.jpg\" alt=\"Ziel-roof-Scheme\" width=\"300\" height=\"322\" \/><\/p>\n<p>&nbsp;<\/p>\n<ul>\n<li>Intensiivne roheline<\/li>\n<li>aluspind<\/li>\n<li>Geotekstiil kaaluga 125g \/ m2<\/li>\n<li>Geotekstiil \u00e4mberfoolium baaskaaluga 125g \/ m2<\/li>\n<li>XPS S (Styrodur) lauad &#8211; \u00fclekattega freesitud<\/li>\n<li>Aurut\u00f5kekile paksusega 0,2 mm<\/li>\n<li>\u00dclemine katusevilt LEMBIT ROHELINE KATUS (juurevastane)<\/li>\n<li>LEMBIT SUPER P-PYE200 S50 SBS alusv\u00e4rv Primer: Betoon<\/li>\n<\/ul>\n<\/div>\n<div>Parameteetrid<\/div>\n<div>\n<div class=\"para\">\n<table border=\"0\" width=\"100%\" cellspacing=\"0\" cellpadding=\"0\">\n<tbody>\n<tr class=\"row1 height=\">\n<td width=\"30%\">Toote kasutamine<\/td>\n<td>Pealmine kate, \u00fche -ja mitmekihiliste katete jaoks. Sellel on juurevastased omadused. See on m\u00f5eldud pealmise kihina veekindluseks, maa-aluste parklate ja taimede kasvatamiseks m\u00f5eldud k\u00e4ikude isoleerimiseks<\/td>\n<\/tr>\n<tr class=\"row0 height=\">\n<td width=\"30%\">Kokkupaneku t\u00fc\u00fcp<\/td>\n<td>keevitamine<\/td>\n<\/tr>\n<tr class=\"row1 height=\">\n<td width=\"30%\">Kaalu t\u00fc\u00fcp<\/td>\n<td>SBS muudetud<\/td>\n<\/tr>\n<tr class=\"row0 height=\">\n<td width=\"30%\">L\u00f5ime t\u00fc\u00fcp<\/td>\n<td>Pol\u00fcesterkootud riie<\/td>\n<\/tr>\n<tr class=\"row1 height=\">\n<td width=\"30%\">Paksus(mm)<\/td>\n<td>5.2<\/td>\n<\/tr>\n<tr class=\"row0 height=\">\n<td width=\"30%\">Maksimaalne t\u00f5mbej\u00f5ud (pikisuunas ja risti)<\/td>\n<td>1000N \/ 850N +\/- 200N m\u00f5lemas suunas<\/td>\n<\/tr>\n<tr class=\"row1 height=\">\n<td width=\"30%\">Pikendamine maksimaalse t\u00f5mbej\u00f5u korral<\/td>\n<td>45% \/ 45% +\/- 15% m\u00f5lemas suunas<\/td>\n<\/tr>\n<tr class=\"row0 height=\">\n<td width=\"30%\">Voolu takistus maksimaalsel temperatuuril<\/td>\n<td>100 \u00b0 C<\/td>\n<\/tr>\n<tr class=\"row1 height=\">\n<td width=\"30%\">Paindlikkus madalal temperatuuril<\/td>\n<td>-22 \u00b0 C<\/td>\n<\/tr>\n<tr class=\"row0 height=\">\n<td width=\"30%\">Veekindel<\/td>\n<td>60 kPa<\/td>\n<\/tr>\n<tr class=\"row1 height=\">\n<td width=\"30%\">Rulli pikkus, kogus kaubaalusel, kaal<\/td>\n<td>5m, 120m2, 800kg<\/td>\n<\/tr>\n<tr class=\"row0 height=\">\n<td width=\"30%\">Tuletundlikkus<\/td>\n<td>E class<\/td>\n<\/tr>\n<tr class=\"row1 height=\">\n<td width=\"30%\">Standart<\/td>\n<td>EN 13707: 2004 + A2: 2009<\/td>\n<\/tr>\n<tr class=\"row0 height=\">\n<td width=\"30%\">Garantii<\/td>\n<td>10 aastat<\/td>\n<\/tr>\n<\/tbody>\n<\/table>\n<\/div>\n<\/div>\n","protected":false},"excerpt":{"rendered":"<p>Juurikavastast katusevildit kasutav s\u00fcsteem LEMBIT ROHELINE KATUS on \u00fcmberp\u00f6\u00f6ratud kihiga s\u00fcsteemis valmistatud katus. Selles s\u00fcsteemis olev vesi l\u00e4bib k\u00f5iki katusekihte ja juhitakse viimasest kihist, mis on h\u00fcdroisolatsioon, kanalisatsiooni. Igat t\u00fc\u00fcpi katused kaetakse t\u00f5husalt ja p\u00fcsivalt rohelisega, kasutades selleks v\u00e4lja t\u00f6\u00f6tatud ja ehitatud s\u00fcsteemi.<\/p>\n","protected":false},"featured_media":1223,"comment_status":"open","ping_status":"closed","template":"","meta":{"_acf_changed":false},"factory":[],"free-shipment":[],"product_brand":[],"product_cat":[191,193],"product_tag":[133],"class_list":{"0":"post-1222","1":"product","2":"type-product","3":"status-publish","4":"has-post-thumbnail","6":"product_cat-katus","7":"product_cat-roheline-katus","8":"product_tag-green-roof-et-2","10":"first","11":"instock","12":"sale","13":"taxable","14":"shipping-taxable","15":"purchasable","16":"product-type-simple"},"acf":[],"_links":{"self":[{"href":"https:\/\/factory.sale\/et\/wp-json\/wp\/v2\/product\/1222","targetHints":{"allow":["GET"]}}],"collection":[{"href":"https:\/\/factory.sale\/et\/wp-json\/wp\/v2\/product"}],"about":[{"href":"https:\/\/factory.sale\/et\/wp-json\/wp\/v2\/types\/product"}],"replies":[{"embeddable":true,"href":"https:\/\/factory.sale\/et\/wp-json\/wp\/v2\/comments?post=1222"}],"wp:featuredmedia":[{"embeddable":true,"href":"https:\/\/factory.sale\/et\/wp-json\/wp\/v2\/media\/1223"}],"wp:attachment":[{"href":"https:\/\/factory.sale\/et\/wp-json\/wp\/v2\/media?parent=1222"}],"wp:term":[{"taxonomy":"factory","embeddable":true,"href":"https:\/\/factory.sale\/et\/wp-json\/wp\/v2\/factory?post=1222"},{"taxonomy":"free-shipment","embeddable":true,"href":"https:\/\/factory.sale\/et\/wp-json\/wp\/v2\/free-shipment?post=1222"},{"taxonomy":"product_brand","embeddable":true,"href":"https:\/\/factory.sale\/et\/wp-json\/wp\/v2\/product_brand?post=1222"},{"taxonomy":"product_cat","embeddable":true,"href":"https:\/\/factory.sale\/et\/wp-json\/wp\/v2\/product_cat?post=1222"},{"taxonomy":"product_tag","embeddable":true,"href":"https:\/\/factory.sale\/et\/wp-json\/wp\/v2\/product_tag?post=1222"}],"curies":[{"name":"wp","href":"https:\/\/api.w.org\/{rel}","templated":true}]}}