{"id":1220,"date":"2019-11-09T13:42:46","date_gmt":"2019-11-09T13:42:46","guid":{"rendered":"https:\/\/factory.sale\/product\/blachotrapetz-roof-sheets\/"},"modified":"2024-06-27T17:29:59","modified_gmt":"2024-06-27T17:29:59","slug":"blachotrapetz-roof-sheets","status":"publish","type":"product","link":"https:\/\/factory.sale\/et\/toode\/blachotrapetz-roof-sheets\/","title":{"rendered":"BLACHOTRAPETZ Katuseplekid"},"content":{"rendered":"<p>Metallplaat on \u00fcks sagedamini kasutatavaid lahendusi elamutes, sakraalsetes ja avalikes hoonetes. T\u00e4isautomaatne tootmisprotsess v\u00f5imaldab metallilehti vajaliku pikkusega t\u00fckeldada ja seet\u00f5ttu ka k\u00f5ige ebaharilikumaid tellimusi toimetada, millega kaasneb ka j\u00e4\u00e4tmete v\u00e4hendamine. Blachotrapez pakub \u00fcle k\u00fcmne v\u00e4rvi metallplaate, mis on kaetud pol\u00fcestriga, Pladur\u00ae Eco Protect ThyssenKrupp, alumiiniumiga ja Colorcoat HP2000\u00ae Ultra. Metallplaatide kerge kaal on nende eriline eelis. 1 ruutmeetrit metallplekki kaalub umbes. 4,5 kg. T\u00e4nu oma kergusele ei koorma ega m\u00f5juta metallist katusealune katus kogu hoone konstruktsiooni.<\/p>\n<h3 class=\"ht\">Katuseplekid\u00a0&#8211; Tooted<\/h3>\n<div class=\"item\">\n<div class=\"imag\"><img decoding=\"async\" src=\"https:\/\/www.blachotrapez.eu\/files\/product\/mini_foto_974_1544184552.png\" alt=\"produkt\" \/><\/div>\n<div class=\"title\">\n<h3>Katuseplekid<br \/>\nTYSENIA<\/h3>\n<\/div>\n<div class=\"more\"><\/div>\n<\/div>\n<p><a href=\"https:\/\/www.blachotrapez.eu\/en\/prtm\/974\/tysenia\" target=\"_blank\" rel=\"noopener\">\u00a0<\/a><\/p>\n<div class=\"item\">\n<div class=\"imag\"><img decoding=\"async\" src=\"https:\/\/www.blachotrapez.eu\/files\/product\/mini_foto_968_1518772014.jpg\" alt=\"produkt\" \/><\/div>\n<div class=\"title\">\n<h3>Katuseplekid<br \/>\nGerman Simetric<\/h3>\n<\/div>\n<div class=\"more\"><\/div>\n<\/div>\n<p><a href=\"https:\/\/www.blachotrapez.eu\/en\/prtm\/968\/german-simetric\" target=\"_blank\" rel=\"noopener\">\u00a0<\/a><\/p>\n<div class=\"item\">\n<div class=\"imag\"><img decoding=\"async\" src=\"https:\/\/www.blachotrapez.eu\/files\/product\/mini_foto_108_1476092534.png\" alt=\"produkt\" \/><\/div>\n<div class=\"title\">\n<h3>Katuseplekid<br \/>\nTalia<\/h3>\n<\/div>\n<div class=\"more\"><\/div>\n<\/div>\n<p><a href=\"https:\/\/www.blachotrapez.eu\/en\/prtm\/108\/talia\" target=\"_blank\" rel=\"noopener\">\u00a0<\/a><\/p>\n<div class=\"item\">\n<div class=\"imag\"><img decoding=\"async\" src=\"https:\/\/www.blachotrapez.eu\/files\/product\/mini_foto_101_1476092652.png\" alt=\"produkt\" \/><\/div>\n<div class=\"title\">\n<h3>Katuseplekid<br \/>\nGermania Simetric<\/h3>\n<\/div>\n<div class=\"more\"><\/div>\n<\/div>\n<p><a href=\"https:\/\/www.blachotrapez.eu\/en\/prtm\/101\/germania-simetric-new\" target=\"_blank\" rel=\"noopener\">\u00a0<\/a><\/p>\n<div class=\"item\">\n<div class=\"imag\"><img decoding=\"async\" src=\"https:\/\/www.blachotrapez.eu\/files\/product\/mini_foto_103_1476092741.png\" alt=\"produkt\" \/><\/div>\n<div class=\"title\">\n<h3>Katuseplekid<br \/>\nDiament Eco Plus<\/h3>\n<\/div>\n<div class=\"more\"><\/div>\n<\/div>\n<p><a href=\"https:\/\/www.blachotrapez.eu\/en\/prtm\/103\/diament-eco-plus\" target=\"_blank\" rel=\"noopener\">\u00a0<\/a><\/p>\n<div class=\"item\">\n<div class=\"imag\"><img decoding=\"async\" src=\"https:\/\/www.blachotrapez.eu\/files\/product\/mini_foto_104_1476092794.png\" alt=\"produkt\" \/><\/div>\n<div class=\"title\">\n<h3>Katuseplekid<br \/>\nDiament Plus<\/h3>\n<\/div>\n<div class=\"more\"><\/div>\n<\/div>\n<p><a href=\"https:\/\/www.blachotrapez.eu\/en\/prtm\/104\/diament-plus\" target=\"_blank\" rel=\"noopener\">\u00a0<\/a><\/p>\n<div class=\"item\">\n<div class=\"imag\"><img decoding=\"async\" src=\"https:\/\/www.blachotrapez.eu\/files\/product\/mini_foto_105_1476093025.png\" alt=\"produkt\" \/><\/div>\n<div class=\"title\">\n<h3>Katuseplekid<br \/>\nKingas<\/h3>\n<\/div>\n<div class=\"more\"><\/div>\n<\/div>\n<p><a href=\"https:\/\/www.blachotrapez.eu\/en\/prtm\/105\/kingas\" target=\"_blank\" rel=\"noopener\">\u00a0<\/a><\/p>\n<div class=\"item\">\n<div class=\"imag\"><img decoding=\"async\" src=\"https:\/\/www.blachotrapez.eu\/files\/product\/mini_foto_106_1476092867.png\" alt=\"produkt\" \/><\/div>\n<div class=\"title\">\n<h3>Katuseplekid<br \/>\nKingas Eco Plus<\/h3>\n<\/div>\n<div class=\"more\"><\/div>\n<\/div>\n<p><a href=\"https:\/\/www.blachotrapez.eu\/en\/prtm\/106\/kingas-eco-plus\" target=\"_blank\" rel=\"noopener\">\u00a0<\/a><\/p>\n<div class=\"item\">\n<div class=\"imag\"><img decoding=\"async\" src=\"https:\/\/www.blachotrapez.eu\/files\/product\/mini_foto_107_1476092934.png\" alt=\"produkt\" \/><\/div>\n<div class=\"title\">\n<h3>Katuseplekid<br \/>\nKingas 15<\/h3>\n<\/div>\n<\/div>\n<p>&nbsp;<\/p>\n","protected":false},"excerpt":{"rendered":"<p>Metallplaat on \u00fcks sagedamini kasutatavaid lahendusi elamutes, sakraalsetes ja avalikes hoonetes. T\u00e4isautomaatne tootmisprotsess v\u00f5imaldab metallilehti vajaliku pikkusega t\u00fckeldada ja seet\u00f5ttu ka k\u00f5ige ebaharilikumaid tellimusi toimetada, millega kaasneb j\u00e4\u00e4tmete v\u00e4hendamine. Blachotrapez pakub \u00fcle k\u00fcmne v\u00e4rvi metallplaate, mis on kaetud pol\u00fcestriga, Pladur\u00ae Eco Protect ThyssenKrupp, alumiiniumiga ja Colorcoat HP2000\u00ae Ultra. Metallplaatide kerge kaal on nende eriline eelis. 1 ruutmeetrit metallplekki kaalub umbes. 4,5 kg. T\u00e4nu oma kergusele ei koorma ega m\u00f5juta metallist katusealune katus kogu hoone konstruktsiooni.<\/p>\n","protected":false},"featured_media":1221,"comment_status":"open","ping_status":"closed","template":"","meta":{"_acf_changed":false},"factory":[],"free-shipment":[],"product_brand":[],"product_cat":[191,196],"product_tag":[142],"class_list":{"0":"post-1220","1":"product","2":"type-product","3":"status-publish","4":"has-post-thumbnail","6":"product_cat-katus","7":"product_cat-katuse-plekid","8":"product_tag-roof-sheets-et-2","10":"first","11":"instock","12":"sale","13":"taxable","14":"shipping-taxable","15":"purchasable","16":"product-type-simple"},"acf":[],"_links":{"self":[{"href":"https:\/\/factory.sale\/et\/wp-json\/wp\/v2\/product\/1220","targetHints":{"allow":["GET"]}}],"collection":[{"href":"https:\/\/factory.sale\/et\/wp-json\/wp\/v2\/product"}],"about":[{"href":"https:\/\/factory.sale\/et\/wp-json\/wp\/v2\/types\/product"}],"replies":[{"embeddable":true,"href":"https:\/\/factory.sale\/et\/wp-json\/wp\/v2\/comments?post=1220"}],"wp:featuredmedia":[{"embeddable":true,"href":"https:\/\/factory.sale\/et\/wp-json\/wp\/v2\/media\/1221"}],"wp:attachment":[{"href":"https:\/\/factory.sale\/et\/wp-json\/wp\/v2\/media?parent=1220"}],"wp:term":[{"taxonomy":"factory","embeddable":true,"href":"https:\/\/factory.sale\/et\/wp-json\/wp\/v2\/factory?post=1220"},{"taxonomy":"free-shipment","embeddable":true,"href":"https:\/\/factory.sale\/et\/wp-json\/wp\/v2\/free-shipment?post=1220"},{"taxonomy":"product_brand","embeddable":true,"href":"https:\/\/factory.sale\/et\/wp-json\/wp\/v2\/product_brand?post=1220"},{"taxonomy":"product_cat","embeddable":true,"href":"https:\/\/factory.sale\/et\/wp-json\/wp\/v2\/product_cat?post=1220"},{"taxonomy":"product_tag","embeddable":true,"href":"https:\/\/factory.sale\/et\/wp-json\/wp\/v2\/product_tag?post=1220"}],"curies":[{"name":"wp","href":"https:\/\/api.w.org\/{rel}","templated":true}]}}