{"id":12195,"date":"2022-08-25T05:43:02","date_gmt":"2022-08-25T05:45:33","guid":{"rendered":"https:\/\/factory.sale\/?post_type=product&#038;p=12195"},"modified":"2024-06-26T19:40:43","modified_gmt":"2024-06-26T19:40:43","slug":"ripptool-hall","status":"publish","type":"product","link":"https:\/\/factory.sale\/et\/toode\/ripptool-hall\/","title":{"rendered":"Ripptool HALL"},"content":{"rendered":"<p>Ripptool sobib kasutamiseks nii \u00f5ues kui\u00a0siseruumis. Puuvillasest v\u00f5rgust punutud\u00a0tool on musta v\u00e4rvi ja ripptooli alaosas<br \/>\nkaunistuseks narmad.<\/p>\n<p>&nbsp;<\/p>\n<p><strong>Lisainformatsioon:<\/strong><\/p>\n<ul>\n<li>Raam: metall, puuvill<\/li>\n<li>M\u00f5\u00f5dud:\u00d880cm, istumisosa \u00d860cm.<\/li>\n<\/ul>\n","protected":false},"excerpt":{"rendered":"<p>Ripptool sobib kasutamiseks nii \u00f5ues kui\u00a0siseruumis.<\/p>\n","protected":false},"featured_media":12193,"comment_status":"open","ping_status":"closed","template":"","meta":{"_acf_changed":false},"factory":[],"free-shipment":[],"product_brand":[],"product_cat":[924],"product_tag":[1483,1484],"class_list":{"0":"post-12195","1":"product","2":"type-product","3":"status-publish","4":"has-post-thumbnail","6":"product_cat-aiatooted","7":"product_tag-garden-et","8":"product_tag-yard-et","10":"first","11":"instock","12":"sale","13":"taxable","14":"shipping-taxable","15":"purchasable","16":"product-type-simple"},"acf":[],"_links":{"self":[{"href":"https:\/\/factory.sale\/et\/wp-json\/wp\/v2\/product\/12195","targetHints":{"allow":["GET"]}}],"collection":[{"href":"https:\/\/factory.sale\/et\/wp-json\/wp\/v2\/product"}],"about":[{"href":"https:\/\/factory.sale\/et\/wp-json\/wp\/v2\/types\/product"}],"replies":[{"embeddable":true,"href":"https:\/\/factory.sale\/et\/wp-json\/wp\/v2\/comments?post=12195"}],"wp:featuredmedia":[{"embeddable":true,"href":"https:\/\/factory.sale\/et\/wp-json\/wp\/v2\/media\/12193"}],"wp:attachment":[{"href":"https:\/\/factory.sale\/et\/wp-json\/wp\/v2\/media?parent=12195"}],"wp:term":[{"taxonomy":"factory","embeddable":true,"href":"https:\/\/factory.sale\/et\/wp-json\/wp\/v2\/factory?post=12195"},{"taxonomy":"free-shipment","embeddable":true,"href":"https:\/\/factory.sale\/et\/wp-json\/wp\/v2\/free-shipment?post=12195"},{"taxonomy":"product_brand","embeddable":true,"href":"https:\/\/factory.sale\/et\/wp-json\/wp\/v2\/product_brand?post=12195"},{"taxonomy":"product_cat","embeddable":true,"href":"https:\/\/factory.sale\/et\/wp-json\/wp\/v2\/product_cat?post=12195"},{"taxonomy":"product_tag","embeddable":true,"href":"https:\/\/factory.sale\/et\/wp-json\/wp\/v2\/product_tag?post=12195"}],"curies":[{"name":"wp","href":"https:\/\/api.w.org\/{rel}","templated":true}]}}