{"id":12188,"date":"2022-08-25T05:30:16","date_gmt":"2022-08-25T05:32:46","guid":{"rendered":"https:\/\/factory.sale\/?post_type=product&#038;p=12188"},"modified":"2025-10-29T11:18:53","modified_gmt":"2025-10-29T08:18:53","slug":"ripptool","status":"publish","type":"product","link":"https:\/\/factory.sale\/et\/toode\/ripptool\/","title":{"rendered":"Ripptool"},"content":{"rendered":"<p>Ripptool sobib kasutamiseks nii \u00f5ues kui siseruumis. Puuvillasest v\u00f5rgust punutud tool on naturaal valge ja ripptooli alaosas kaunistuseks narmad.<\/p>\n<p>&nbsp;<\/p>\n<p><strong>Komplektis<\/strong>\u00a0:<\/p>\n<ul>\n<li>padjad 60 x 60 cm ja 40 cm x 40 cm<\/li>\n<\/ul>\n<p>&nbsp;<\/p>\n<p>&nbsp;<\/p>\n<p><strong>Lisainformatsioon:<\/strong><\/p>\n<ul>\n<li>M\u00f5\u00f5dud:\u00d880cm,<\/li>\n<li>Istumisosa \u00d860cm.<\/li>\n<li>Raam: metall, puuvill<\/li>\n<li>Kandev\u00f5ime: 100kg<\/li>\n<\/ul>\n","protected":false},"excerpt":{"rendered":"<p>Ripptool sobib kasutamiseks nii \u00f5ues kui siseruumis.<\/p>\n","protected":false},"featured_media":12180,"comment_status":"open","ping_status":"closed","template":"","meta":{"_acf_changed":false},"factory":[],"free-shipment":[],"product_brand":[],"product_cat":[924],"product_tag":[1483,1484],"class_list":{"0":"post-12188","1":"product","2":"type-product","3":"status-publish","4":"has-post-thumbnail","6":"product_cat-aiatooted","7":"product_tag-garden-et","8":"product_tag-yard-et","10":"first","11":"instock","12":"sale","13":"taxable","14":"shipping-taxable","15":"purchasable","16":"product-type-simple"},"acf":[],"_links":{"self":[{"href":"https:\/\/factory.sale\/et\/wp-json\/wp\/v2\/product\/12188","targetHints":{"allow":["GET"]}}],"collection":[{"href":"https:\/\/factory.sale\/et\/wp-json\/wp\/v2\/product"}],"about":[{"href":"https:\/\/factory.sale\/et\/wp-json\/wp\/v2\/types\/product"}],"replies":[{"embeddable":true,"href":"https:\/\/factory.sale\/et\/wp-json\/wp\/v2\/comments?post=12188"}],"wp:featuredmedia":[{"embeddable":true,"href":"https:\/\/factory.sale\/et\/wp-json\/wp\/v2\/media\/12180"}],"wp:attachment":[{"href":"https:\/\/factory.sale\/et\/wp-json\/wp\/v2\/media?parent=12188"}],"wp:term":[{"taxonomy":"factory","embeddable":true,"href":"https:\/\/factory.sale\/et\/wp-json\/wp\/v2\/factory?post=12188"},{"taxonomy":"free-shipment","embeddable":true,"href":"https:\/\/factory.sale\/et\/wp-json\/wp\/v2\/free-shipment?post=12188"},{"taxonomy":"product_brand","embeddable":true,"href":"https:\/\/factory.sale\/et\/wp-json\/wp\/v2\/product_brand?post=12188"},{"taxonomy":"product_cat","embeddable":true,"href":"https:\/\/factory.sale\/et\/wp-json\/wp\/v2\/product_cat?post=12188"},{"taxonomy":"product_tag","embeddable":true,"href":"https:\/\/factory.sale\/et\/wp-json\/wp\/v2\/product_tag?post=12188"}],"curies":[{"name":"wp","href":"https:\/\/api.w.org\/{rel}","templated":true}]}}