{"id":1217,"date":"2019-11-09T14:12:39","date_gmt":"2019-11-09T14:12:39","guid":{"rendered":"https:\/\/factory.sale\/product\/german-simetric\/"},"modified":"2024-06-29T08:07:30","modified_gmt":"2024-06-29T08:07:30","slug":"german-simetric","status":"publish","type":"product","link":"https:\/\/factory.sale\/et\/toode\/german-simetric\/","title":{"rendered":"Blachotrapez Saksa S\u00fcmmeetriline"},"content":{"rendered":"<p>Metallplaat on \u00fcks sagedamini kasutatavaid lahendusi elamutes, sakraalsetes ja avalikes hoonetes. T\u00e4isautomaatne tootmisprotsess v\u00f5imaldab metallilehti vajaliku pikkusega t\u00fckeldada ja seet\u00f5ttu ka k\u00f5ige ebaharilikumaid tellimusi toimetada, millega kaasneb j\u00e4\u00e4tmete v\u00e4hendamine. Blachotrapez pakub \u00fcle k\u00fcmne v\u00e4rvi metallplaate, mis on kaetud pol\u00fcestriga, Pladur\u00ae Eco Protect ThyssenKrupp, alumiiniumiga ja Colorcoat HP2000\u00ae Ultra. Metallplaatide kerge kaal on nende eriline eelis. 1 ruutmeetrit metallplekki kaalub umbes. 4,5 kg. T\u00e4nu oma kergusele ei koorma ega m\u00f5juta metallist katusealune katus kogu hoone konstruktsiooni.<\/p>\n<p><strong>T\u00e4pselt teie katuse jaoks kohandatud. Saksa Simetric &#8211; uus katuseplekk Blachotrapezi pakkumises<\/strong><br \/>\nSaksa Simetric t\u00e4hendab t\u00e4psust, t\u00f6\u00f6kindlust ja klassikalist ilu. N\u00fc\u00fcd saab teha isegi keerulisi katusekonstruktsioone<br \/>\nusaldusv\u00e4\u00e4rsest Saksa Simetric katusekivi, mis kaitseb teid ja teie pere aastaid.<\/p>\n<div class=\"moreProduct contenttab21\">\n<section>\n<div class=\"nag\">\n<h3>Tehnilised detailid<\/h3>\n<\/div>\n<table class=\"tabelka\">\n<tbody>\n<tr>\n<th scope=\"row\">Totaalne laius:<\/th>\n<td><strong>~<\/strong><strong>1200 mm<\/strong><\/td>\n<\/tr>\n<tr>\n<th scope=\"row\">Katte laius:<\/th>\n<td><strong>1144 mm<\/strong><\/td>\n<\/tr>\n<tr>\n<th scope=\"row\">Valmistoote paksus (teras):<\/th>\n<td><strong>0,5 mm<\/strong><\/td>\n<\/tr>\n<tr>\n<th scope=\"row\">Pigi:<\/th>\n<td><strong>190,7 mm<\/strong><\/td>\n<\/tr>\n<tr>\n<th scope=\"row\">Moodustamise k\u00f5rgus:<\/th>\n<td><strong>29\/40 mm<\/strong><\/td>\n<\/tr>\n<tr>\n<th scope=\"row\">Profiili s\u00fcgavus:<\/th>\n<td><strong>21 mm<\/strong><\/td>\n<\/tr>\n<tr>\n<th scope=\"row\">Mooduli pikkus:<\/th>\n<td><strong>350 mm<\/strong><\/td>\n<\/tr>\n<tr>\n<th scope=\"row\">Minimaalne lehe pikkus:<\/th>\n<td><strong>720 mm<\/strong><\/td>\n<\/tr>\n<tr>\n<th scope=\"row\">Maksimaalne lehe pikkus:<\/th>\n<td><strong>5970 mm<\/strong><\/td>\n<\/tr>\n<\/tbody>\n<\/table>\n<div><a href=\"https:\/\/www.blachotrapez.eu\/files\/cke\/RysunkiTechniczne\/GermanRT.jpg\" target=\"_blank\" rel=\"noopener\"><img decoding=\"async\" src=\"https:\/\/www.blachotrapez.eu\/files\/cke\/RysunkiTechniczne\/GermanRT.jpg\" alt=\"\" \/><\/a><\/div>\n<\/section>\n<\/div>\n<div class=\"moreProduct contenttab22\">\n<div class=\"line\"><\/div>\n<section>\n<div class=\"nag\">\n<div class=\"lineInner\"><\/div>\n<h3>Kirjeldus<\/h3>\n<\/div>\n<h2>Kvaliteetseim teras<\/h2>\n<p>SAKSA SIMETRIC on as\u00fcmmeetriline modulaarne katusekivi, mida kliendid soovivad moodsa ja atraktiivse v\u00e4ljan\u00e4gemise t\u00f5ttu ning katusekatteid h\u00f5lpsaks paigaldamiseks. Tooraine k\u00f5rge kvaliteet on ka SAKSA SIMETRIKA suur eelis. Blachotrapez kasutab Saksamaa terasetehase Thyssenkrupp Steel Europe terast, mis on maailma juhtiv t\u00f6\u00f6stuses ja teisi tuntud tootjatest, kellega Blachotrapez t\u00f6\u00f6tab. Parimatest toorainetest valmistatud germaani SIMETRIC on suurendanud kulumiskindlust ja mustust, samuti on k\u00f5rge korrosioonikindlusega.<\/p>\n<h2>T\u00e4nu t\u00e4psusele lihtne kokkupanek<\/h2>\n<p>Uut Blachotrapezi toodet eristab kindlasti erakordne t\u00e4psus &#8211; modulaarsus ja kergus. SAKSA SIMETRIC v\u00f5imaldab teil katta isegi v\u00e4ga keerulisi katuseid. See t\u00e4hendab ka katuse\u00f6konoomiat &#8211; paigaldamise ajal kasutatakse optimaalset arvu lehti, ilma et oleks vaja katusekive sageli l\u00f5igata. Kvaliteetseima tooraine kombinatsioon t\u00e4psete m\u00f5\u00f5tmetega tagab katte tiheduse ja pikaajalise vastupidavuse. S\u00f5ltuvalt kaitsekatte valikust pakub tootja garanteeritud toodet kuni 50 aastaks (PLADUR\u00ae Wrinkle Mat Plus katmine).<\/p>\n<h2>Klassikaline ilme kahekordse reljeefiga<\/h2>\n<p>Klassikalise visuaalefekti eest hoolitsevad investorid hindavad katusekivide traditsioonilise v\u00e4ljan\u00e4gemise j\u00e4rgi SAKSA SIMETRIC-i. Stiilne, sirge, kahekordse reljeefiga vorm vastab praegustele suundumustele ja r\u00f5hutab kodu ilmet.<\/p>\n<p>Kaasaegne katusekivi SAKSA SIMETRIC t\u00f6\u00f6tab mitte ainult uutel hoonetel, vaid ka vanade hoonete katustel. Katusekatted on saadaval k\u00f5ikides v\u00e4rvivalikutes, mis annab laia valiku nii kaasaegsete rajatiste rakendamisel kui ka v\u00f5imaldab rekonstrueerida vanade hoonete algse ilme.<\/p>\n<\/section>\n<\/div>\n<div class=\"moreProduct contenttab23\">\n<div class=\"line\"><\/div>\n<section>\n<div class=\"nag\">\n<div class=\"lineInner\"><\/div>\n<h3>V\u00e4rvid<\/h3>\n<\/div>\n<p><img decoding=\"async\" src=\"https:\/\/www.blachotrapez.eu\/files\/cke\/kolory\/icecrystal.png\" alt=\"\" \/>\u00a0<img decoding=\"async\" src=\"https:\/\/www.blachotrapez.eu\/files\/cke\/kolory\/wrinklemattk.png\" alt=\"\" \/>\u00a0<img decoding=\"async\" src=\"https:\/\/www.blachotrapez.eu\/files\/cke\/kolory\/superiorhb.png\" alt=\"\" \/>\u00a0<img decoding=\"async\" src=\"https:\/\/www.blachotrapez.eu\/files\/cke\/kolory\/hps2000ultra.png\" alt=\"\" \/>\u00a0<img decoding=\"async\" src=\"https:\/\/www.blachotrapez.eu\/files\/cke\/kolory\/ral.png\" alt=\"\" \/>\u00a0<img decoding=\"async\" src=\"https:\/\/www.blachotrapez.eu\/files\/cke\/kolory\/ralpremiumtk.png\" alt=\"\" \/>\u00a0<img decoding=\"async\" src=\"https:\/\/www.blachotrapez.eu\/files\/cke\/kolory\/MATPLUS.png\" alt=\"\" \/><\/p>\n<div>Monitori erinevate s\u00e4tete t\u00f5ttu v\u00f5ivad v\u00e4rvid erineda tegelikkusest, seet\u00f5ttu on v\u00e4rvid ligikaudsed.<br \/>\n<strong>V\u00e4rviproovide suhtes kehtivad tootmistolerantsid ja need v\u00f5ivad ehitusplatsile tarnitud materjalist pisut erineda.<\/strong><\/div>\n<\/section>\n<\/div>\n","protected":false},"excerpt":{"rendered":"<p>Metallplaat on \u00fcks sagedamini kasutatavaid lahendusi elamutes, sakraalsetes ja avalikes hoonetes. T\u00e4isautomaatne tootmisprotsess v\u00f5imaldab metallilehti vajaliku pikkusega t\u00fckeldada ja seet\u00f5ttu ka k\u00f5ige ebaharilikumaid tellimusi toimetada, millega kaasneb j\u00e4\u00e4tmete v\u00e4hendamine. Blachotrapez pakub \u00fcle k\u00fcmne v\u00e4rvi metallplaate, mis on kaetud pol\u00fcestriga, Pladur\u00ae Eco Protect ThyssenKrupp, alumiiniumiga ja Colorcoat HP2000\u00ae Ultra. Metallplaatide kerge kaal on nende eriline eelis. 1 ruutmeetrit metallplekki kaalub umbes. 4,5 kg. T\u00e4nu oma kergusele ei koorma ega m\u00f5juta metallist katusealune katus kogu hoone konstruktsiooni.<\/p>\n","protected":false},"featured_media":1219,"comment_status":"open","ping_status":"closed","template":"","meta":{"_acf_changed":false},"factory":[],"free-shipment":[],"product_brand":[],"product_cat":[191,196],"product_tag":[139],"class_list":{"0":"post-1217","1":"product","2":"type-product","3":"status-publish","4":"has-post-thumbnail","6":"product_cat-katus","7":"product_cat-katuse-plekid","8":"product_tag-rood-sheets-et-2","10":"first","11":"instock","12":"sale","13":"taxable","14":"shipping-taxable","15":"purchasable","16":"product-type-simple"},"acf":[],"_links":{"self":[{"href":"https:\/\/factory.sale\/et\/wp-json\/wp\/v2\/product\/1217","targetHints":{"allow":["GET"]}}],"collection":[{"href":"https:\/\/factory.sale\/et\/wp-json\/wp\/v2\/product"}],"about":[{"href":"https:\/\/factory.sale\/et\/wp-json\/wp\/v2\/types\/product"}],"replies":[{"embeddable":true,"href":"https:\/\/factory.sale\/et\/wp-json\/wp\/v2\/comments?post=1217"}],"wp:featuredmedia":[{"embeddable":true,"href":"https:\/\/factory.sale\/et\/wp-json\/wp\/v2\/media\/1219"}],"wp:attachment":[{"href":"https:\/\/factory.sale\/et\/wp-json\/wp\/v2\/media?parent=1217"}],"wp:term":[{"taxonomy":"factory","embeddable":true,"href":"https:\/\/factory.sale\/et\/wp-json\/wp\/v2\/factory?post=1217"},{"taxonomy":"free-shipment","embeddable":true,"href":"https:\/\/factory.sale\/et\/wp-json\/wp\/v2\/free-shipment?post=1217"},{"taxonomy":"product_brand","embeddable":true,"href":"https:\/\/factory.sale\/et\/wp-json\/wp\/v2\/product_brand?post=1217"},{"taxonomy":"product_cat","embeddable":true,"href":"https:\/\/factory.sale\/et\/wp-json\/wp\/v2\/product_cat?post=1217"},{"taxonomy":"product_tag","embeddable":true,"href":"https:\/\/factory.sale\/et\/wp-json\/wp\/v2\/product_tag?post=1217"}],"curies":[{"name":"wp","href":"https:\/\/api.w.org\/{rel}","templated":true}]}}