{"id":12134,"date":"2022-08-24T14:44:04","date_gmt":"2022-08-24T14:42:03","guid":{"rendered":"https:\/\/factory.sale\/?post_type=product&#038;p=12134"},"modified":"2024-07-01T13:52:46","modified_gmt":"2024-07-01T13:52:46","slug":"terrassisoojendi-valgusti-roostevaba-korpusega","status":"publish","type":"product","link":"https:\/\/factory.sale\/et\/toode\/terrassisoojendi-valgusti-roostevaba-korpusega\/","title":{"rendered":"Terrassisoojendi-valgusti (roostevaba korpusega)"},"content":{"rendered":"<p>Terrassisoojendi-valgusti (roostevaba korpusega) korpusega muudab suve\u00f5htud hubaseks ja meeldej\u00e4\u00e4vaks ning pikendab terrassihooaega ka jahedatel s\u00fcgis\u00f5htutel. Klaastorus ohutult p\u00f5lev tuleleek annab nii valgust kui sooja. T\u00e4nu seda \u00fcmbritsevale mittekuumenevale metallv\u00f5rele on soojendaja t\u00e4iesti ohutu.\u00a0Soojendaja liigutamise teeb mugavaks \u00fchel k\u00fcljel asuvad rattad.<\/p>\n<p>&nbsp;<\/p>\n<p>&nbsp;<\/p>\n<p><strong>Lisainformatsioon:<\/strong><\/p>\n<ul>\n<li>Soojendamise v\u00f5imsus 5-10,5 kW<\/li>\n<li>Soojendamise raadius umbes 5m soojendajast.<\/li>\n<li>Gaasikulu\u00a00,41-0,76 kg\/h<\/li>\n<li>Leegi k\u00f5rguse elektrooniline reguleerimine.<\/li>\n<li>Sobiv gaas: propaan, butaan v\u00f5i nende segu.<\/li>\n<li>K\u00f5rgus 2200mm<\/li>\n<li>Kaal 26 kg.<\/li>\n<li>Elektrooniline s\u00fc\u00fcde<\/li>\n<li>Reduktor ja gaasipalloon ei ole komplektis.<\/li>\n<\/ul>\n","protected":false},"excerpt":{"rendered":"<p>Terrassisoojendi-valgusti (roostevaba korpusega) korpusega muudab suve\u00f5htud hubaseks ja meeldej\u00e4\u00e4vaks ning pikendab terrassihooaega ka jahedatel s\u00fcgis\u00f5htutel.<\/p>\n","protected":false},"featured_media":12137,"comment_status":"open","ping_status":"closed","template":"","meta":{"_acf_changed":false},"factory":[],"free-shipment":[],"product_brand":[],"product_cat":[924],"product_tag":[1483,584,1484],"class_list":{"0":"post-12134","1":"product","2":"type-product","3":"status-publish","4":"has-post-thumbnail","6":"product_cat-aiatooted","7":"product_tag-garden-et","8":"product_tag-light-et","9":"product_tag-yard-et","11":"first","12":"instock","13":"sale","14":"taxable","15":"shipping-taxable","16":"purchasable","17":"product-type-simple"},"acf":[],"_links":{"self":[{"href":"https:\/\/factory.sale\/et\/wp-json\/wp\/v2\/product\/12134","targetHints":{"allow":["GET"]}}],"collection":[{"href":"https:\/\/factory.sale\/et\/wp-json\/wp\/v2\/product"}],"about":[{"href":"https:\/\/factory.sale\/et\/wp-json\/wp\/v2\/types\/product"}],"replies":[{"embeddable":true,"href":"https:\/\/factory.sale\/et\/wp-json\/wp\/v2\/comments?post=12134"}],"wp:featuredmedia":[{"embeddable":true,"href":"https:\/\/factory.sale\/et\/wp-json\/wp\/v2\/media\/12137"}],"wp:attachment":[{"href":"https:\/\/factory.sale\/et\/wp-json\/wp\/v2\/media?parent=12134"}],"wp:term":[{"taxonomy":"factory","embeddable":true,"href":"https:\/\/factory.sale\/et\/wp-json\/wp\/v2\/factory?post=12134"},{"taxonomy":"free-shipment","embeddable":true,"href":"https:\/\/factory.sale\/et\/wp-json\/wp\/v2\/free-shipment?post=12134"},{"taxonomy":"product_brand","embeddable":true,"href":"https:\/\/factory.sale\/et\/wp-json\/wp\/v2\/product_brand?post=12134"},{"taxonomy":"product_cat","embeddable":true,"href":"https:\/\/factory.sale\/et\/wp-json\/wp\/v2\/product_cat?post=12134"},{"taxonomy":"product_tag","embeddable":true,"href":"https:\/\/factory.sale\/et\/wp-json\/wp\/v2\/product_tag?post=12134"}],"curies":[{"name":"wp","href":"https:\/\/api.w.org\/{rel}","templated":true}]}}