{"id":1213,"date":"2019-11-09T14:23:14","date_gmt":"2019-11-09T14:23:14","guid":{"rendered":"https:\/\/factory.sale\/product\/germania-simetric\/"},"modified":"2024-06-29T17:16:58","modified_gmt":"2024-06-29T17:16:58","slug":"germania-simetric","status":"publish","type":"product","link":"https:\/\/factory.sale\/et\/toode\/germania-simetric\/","title":{"rendered":"Blachotrapez Germania S\u00fcmmeetriline"},"content":{"rendered":"<p>Metallplaat on \u00fcks sagedamini kasutatavaid lahendusi elamutes, sakraalsetes ja avalikes hoonetes. T\u00e4isautomaatne tootmisprotsess v\u00f5imaldab metallilehti vajaliku pikkusega t\u00fckeldada ja seet\u00f5ttu ka k\u00f5ige ebaharilikumaid tellimusi toimetada, millega kaasneb j\u00e4\u00e4tmete v\u00e4hendamine. Blachotrapez pakub \u00fcle k\u00fcmne v\u00e4rvi metallplaate, mis on kaetud pol\u00fcestriga, Pladur\u00ae Eco Protect ThyssenKrupp, alumiiniumiga ja Colorcoat HP2000\u00ae Ultra. Metallplaatide kerge kaal on nende eriline eelis. 1 ruutmeetrit metallplekki kaalub umbes. 4,5 kg. T\u00e4nu oma kergusele ei koorma ega m\u00f5juta metallist katusealune katus kogu hoone konstruktsiooni.<\/p>\n<p>Ainulaadsed, kolmekordsed ribid tagavad lehe parema j\u00e4ikuse ja vastuv\u00f5tlikkuse t\u00f6\u00f6tlusele.<br \/>\nProfiilitud nurgad v\u00f5imaldavad lehtede ideaalset paigaldamist, lihtsat ja mugavat kasutamist.<\/p>\n<div class=\"nag\"><\/div>\n<div>\n<div class=\"moreProduct contenttab23\">\n<section>\n<div class=\"moreProduct contenttab21\">\n<section>\n<div class=\"nag\">\n<h3>Tehnilised detailid<\/h3>\n<\/div>\n<table class=\"tabelka\">\n<tbody>\n<tr>\n<th scope=\"row\">Totaalne laius:<\/th>\n<td>~<strong>1215 mm<\/strong><\/td>\n<\/tr>\n<tr>\n<th scope=\"row\">Efektiivne laius:<\/th>\n<td><strong>1120 mm<\/strong><\/td>\n<\/tr>\n<tr>\n<th scope=\"row\">Valmistoote paksus (teras):<\/th>\n<td><strong>0,5 mm<\/strong><\/td>\n<\/tr>\n<tr>\n<th scope=\"row\">Pigi:<\/th>\n<td><strong>224 mm<\/strong><\/td>\n<\/tr>\n<tr>\n<th scope=\"row\">Moodustamise k\u00f5rgus:<\/th>\n<td><strong>25\/30 mm<\/strong><\/td>\n<\/tr>\n<tr>\n<th scope=\"row\">Profiili s\u00fcgavus:<\/th>\n<td><strong>20 mm<\/strong><\/td>\n<\/tr>\n<tr>\n<th scope=\"row\">Mooduli pikkus:<\/th>\n<td><strong>350 mm<\/strong><\/td>\n<\/tr>\n<tr>\n<th scope=\"row\">Minimaalne lehe pikkus:<\/th>\n<td><strong>720 mm<\/strong><\/td>\n<\/tr>\n<tr>\n<th scope=\"row\">Maksimaalne lehe pikkus:<\/th>\n<td><strong>5 970 mm<\/strong><\/td>\n<\/tr>\n<\/tbody>\n<\/table>\n<div><a href=\"https:\/\/www.blachotrapez.eu\/files\/cke\/RysunkiTechniczne\/GermaniaRT.jpg\" target=\"_blank\" rel=\"noopener noreferrer\"><img decoding=\"async\" src=\"https:\/\/www.blachotrapez.eu\/files\/cke\/RysunkiTechniczne\/GermaniaRT.jpg\" alt=\"\" \/><\/a><\/div>\n<\/section>\n<\/div>\n<div class=\"moreProduct contenttab23\">\n<div class=\"line\"><\/div>\n<section>\n<div class=\"nag\">\n<div class=\"lineInner\"><\/div>\n<h3>V\u00e4rvid<\/h3>\n<\/div>\n<p><img decoding=\"async\" src=\"https:\/\/www.blachotrapez.eu\/files\/cke\/kolory\/icecrystal.png\" alt=\"\" \/>\u00a0<img decoding=\"async\" src=\"https:\/\/www.blachotrapez.eu\/files\/cke\/kolory\/wrinklemattk.png\" alt=\"\" \/>\u00a0<img decoding=\"async\" src=\"https:\/\/www.blachotrapez.eu\/files\/cke\/kolory\/superiorhb.png\" alt=\"\" \/>\u00a0<img decoding=\"async\" src=\"https:\/\/www.blachotrapez.eu\/files\/cke\/kolory\/hps2000ultra.png\" alt=\"\" \/>\u00a0<img decoding=\"async\" src=\"https:\/\/www.blachotrapez.eu\/files\/cke\/kolory\/ral.png\" alt=\"\" \/>\u00a0<img decoding=\"async\" src=\"https:\/\/www.blachotrapez.eu\/files\/cke\/kolory\/ralpremiumtk.png\" alt=\"\" \/>\u00a0<img decoding=\"async\" src=\"https:\/\/www.blachotrapez.eu\/files\/cke\/kolory\/MATPLUS.png\" alt=\"\" \/><\/p>\n<div>Monitori erinevate s\u00e4tete t\u00f5ttu v\u00f5ivad v\u00e4rvid erineda tegelikkusest, seet\u00f5ttu on v\u00e4rvid ligikaudsed.<br \/>\n<strong>V\u00e4rviproovide \u00a0suhtes kehtivad tootmistolerantsid ja need v\u00f5ivad ehitusplatsile tarnitud materjalist pisut erineda.<\/strong><\/div>\n<\/section>\n<\/div>\n<\/section>\n<\/div>\n<div class=\"moreProduct contenttab24\">\n<div class=\"line\"><\/div>\n<section>\n<div class=\"nag\"><\/div>\n<\/section>\n<\/div>\n<\/div>\n<p>&nbsp;<\/p>\n","protected":false},"excerpt":{"rendered":"<p>Metallplaat on \u00fcks sagedamini kasutatavaid lahendusi elamutes, sakraalsetes ja avalikes hoonetes. T\u00e4isautomaatne tootmisprotsess v\u00f5imaldab metallilehti vajaliku pikkusega t\u00fckeldada ja seet\u00f5ttu ka k\u00f5ige ebaharilikumaid tellimusi toimetada, millega kaasneb j\u00e4\u00e4tmete v\u00e4hendamine. Blachotrapez pakub \u00fcle k\u00fcmne v\u00e4rvi metallplaate, mis on kaetud pol\u00fcestriga, Pladur\u00ae Eco Protect ThyssenKrupp, alumiiniumiga ja Colorcoat HP2000\u00ae Ultra. Metallplaatide kerge kaal on nende eriline eelis. 1 ruutmeetrit metallplekki kaalub umbes. 4,5 kg. T\u00e4nu oma kergusele ei koorma ega m\u00f5juta metallist katusealune katus kogu hoone konstruktsiooni.<\/p>\n","protected":false},"featured_media":1214,"comment_status":"open","ping_status":"closed","template":"","meta":{"_acf_changed":false},"factory":[],"free-shipment":[],"product_brand":[],"product_cat":[191,196],"product_tag":[142],"class_list":{"0":"post-1213","1":"product","2":"type-product","3":"status-publish","4":"has-post-thumbnail","6":"product_cat-katus","7":"product_cat-katuse-plekid","8":"product_tag-roof-sheets-et-2","10":"first","11":"instock","12":"sale","13":"taxable","14":"shipping-taxable","15":"purchasable","16":"product-type-simple"},"acf":[],"_links":{"self":[{"href":"https:\/\/factory.sale\/et\/wp-json\/wp\/v2\/product\/1213","targetHints":{"allow":["GET"]}}],"collection":[{"href":"https:\/\/factory.sale\/et\/wp-json\/wp\/v2\/product"}],"about":[{"href":"https:\/\/factory.sale\/et\/wp-json\/wp\/v2\/types\/product"}],"replies":[{"embeddable":true,"href":"https:\/\/factory.sale\/et\/wp-json\/wp\/v2\/comments?post=1213"}],"wp:featuredmedia":[{"embeddable":true,"href":"https:\/\/factory.sale\/et\/wp-json\/wp\/v2\/media\/1214"}],"wp:attachment":[{"href":"https:\/\/factory.sale\/et\/wp-json\/wp\/v2\/media?parent=1213"}],"wp:term":[{"taxonomy":"factory","embeddable":true,"href":"https:\/\/factory.sale\/et\/wp-json\/wp\/v2\/factory?post=1213"},{"taxonomy":"free-shipment","embeddable":true,"href":"https:\/\/factory.sale\/et\/wp-json\/wp\/v2\/free-shipment?post=1213"},{"taxonomy":"product_brand","embeddable":true,"href":"https:\/\/factory.sale\/et\/wp-json\/wp\/v2\/product_brand?post=1213"},{"taxonomy":"product_cat","embeddable":true,"href":"https:\/\/factory.sale\/et\/wp-json\/wp\/v2\/product_cat?post=1213"},{"taxonomy":"product_tag","embeddable":true,"href":"https:\/\/factory.sale\/et\/wp-json\/wp\/v2\/product_tag?post=1213"}],"curies":[{"name":"wp","href":"https:\/\/api.w.org\/{rel}","templated":true}]}}