{"id":1211,"date":"2019-11-09T14:29:58","date_gmt":"2019-11-09T14:29:58","guid":{"rendered":"https:\/\/factory.sale\/product\/t-18-roof\/"},"modified":"2024-06-27T17:28:08","modified_gmt":"2024-06-27T17:28:08","slug":"t-18-roof","status":"publish","type":"product","link":"https:\/\/factory.sale\/et\/toode\/t-18-roof\/","title":{"rendered":"T-18 katus"},"content":{"rendered":"<p><strong>Karastatud katuseplekk on t\u00e4nu oma lihtsusele ja selgele kujule erakordne lahendus.<\/strong> <strong>See v\u00f5imaldab p\u00fcstitada muljetavaldavaid konstruktsioone, mis l\u00f5huvad katuse ja fassaadi vahelise traditsioonilise jaotuse.<\/strong> T\u00e4nu laiale paksusele vahemikus 0,5 kuni 1,25 mm, kohandatud l\u00f5ikamisteenusele ja rikkalikule v\u00e4rvivalikule on selle rakendused piiramatud. Olulise omadusena m\u00e4\u00e4rab selle j\u00e4ikuse ja vastupidavuse profiili k\u00f5rgus. V\u00e4ikeste ja keskmise suurusega hoonete jaoks soovitame j\u00e4rgmisi karbitud profiilplekke: T8, T14 plus, T18, T18 plus, T35, T35 plus, T50, T55, T55 plus, T60. Lehed T90 ja T135 on ette n\u00e4htud suurtesse kaubandushoonetesse v\u00f5i tootmishallidesse.<\/p>\n<div class=\"moreProduct contenttab21\">\n<section>\n<div class=\"nag\">\n<h3>Tehnilised detailid<\/h3>\n<\/div>\n<table class=\"tabelka\" border=\"0\" cellspacing=\"0\" cellpadding=\"0\">\n<tbody>\n<tr>\n<th scope=\"row\">\u00dcldlaius:<\/th>\n<td>\n<div class=\"field-items\">\n<div class=\"field-item even\"><strong>1160 mm<\/strong><\/div>\n<\/div>\n<\/td>\n<\/tr>\n<tr>\n<th scope=\"row\">Katte laius:<\/th>\n<td><strong>1123 mm<\/strong><\/td>\n<\/tr>\n<tr>\n<th scope=\"row\">Lehe paksus:<\/th>\n<td><strong>0,5\u20130,75 mm<\/strong><\/td>\n<\/tr>\n<tr>\n<th scope=\"row\">Soovitatav pikkus:<\/th>\n<td><strong>max 10 MB<\/strong><\/td>\n<\/tr>\n<tr>\n<th scope=\"row\">Profiili k\u00f5rgus:<\/th>\n<td><strong>17,5 mm<\/strong><\/td>\n<\/tr>\n<\/tbody>\n<\/table>\n<\/section>\n<\/div>\n<div class=\"moreProduct contenttab23\">\n<div class=\"line\"><\/div>\n<section>\n<div class=\"nag\">\n<div class=\"lineInner\"><\/div>\n<h3>V\u00e4rvid<\/h3>\n<\/div>\n<div><img loading=\"lazy\" decoding=\"async\" class=\"fullWidth alignnone\" src=\"https:\/\/www.blachotrapez.eu\/files\/cke\/kolory\/kolorywww1.jpg\" alt=\"\" width=\"1200\" height=\"965\" \/><\/div>\n<\/section>\n<\/div>\n","protected":false},"excerpt":{"rendered":"<p><strong>Karastatud katuseplekk on t\u00e4nu oma lihtsusele ja selgele kujule erakordne lahendus. See v\u00f5imaldab p\u00fcstitada muljetavaldavaid konstruktsioone, mis l\u00f5huvad katuse ja fassaadi vahelise traditsioonilise jaotuse.<\/strong> T\u00e4nu laiale paksusele vahemikus 0,5 kuni 1,25 mm, kohandatud l\u00f5ikamisteenusele ja rikkalikule v\u00e4rvivalikule on selle rakendused piiramatud. Olulise omadusena m\u00e4\u00e4rab selle j\u00e4ikuse ja vastupidavuse profiili k\u00f5rgus. V\u00e4ikeste ja keskmise suurusega hoonete jaoks soovitame j\u00e4rgmisi karbitud profiilplekke: T8, T14 plus, T18, T18 plus, T35, T35 plus, T50, T55, T55 plus, T60. Lehed T90 ja T135 on ette n\u00e4htud suurtesse kaubandushoonetesse v\u00f5i tootmishallidesse.<\/p>\n","protected":false},"featured_media":1212,"comment_status":"open","ping_status":"closed","template":"","meta":{"_acf_changed":false},"factory":[],"free-shipment":[],"product_brand":[],"product_cat":[191,196],"product_tag":[142],"class_list":{"0":"post-1211","1":"product","2":"type-product","3":"status-publish","4":"has-post-thumbnail","6":"product_cat-katus","7":"product_cat-katuse-plekid","8":"product_tag-roof-sheets-et-2","10":"first","11":"instock","12":"sale","13":"taxable","14":"shipping-taxable","15":"purchasable","16":"product-type-simple"},"acf":[],"_links":{"self":[{"href":"https:\/\/factory.sale\/et\/wp-json\/wp\/v2\/product\/1211","targetHints":{"allow":["GET"]}}],"collection":[{"href":"https:\/\/factory.sale\/et\/wp-json\/wp\/v2\/product"}],"about":[{"href":"https:\/\/factory.sale\/et\/wp-json\/wp\/v2\/types\/product"}],"replies":[{"embeddable":true,"href":"https:\/\/factory.sale\/et\/wp-json\/wp\/v2\/comments?post=1211"}],"wp:featuredmedia":[{"embeddable":true,"href":"https:\/\/factory.sale\/et\/wp-json\/wp\/v2\/media\/1212"}],"wp:attachment":[{"href":"https:\/\/factory.sale\/et\/wp-json\/wp\/v2\/media?parent=1211"}],"wp:term":[{"taxonomy":"factory","embeddable":true,"href":"https:\/\/factory.sale\/et\/wp-json\/wp\/v2\/factory?post=1211"},{"taxonomy":"free-shipment","embeddable":true,"href":"https:\/\/factory.sale\/et\/wp-json\/wp\/v2\/free-shipment?post=1211"},{"taxonomy":"product_brand","embeddable":true,"href":"https:\/\/factory.sale\/et\/wp-json\/wp\/v2\/product_brand?post=1211"},{"taxonomy":"product_cat","embeddable":true,"href":"https:\/\/factory.sale\/et\/wp-json\/wp\/v2\/product_cat?post=1211"},{"taxonomy":"product_tag","embeddable":true,"href":"https:\/\/factory.sale\/et\/wp-json\/wp\/v2\/product_tag?post=1211"}],"curies":[{"name":"wp","href":"https:\/\/api.w.org\/{rel}","templated":true}]}}