{"id":1210,"date":"2019-11-09T15:15:34","date_gmt":"2019-11-09T15:15:34","guid":{"rendered":"https:\/\/factory.sale\/product\/617\/"},"modified":"2024-07-02T11:17:07","modified_gmt":"2024-07-02T11:17:07","slug":"blachotrapez-katusepaneel-korgtehnoloogia","status":"publish","type":"product","link":"https:\/\/factory.sale\/et\/toode\/blachotrapez-katusepaneel-korgtehnoloogia\/","title":{"rendered":"Blachotrapez Katusepaneel K\u00f5rgtehnoloogia"},"content":{"rendered":"<p>Seisva \u00f5mblusega paneeli traditsiooniline ilme ja moodne vorm. Peamiselt soovitatav ajalooliste ja sakraalhoonete, aga ka uute kortermajade, kaasaegsete \u00fcksikelamute v\u00f5i \u00fchiskondlike hoonete renoveerimisprojektide jaoks. T\u00e4nu kiirele ja lihtsale paigaldamisele on meie toode parem kahekordse \u00f5mblusega lehtedest, samas kui t\u00e4nu oma paremale j\u00e4ikusele saab selle otse katusetaladele asetada (pole vaja t\u00e4iendavaid katuselaudu ega -laudu). Nende eeliste t\u00f5ttu v\u00f5ib seda kasutada ka seinapaneelina, mis toimib spetsiaalse fassaadi viimistlusena horisontaalselt v\u00f5i vertikaalselt. Spetsiaalse kl\u00f5pslukuga saab paneele kiiresti ja kindlalt kinnitada ilma t\u00e4iendavate kinnitusteta. Lisaks katavad kinnitusavad \u00f5mbluse asukohast tulenevalt k\u00fclgneva paneeli abil kinnituskruvid. Paneeli kokkupanekuks v\u00f5ib kasutada kinnitus- v\u00f5i isekeermestavaid kruvisid, pea suurus 4,2z25mm. Kruvide arv &#8211; 4 tk \/ sq m Selle tulemusel saadakse puhas \u00f5mblusteta katusekate.<\/p>\n<div class=\"moreProduct contenttab21\">\n<section>\n<div class=\"nag\">\n<h3>Tehnilised detailid<\/h3>\n<\/div>\n<table class=\"tabelka\" border=\"0\" cellspacing=\"0\" cellpadding=\"0\">\n<tbody>\n<tr>\n<th scope=\"row\">Totaalne laius:<\/th>\n<td>\n<div class=\"field-items\">\n<div class=\"field-item even\"><strong>~528<\/strong><strong>\u00a0mm<\/strong><\/div>\n<\/div>\n<\/td>\n<\/tr>\n<tr>\n<th scope=\"row\">Kattelaius:<\/th>\n<td><strong>488 mm<\/strong><\/td>\n<\/tr>\n<tr>\n<th scope=\"row\">Valmistoote paksus (teras):<\/th>\n<td><strong>0,5 mm<\/strong><\/td>\n<\/tr>\n<tr>\n<th scope=\"row\">Soovitatav pikkus:<\/th>\n<td><strong>max 8 Mb<\/strong><\/td>\n<\/tr>\n<tr>\n<th scope=\"row\">\u00c4\u00e4re k\u00f5rgus:<\/th>\n<td><strong>32 mm<\/strong><\/td>\n<\/tr>\n<tr>\n<th scope=\"row\">\u201cClik\u201d k\u00f5rgus:<\/th>\n<td><strong>27 mm<\/strong><\/td>\n<\/tr>\n<\/tbody>\n<\/table>\n<\/section>\n<\/div>\n<div class=\"moreProduct contenttab23\">\n<div class=\"line\"><\/div>\n<section>\n<h3>V\u00e4rvid<\/h3>\n<p><img decoding=\"async\" src=\"https:\/\/www.blachotrapez.eu\/files\/cke\/kolory\/icecrystal.png\" alt=\"\" \/>\u00a0<img decoding=\"async\" src=\"https:\/\/www.blachotrapez.eu\/files\/cke\/kolory\/wrinklemattk.png\" alt=\"\" \/>\u00a0<img decoding=\"async\" src=\"https:\/\/www.blachotrapez.eu\/files\/cke\/kolory\/MATPLUS.png\" alt=\"\" \/><\/p>\n<\/section>\n<\/div>\n","protected":false},"excerpt":{"rendered":"<p>Seisva \u00f5mblusega paneeli traditsiooniline ilme ja moodne vorm. Peamiselt soovitatav ajalooliste ja sakraalhoonete, aga ka uute kortermajade, kaasaegsete \u00fcksikelamute v\u00f5i \u00fchiskondlike hoonete renoveerimisprojektide jaoks. T\u00e4nu kiirele ja lihtsale paigaldamisele on meie toode parem kahekordse \u00f5mblusega lehtedest, samas kui t\u00e4nu oma paremale j\u00e4ikusele saab selle otse katusetaladele asetada (pole vaja t\u00e4iendavaid katuselaudu ega -laudu). Nende eeliste t\u00f5ttu v\u00f5ib seda kasutada ka seinapaneelina, mis toimib spetsiaalse fassaadi viimistlusena horisontaalselt v\u00f5i vertikaalselt. Spetsiaalse kl\u00f5pslukuga saab paneele kiiresti ja kindlalt kinnitada ilma t\u00e4iendavate kinnitusteta. Lisaks katavad kinnitusavad \u00f5mbluse asukohast tulenevalt k\u00fclgneva paneeli abil kinnituskruvid. Paneeli kokkupanekuks v\u00f5ib kasutada kinnitus- v\u00f5i isekeermestavaid kruvisid, pea suurus 4,2z25mm. Kruvide arv &#8211; 4 tk \/ sq m Selle tulemusel saadakse puhas \u00f5mblusteta katusekate.<\/p>\n","protected":false},"featured_media":1208,"comment_status":"open","ping_status":"closed","template":"","meta":{"_acf_changed":false},"factory":[],"free-shipment":[],"product_brand":[],"product_cat":[191,194],"product_tag":[141],"class_list":{"0":"post-1210","1":"product","2":"type-product","3":"status-publish","4":"has-post-thumbnail","6":"product_cat-katus","7":"product_cat-katuse-paneelid","8":"product_tag-roof-panels-et-2","10":"first","11":"instock","12":"sale","13":"taxable","14":"shipping-taxable","15":"purchasable","16":"product-type-simple"},"acf":[],"_links":{"self":[{"href":"https:\/\/factory.sale\/et\/wp-json\/wp\/v2\/product\/1210","targetHints":{"allow":["GET"]}}],"collection":[{"href":"https:\/\/factory.sale\/et\/wp-json\/wp\/v2\/product"}],"about":[{"href":"https:\/\/factory.sale\/et\/wp-json\/wp\/v2\/types\/product"}],"replies":[{"embeddable":true,"href":"https:\/\/factory.sale\/et\/wp-json\/wp\/v2\/comments?post=1210"}],"wp:featuredmedia":[{"embeddable":true,"href":"https:\/\/factory.sale\/et\/wp-json\/wp\/v2\/media\/1208"}],"wp:attachment":[{"href":"https:\/\/factory.sale\/et\/wp-json\/wp\/v2\/media?parent=1210"}],"wp:term":[{"taxonomy":"factory","embeddable":true,"href":"https:\/\/factory.sale\/et\/wp-json\/wp\/v2\/factory?post=1210"},{"taxonomy":"free-shipment","embeddable":true,"href":"https:\/\/factory.sale\/et\/wp-json\/wp\/v2\/free-shipment?post=1210"},{"taxonomy":"product_brand","embeddable":true,"href":"https:\/\/factory.sale\/et\/wp-json\/wp\/v2\/product_brand?post=1210"},{"taxonomy":"product_cat","embeddable":true,"href":"https:\/\/factory.sale\/et\/wp-json\/wp\/v2\/product_cat?post=1210"},{"taxonomy":"product_tag","embeddable":true,"href":"https:\/\/factory.sale\/et\/wp-json\/wp\/v2\/product_tag?post=1210"}],"curies":[{"name":"wp","href":"https:\/\/api.w.org\/{rel}","templated":true}]}}