{"id":1209,"date":"2019-11-09T15:19:49","date_gmt":"2019-11-09T15:19:49","guid":{"rendered":"https:\/\/factory.sale\/product\/blachotrapez-roof-panel-retro-38\/"},"modified":"2024-06-27T22:03:10","modified_gmt":"2024-06-27T22:03:10","slug":"blachotrapez-roof-panel-retro-38","status":"publish","type":"product","link":"https:\/\/factory.sale\/et\/toode\/blachotrapez-roof-panel-retro-38\/","title":{"rendered":"Blachotrapez Katusepaneel Retro 38"},"content":{"rendered":"<p>Seisva \u00f5mblusega paneeli traditsiooniline ilme ja moodne vorm. Peamiselt soovitatav ajalooliste ja sakraalhoonete, aga ka uute kortermajade, kaasaegsete \u00fcksikelamute v\u00f5i \u00fchiskondlike hoonete renoveerimisprojektide jaoks. T\u00e4nu kiirele ja lihtsale paigaldamisele on meie toode parem kahekordse \u00f5mblusega lehtedest, samas kui t\u00e4nu oma paremale j\u00e4ikusele saab selle otse katusetaladele asetada (pole vaja t\u00e4iendavaid katuselaudu ega -laudu). Nende eeliste t\u00f5ttu v\u00f5ib seda kasutada ka seinapaneelina, mis toimib spetsiaalse fassaadi viimistlusena horisontaalselt v\u00f5i vertikaalselt. Spetsiaalse kl\u00f5pslukuga saab paneele kiiresti ja kindlalt kinnitada ilma t\u00e4iendavate kinnitusteta. Lisaks katavad kinnitusavad \u00f5mbluse asukohast tulenevalt k\u00fclgneva paneeli abil kinnituskruvid. Paneeli kokkupanekuks v\u00f5ib kasutada kinnitus -v\u00f5i isekeermestavaid kruvisid, pea suurus 4,2z25mm. Kruvide arv &#8211; 4 tk \/ sq m. Selle tulemusel saadakse puhas \u00f5mblusteta katusekate.<\/p>\n<div class=\"moreProduct contenttab21\">\n<section>\n<div class=\"nag\">\n<h3>Tehnilised detailid<\/h3>\n<\/div>\n<table class=\"tabelka\" border=\"0\" cellspacing=\"0\" cellpadding=\"0\">\n<tbody>\n<tr>\n<th scope=\"row\">Totaalne laius:<\/th>\n<td>\n<div class=\"field-items\">\n<div class=\"field-item even\"><strong>~315 \/\u00a0<\/strong><strong>~529 mm<\/strong><\/div>\n<\/div>\n<\/td>\n<\/tr>\n<tr>\n<th scope=\"row\">Kattelaius:<\/th>\n<td><strong>284 \/\u00a0<\/strong><strong>498 mm<\/strong><\/td>\n<\/tr>\n<tr>\n<th scope=\"row\">Valmistoote paksus (teras):<\/th>\n<td><strong>0,5 mm<\/strong><\/td>\n<\/tr>\n<tr>\n<th scope=\"row\">Valmistoote paksus (alumiinium):<\/th>\n<td><strong>0,6 mm<\/strong><\/td>\n<\/tr>\n<tr>\n<th scope=\"row\">Soovitatav pikkus:<\/th>\n<td><strong>max 8 MB<\/strong><\/td>\n<\/tr>\n<tr>\n<th scope=\"row\">\u00c4\u00e4re k\u00f5rgus:<\/th>\n<td><strong>38 mm<\/strong><\/td>\n<\/tr>\n<tr>\n<th scope=\"row\">\u201cClik\u201d pikes:<\/th>\n<td><strong>19 mm<\/strong><\/td>\n<\/tr>\n<\/tbody>\n<\/table>\n<div><a href=\"https:\/\/www.blachotrapez.eu\/files\/cke\/RysunkiTechniczne\/Panel38RT1.jpg\" target=\"_blank\" rel=\"noopener noreferrer\"><img decoding=\"async\" src=\"https:\/\/www.blachotrapez.eu\/files\/cke\/RysunkiTechniczne\/Panel38RT1.jpg\" alt=\"\" \/><\/a><\/div>\n<\/section>\n<\/div>\n<div class=\"moreProduct contenttab23\">\n<div class=\"line\"><\/div>\n<section>\n<div class=\"nag\">\n<div class=\"lineInner\"><\/div>\n<h3>V\u00e4rvid<\/h3>\n<\/div>\n<p><img decoding=\"async\" src=\"https:\/\/www.blachotrapez.eu\/files\/cke\/kolory\/icecrystal.png\" alt=\"\" \/>\u00a0<img decoding=\"async\" src=\"https:\/\/www.blachotrapez.eu\/files\/cke\/kolory\/wrinklemattk.png\" alt=\"\" \/>\u00a0<img decoding=\"async\" src=\"https:\/\/www.blachotrapez.eu\/files\/cke\/kolory\/superiorhb.png\" alt=\"\" \/>\u00a0<img decoding=\"async\" src=\"https:\/\/www.blachotrapez.eu\/files\/cke\/kolory\/hps2000ultra.png\" alt=\"\" \/>\u00a0<img decoding=\"async\" src=\"https:\/\/www.blachotrapez.eu\/files\/cke\/kolory\/ral.png\" alt=\"\" \/>\u00a0<img decoding=\"async\" src=\"https:\/\/www.blachotrapez.eu\/files\/cke\/kolory\/ralpremiumtk.png\" alt=\"\" \/>\u00a0<img decoding=\"async\" src=\"https:\/\/www.blachotrapez.eu\/files\/cke\/Colors\/innea.png\" alt=\"\" \/><\/p>\n<div>Monitori erinevate s\u00e4tete t\u00f5ttu v\u00f5ivad v\u00e4rvid erineda tegelikkusest, seet\u00f5ttu on v\u00e4rvid ligikaudsed.<br \/>\n<strong>Proovide v\u00e4rvide suhtes kehtivad tootmistolerantsid ja need v\u00f5ivad ehitusplatsile tarnitud materjalist pisut erineda.<\/strong><\/div>\n<\/section>\n<\/div>\n","protected":false},"excerpt":{"rendered":"<p>Seisva \u00f5mblusega paneeli traditsiooniline ilme ja moodne vorm. Peamiselt soovitatav ajalooliste ja sakraalhoonete, aga ka uute kortermajade, kaasaegsete \u00fcksikelamute v\u00f5i \u00fchiskondlike hoonete renoveerimisprojektide jaoks. T\u00e4nu kiirele ja lihtsale paigaldamisele on meie toode parem kahekordse \u00f5mblusega lehtedest, samas kui t\u00e4nu oma paremale j\u00e4ikusele saab selle otse katusetaladele asetada (pole vaja t\u00e4iendavaid katuselaudu ega -laudu). Nende eeliste t\u00f5ttu v\u00f5ib seda kasutada ka seinapaneelina, mis toimib spetsiaalse fassaadi viimistlusena horisontaalselt v\u00f5i vertikaalselt. Spetsiaalse kl\u00f5pslukuga saab paneele kiiresti ja kindlalt kinnitada ilma t\u00e4iendavate kinnitusteta. Lisaks katavad kinnitusavad \u00f5mbluse asukohast tulenevalt k\u00fclgneva paneeli abil kinnituskruvid. Paneeli kokkupanekuks v\u00f5ib kasutada kinnitus- v\u00f5i isekeermestavaid kruvisid, pea suurus 4,2z25mm. Kruvide arv &#8211; 4 tk \/ sq m. Selle tulemusel saadakse puhas \u00f5mblusteta katusekate.<\/p>\n","protected":false},"featured_media":1208,"comment_status":"open","ping_status":"closed","template":"","meta":{"_acf_changed":false},"factory":[],"free-shipment":[],"product_brand":[],"product_cat":[191,194],"product_tag":[141],"class_list":{"0":"post-1209","1":"product","2":"type-product","3":"status-publish","4":"has-post-thumbnail","6":"product_cat-katus","7":"product_cat-katuse-paneelid","8":"product_tag-roof-panels-et-2","10":"first","11":"instock","12":"sale","13":"taxable","14":"shipping-taxable","15":"purchasable","16":"product-type-simple"},"acf":[],"_links":{"self":[{"href":"https:\/\/factory.sale\/et\/wp-json\/wp\/v2\/product\/1209","targetHints":{"allow":["GET"]}}],"collection":[{"href":"https:\/\/factory.sale\/et\/wp-json\/wp\/v2\/product"}],"about":[{"href":"https:\/\/factory.sale\/et\/wp-json\/wp\/v2\/types\/product"}],"replies":[{"embeddable":true,"href":"https:\/\/factory.sale\/et\/wp-json\/wp\/v2\/comments?post=1209"}],"wp:featuredmedia":[{"embeddable":true,"href":"https:\/\/factory.sale\/et\/wp-json\/wp\/v2\/media\/1208"}],"wp:attachment":[{"href":"https:\/\/factory.sale\/et\/wp-json\/wp\/v2\/media?parent=1209"}],"wp:term":[{"taxonomy":"factory","embeddable":true,"href":"https:\/\/factory.sale\/et\/wp-json\/wp\/v2\/factory?post=1209"},{"taxonomy":"free-shipment","embeddable":true,"href":"https:\/\/factory.sale\/et\/wp-json\/wp\/v2\/free-shipment?post=1209"},{"taxonomy":"product_brand","embeddable":true,"href":"https:\/\/factory.sale\/et\/wp-json\/wp\/v2\/product_brand?post=1209"},{"taxonomy":"product_cat","embeddable":true,"href":"https:\/\/factory.sale\/et\/wp-json\/wp\/v2\/product_cat?post=1209"},{"taxonomy":"product_tag","embeddable":true,"href":"https:\/\/factory.sale\/et\/wp-json\/wp\/v2\/product_tag?post=1209"}],"curies":[{"name":"wp","href":"https:\/\/api.w.org\/{rel}","templated":true}]}}