{"id":120729,"date":"2025-10-12T12:18:14","date_gmt":"2025-10-12T16:34:24","guid":{"rendered":"https:\/\/factory.sale\/?post_type=product&#038;p=120729"},"modified":"2025-11-21T01:38:23","modified_gmt":"2025-11-20T22:38:23","slug":"mers-ahi-tk-202-matt-mustklaas","status":"publish","type":"product","link":"https:\/\/factory.sale\/et\/toode\/mers-ahi-tk-202-matt-mustklaas\/","title":{"rendered":"Mers ahi TK-202 matt must&#038;klaas"},"content":{"rendered":"<p><strong>T\u00f5hus puuk\u00fcttega ahi koju ja suvilasse<\/strong><\/p>\n<p>Mers TK-202 matt must &amp; klaasiga on stiilne ja v\u00f5imas puuk\u00fcttega ahi, mis on loodud pakkuma nii soojust kui ka mitmek\u00fclgseid toiduvalmistamise v\u00f5imalusi.<\/p>\n<p>T\u00e4nu 7,85 kW k\u00fcttev\u00f5imsusele soojendab see kompaktne, kuid suure j\u00f5udlusega ahi kuni 55 m\u00b2 pinda, muutes selle ideaalseks valikuks suvilatesse, k\u00f6\u00f6kidesse ja maamajadesse.<br \/>\nKonstruktsioon on valmistatud kuumuskindlatest tulekividest ja vastupidavatest malmkomponentidest (pliidiplaat, rest ja kaaned), tagades pika kasutusea ja \u00fchtlase soojusjaotuse. Selle \u00fchets\u00fckliline homogeenne k\u00fcttes\u00fcsteem tagab stabiilse ahjutemperatuuri \u2013 ideaalne k\u00fcpsetamiseks, hautamiseks ja ahjutoitude valmistamiseks.<\/p>\n<p>Mattmust emailkattega korpus annab pliidile elegantse ja kergesti puhastatava viimistluse, samas kui eesmine ventilatsioonis\u00fcsteem parandab p\u00f5lemisefektiivsust \u2013 saavutades rohkem soojust v\u00e4iksema puuhulgaga.<br \/>\n20\u00d740\u00d740 cm ahi, 130 mm korstnaava ja 40 kg tugevast lehtmetallist korpus lisavad seadmele t\u00f6\u00f6kindlust ja praktilisust igap\u00e4evases kasutuses.<\/p>\n<p>Oma kompaktsete m\u00f5\u00f5tmetega (43 \u00d7 81 \u00d7 61 cm) \u00fchendab Mers TK-202 traditsioonilise k\u00e4sit\u00f6\u00f6 ja kaasaegse disaini, tuues igasse interj\u00f6\u00f6ri soojust, funktsionaalsust ja ajatut ilu.<\/p>\n<p>&nbsp;<\/p>\n<p>&nbsp;<\/p>\n<p><strong>Tehnilised andmed:<\/strong><\/p>\n<ul>\n<li>V\u00f5imsus: 7,85 kW<\/li>\n<li>Kuumuskindlad tulekivid<\/li>\n<li>\u00dchets\u00fckliline homogeenne k\u00fcttes\u00fcsteem<\/li>\n<li>M\u00f5\u00f5tmed: S\u00fcgavus 43 \u00d7 Laius 81 \u00d7 K\u00f5rgus 61 cm<\/li>\n<li>K\u00fcttev\u00f5imekus: 55 m\u00b2<\/li>\n<li>Malmist detailid (pliidiplaat, tuhasahtli ja tulekambri kaaned, rest)<\/li>\n<li>Emailkattega korpus<\/li>\n<li>Korstnaava l\u00e4bim\u00f5\u00f5t: 130 mm<\/li>\n<li>Lihtne puhastada<\/li>\n<li>Ahju m\u00f5\u00f5t: 20\u00d740\u00d740 cm<\/li>\n<li>Paksust lehtmetallist konstruktsioon<\/li>\n<li>Kaal: 40 kg<\/li>\n<li>Eesmine ventilatsioon<\/li>\n<li>K\u00fctus: puit<\/li>\n<\/ul>\n<p>&nbsp;<\/p>\n<p><strong>Toote aluse m\u00f5\u00f5dud ja kaal: 50 x 85 cm, 40 kg<\/strong><\/p>\n<p>&nbsp;<\/p>\n<p>&nbsp;<\/p>\n<div id=\"productTabContent\" class=\"tab-content\">\n<div id=\"description\" class=\"tab-pane fade show active\" role=\"tabpanel\" aria-labelledby=\"description-tab\">\n<p><img loading=\"lazy\" decoding=\"async\" class=\"alignnone wp-image-107142\" src=\"https:\/\/factory.sale\/wp-content\/uploads\/2025\/07\/mers-stoves-factory.sale_-300x105.webp\" sizes=\"auto, (max-width: 422px) 100vw, 422px\" srcset=\"https:\/\/factory.sale\/wp-content\/uploads\/2025\/07\/mers-stoves-factory.sale_-300x105.webp 300w, https:\/\/factory.sale\/wp-content\/uploads\/2025\/07\/mers-stoves-factory.sale_-150x52.webp 150w, https:\/\/factory.sale\/wp-content\/uploads\/2025\/07\/mers-stoves-factory.sale_-768x268.webp 768w, https:\/\/factory.sale\/wp-content\/uploads\/2025\/07\/mers-stoves-factory.sale_-600x209.webp 600w, https:\/\/factory.sale\/wp-content\/uploads\/2025\/07\/mers-stoves-factory.sale_.webp 980w\" alt=\"\" width=\"422\" height=\"148\" \/><\/p>\n<p>&nbsp;<\/p>\n<p><a href=\"https:\/\/factory.sale\/wp-content\/uploads\/2025\/07\/BImSchV-file-1.pdf\" target=\"_blank\" rel=\"noopener\">Sertifikaat 1<\/a><\/p>\n<p><a href=\"https:\/\/factory.sale\/wp-content\/uploads\/2025\/07\/Eco-design-file-1.pdf\" target=\"_blank\" rel=\"noopener\">Sertifikaat 2<\/a><\/p>\n<p><a href=\"https:\/\/factory.sale\/wp-content\/uploads\/2025\/07\/Ecodesign-file-2.pdf\" target=\"_blank\" rel=\"noopener\">Sertifikaat 3<\/a><\/p>\n<p><a href=\"https:\/\/factory.sale\/wp-content\/uploads\/2025\/07\/Ecodesign-file-3.pdf\" target=\"_blank\" rel=\"noopener\">Sertifikaat 4<\/a><\/p>\n<p><a href=\"https:\/\/factory.sale\/wp-content\/uploads\/2025\/07\/SK-100101103SK-102-Fireplace-Ecodesign-BlmschVEEI.pdf\" target=\"_blank\" rel=\"noopener\">Sertifikaat 5<\/a><\/p>\n<\/div>\n<\/div>\n","protected":false},"excerpt":{"rendered":"<p>Hoia end aasta ringi soojas ja hubases keskkonnas Mers kaminahjudega. Kavandatud t\u00f5husaks puuk\u00fctteks, pakuvad need ahjud v\u00f5imsat soojust, \u00fchendades klassikalise esteetika ja kaasaegse vastupidavuse. Lihtne kasutada ja hooldada, loovad need sooja ja kutsuva atmosf\u00e4\u00e4ri igasse eluruumi.<\/p>\n<p><em><strong>Transpordikulu 60 EUR!<\/strong><\/em><\/p>\n","protected":false},"featured_media":120720,"comment_status":"open","ping_status":"closed","template":"","meta":{"_acf_changed":false},"factory":[],"free-shipment":[],"product_brand":[],"product_cat":[1247,4485],"product_tag":[1892],"class_list":{"0":"post-120729","1":"product","2":"type-product","3":"status-publish","4":"has-post-thumbnail","6":"product_cat-ahjud","7":"product_cat-mers-ahjud","8":"product_tag-stove-et","10":"first","11":"instock","12":"sale","13":"taxable","14":"shipping-taxable","15":"purchasable","16":"product-type-simple"},"acf":[],"_links":{"self":[{"href":"https:\/\/factory.sale\/et\/wp-json\/wp\/v2\/product\/120729","targetHints":{"allow":["GET"]}}],"collection":[{"href":"https:\/\/factory.sale\/et\/wp-json\/wp\/v2\/product"}],"about":[{"href":"https:\/\/factory.sale\/et\/wp-json\/wp\/v2\/types\/product"}],"replies":[{"embeddable":true,"href":"https:\/\/factory.sale\/et\/wp-json\/wp\/v2\/comments?post=120729"}],"wp:featuredmedia":[{"embeddable":true,"href":"https:\/\/factory.sale\/et\/wp-json\/wp\/v2\/media\/120720"}],"wp:attachment":[{"href":"https:\/\/factory.sale\/et\/wp-json\/wp\/v2\/media?parent=120729"}],"wp:term":[{"taxonomy":"factory","embeddable":true,"href":"https:\/\/factory.sale\/et\/wp-json\/wp\/v2\/factory?post=120729"},{"taxonomy":"free-shipment","embeddable":true,"href":"https:\/\/factory.sale\/et\/wp-json\/wp\/v2\/free-shipment?post=120729"},{"taxonomy":"product_brand","embeddable":true,"href":"https:\/\/factory.sale\/et\/wp-json\/wp\/v2\/product_brand?post=120729"},{"taxonomy":"product_cat","embeddable":true,"href":"https:\/\/factory.sale\/et\/wp-json\/wp\/v2\/product_cat?post=120729"},{"taxonomy":"product_tag","embeddable":true,"href":"https:\/\/factory.sale\/et\/wp-json\/wp\/v2\/product_tag?post=120729"}],"curies":[{"name":"wp","href":"https:\/\/api.w.org\/{rel}","templated":true}]}}