{"id":12061,"date":"2022-08-24T12:37:04","date_gmt":"2022-08-24T12:37:23","guid":{"rendered":"https:\/\/factory.sale\/?post_type=product&#038;p=12061"},"modified":"2024-06-27T22:11:01","modified_gmt":"2024-06-27T22:11:01","slug":"komposter-compo-2-sektsiooniga","status":"publish","type":"product","link":"https:\/\/factory.sale\/et\/toode\/komposter-compo-2-sektsiooniga\/","title":{"rendered":"Komposter Compo 2-sektsiooniga"},"content":{"rendered":"<p>Kaheosaline, 800L liitrise mahutavusega komposter, mis on m\u00f5eldud erinevate biolagunevate j\u00e4\u00e4tmete kompostimiseks ja loodusliku v\u00e4etise tootmiseks.<\/p>\n<p><strong>Kompostri p\u00f5him\u00f5te on lihtne<\/strong>. \u00dclemises osas visatakse \u00e4ra k\u00f5ik toiduj\u00e4\u00e4tmed, niidetud rohi ja k\u00f5ik, mis on orgaanilist p\u00e4ritolu, v\u00e4lja arvatud luud.<\/p>\n<p>Varsti moodustub komposteri p\u00f5hjas orgaaniline v\u00e4etis, mida saab kasutada taimede toitmiseks.<\/p>\n<p>Kaetud k\u00f5igist k\u00fclgedest, kuid ilma p\u00f5hjata.<\/p>\n<p>&nbsp;<\/p>\n<p>&nbsp;<\/p>\n<p><strong>M\u00d5\u00d5DUD:<\/strong><\/p>\n<ul>\n<li>1350x719mm, K\u00f5rgus 826mm, 800 liitrit<\/li>\n<\/ul>\n","protected":false},"excerpt":{"rendered":"<p>Kaheosaline, 800L liitrise mahutavusega komposter, mis on m\u00f5eldud erinevate biolagunevate j\u00e4\u00e4tmete kompostimiseks ja loodusliku v\u00e4etise tootmiseks.<\/p>\n","protected":false},"featured_media":12056,"comment_status":"open","ping_status":"closed","template":"","meta":{"_acf_changed":false},"factory":[],"free-shipment":[],"product_brand":[],"product_cat":[924,2733],"product_tag":[1483,1484],"class_list":{"0":"post-12061","1":"product","2":"type-product","3":"status-publish","4":"has-post-thumbnail","6":"product_cat-aiatooted","7":"product_cat-kompostrid","8":"product_tag-garden-et","9":"product_tag-yard-et","11":"first","12":"instock","13":"sale","14":"taxable","15":"shipping-taxable","16":"purchasable","17":"product-type-simple"},"acf":[],"_links":{"self":[{"href":"https:\/\/factory.sale\/et\/wp-json\/wp\/v2\/product\/12061","targetHints":{"allow":["GET"]}}],"collection":[{"href":"https:\/\/factory.sale\/et\/wp-json\/wp\/v2\/product"}],"about":[{"href":"https:\/\/factory.sale\/et\/wp-json\/wp\/v2\/types\/product"}],"replies":[{"embeddable":true,"href":"https:\/\/factory.sale\/et\/wp-json\/wp\/v2\/comments?post=12061"}],"wp:featuredmedia":[{"embeddable":true,"href":"https:\/\/factory.sale\/et\/wp-json\/wp\/v2\/media\/12056"}],"wp:attachment":[{"href":"https:\/\/factory.sale\/et\/wp-json\/wp\/v2\/media?parent=12061"}],"wp:term":[{"taxonomy":"factory","embeddable":true,"href":"https:\/\/factory.sale\/et\/wp-json\/wp\/v2\/factory?post=12061"},{"taxonomy":"free-shipment","embeddable":true,"href":"https:\/\/factory.sale\/et\/wp-json\/wp\/v2\/free-shipment?post=12061"},{"taxonomy":"product_brand","embeddable":true,"href":"https:\/\/factory.sale\/et\/wp-json\/wp\/v2\/product_brand?post=12061"},{"taxonomy":"product_cat","embeddable":true,"href":"https:\/\/factory.sale\/et\/wp-json\/wp\/v2\/product_cat?post=12061"},{"taxonomy":"product_tag","embeddable":true,"href":"https:\/\/factory.sale\/et\/wp-json\/wp\/v2\/product_tag?post=12061"}],"curies":[{"name":"wp","href":"https:\/\/api.w.org\/{rel}","templated":true}]}}