{"id":120557,"date":"2025-10-08T19:39:13","date_gmt":"2025-10-08T16:39:12","guid":{"rendered":"https:\/\/factory.sale\/?post_type=product&#038;p=120557"},"modified":"2026-02-09T10:18:09","modified_gmt":"2026-02-09T07:18:09","slug":"sauna-led-light-70-rgb-12tk-komplekt-kuld-puldiga","status":"publish","type":"product","link":"https:\/\/factory.sale\/et\/toode\/sauna-led-light-70-rgb-12tk-komplekt-kuld-puldiga\/","title":{"rendered":"Sauna LED light 70\u00b0 RGB 12tk komplekt Kuld Puldiga"},"content":{"rendered":"<h2 class=\"product_name \"><span style=\"font-size: 14pt;\">Sauna LED light 70\u00b0 RGB 12tk komplekt Kuld Puldiga<\/span><\/h2>\n<p>Saunavalgustus on t\u00e4htis detail, mis annab leiliruumis poole l\u00f5dvestavast efektist.\u00a0LED valgustus v\u00f5imaldab Teil saada meeldivaid elamusi saunak\u00fclastusest.\u00a0LED on hea alternatiiv kiudoptilisele valgustusele. Antud valgustusel on lai kasutusala. Neid v\u00f5ib kasutada saunas lae all t\u00e4histaevana, paigaldada seina \u00e4\u00e4rde, r\u00f5hutamaks puidu v\u00f5i kivide faktuuri v\u00f5i siis ka seljatoe taha.\u00a0Seda v\u00f5ib ka kasutada valgustusena \u00fcksk\u00f5ik millises muus ruumis.\u00a0Komplekti kuulub 12 LED lampi kuldsete otstega, kaablit iga lambi kohta ning adapter. Valguse toon on RGB. Hajuvusnurk 70.<\/p>\n<p><span style=\"color: #800000;\">Aurusaunas kasutamisel on vajalik valgustite hermetiseerimine!<\/span><\/p>\n<p><span style=\"font-size: 14pt;\"><strong>Komplektis :<\/strong><\/span><\/p>\n<p>12 tk. 5mm DIP LED<\/p>\n<p>4x5m kaabel<\/p>\n<p>4x4m kaabel<\/p>\n<p>4x3m kaabel<\/p>\n<p>Adapter 12V 500mA<\/p>\n<p>Kontroller 2.4Mhz<\/p>\n<p>Pult<\/p>\n<dl class=\"data-sheet flex_container flex_start\">\n<dt><\/dt>\n<dt><span style=\"font-size: 14pt;\"><strong>Tehniline info:<\/strong><\/span><\/dt>\n<dt><\/dt>\n<dt><\/dt>\n<dt><\/dt>\n<dt class=\"name\">\n<dl class=\"data-sheet flex_container flex_start\">\n<dt><\/dt>\n<dt class=\"name\"><strong>Eluaeg:<\/strong> 50000 tundi<\/dt>\n<\/dl>\n<dl class=\"data-sheet flex_container flex_start\">\n<dt class=\"name\"><strong>Korpuse materjal:<\/strong> Pronks<\/dt>\n<\/dl>\n<dl class=\"data-sheet flex_container flex_start\">\n<dt class=\"name\"><strong>V\u00e4rv:<\/strong> Kuld<\/dt>\n<\/dl>\n<dl class=\"data-sheet flex_container flex_start\">\n<dt class=\"name\"><strong>Valgustemperatuur:<\/strong> V\u00e4rviline<\/dt>\n<\/dl>\n<dl class=\"data-sheet flex_container flex_start\">\n<dt class=\"name\"><strong>Distantsjuhtimine:<\/strong> 30m<\/dt>\n<\/dl>\n<dl class=\"data-sheet flex_container flex_start\">\n<dt class=\"name\"><strong>Sagedusreaktsioon:<\/strong> 2.4GHz<\/dt>\n<\/dl>\n<dl class=\"data-sheet flex_container flex_start\">\n<dt class=\"name\"><strong>Niiskus:<\/strong> 0-95%RH<\/dt>\n<\/dl>\n<dl class=\"data-sheet flex_container flex_start\">\n<dt class=\"name\"><strong>Kaitseaste:<\/strong> IP54<\/dt>\n<\/dl>\n<dl class=\"data-sheet flex_container flex_start\">\n<dt class=\"name\"><strong>Valgusvoog:<\/strong> 50Lm<\/dt>\n<\/dl>\n<dl class=\"data-sheet flex_container flex_start\">\n<dt class=\"name\"><strong>L\u00e4\u00e4tse nurk:<\/strong> 70\u00b0<\/dt>\n<\/dl>\n<dl class=\"data-sheet flex_container flex_start\">\n<dt class=\"name\"><strong>Pinge:<\/strong> 12VDC<\/dt>\n<\/dl>\n<dl class=\"data-sheet flex_container flex_start\">\n<dt class=\"name\"><strong>T\u00f6\u00f6temperatuur:<\/strong> -20\u00b0C&#8230;+120\u00b0C<\/dt>\n<\/dl>\n<\/dt>\n<\/dl>\n<dl class=\"data-sheet flex_container flex_start\">\n<dt><img loading=\"lazy\" decoding=\"async\" class=\"alignnone size-medium wp-image-120546\" src=\"https:\/\/factory.sale\/wp-content\/uploads\/2025\/10\/factory-sale-sauna-led-300x183.png\" alt=\"\" width=\"300\" height=\"183\" srcset=\"https:\/\/factory.sale\/wp-content\/uploads\/2025\/10\/factory-sale-sauna-led-300x183.png 300w, https:\/\/factory.sale\/wp-content\/uploads\/2025\/10\/factory-sale-sauna-led-150x91.png 150w, https:\/\/factory.sale\/wp-content\/uploads\/2025\/10\/factory-sale-sauna-led-768x467.png 768w, https:\/\/factory.sale\/wp-content\/uploads\/2025\/10\/factory-sale-sauna-led-600x365.png 600w, https:\/\/factory.sale\/wp-content\/uploads\/2025\/10\/factory-sale-sauna-led.png 922w\" sizes=\"auto, (max-width: 300px) 100vw, 300px\" \/><\/dt>\n<\/dl>\n","protected":false},"excerpt":{"rendered":"<p>Saunavalgustus on oluline detail, mis annab leiliruumis poole l\u00f5\u00f5gastavast efektist. LED-valgustus v\u00f5imaldab nautida meeldivaid elamusi saunak\u00fclastuse ajal. LED on hea alternatiiv kiudoptilisele valgustusele. Sellel valgustusel on lai kasutusala. LED-valgusteid v\u00f5ib paigaldada sauna lakke t\u00e4histaevana, seina \u00e4\u00e4rde, et r\u00f5hutada puidu v\u00f5i kivide faktuuri, v\u00f5i seljatoe taha.<\/p>\n<p><span style=\"color: #800000;\">Aurusaunas kasutamisel on vajalik valgustite hermetiseerimine!<\/span><\/p>\n","protected":false},"featured_media":120638,"comment_status":"open","ping_status":"closed","template":"","meta":{"_acf_changed":false},"factory":[],"free-shipment":[],"product_brand":[],"product_cat":[1028,784],"product_tag":[],"class_list":{"0":"post-120557","1":"product","2":"type-product","3":"status-publish","4":"has-post-thumbnail","6":"product_cat-saunatarvikud","7":"product_cat-sanitaartehnika","9":"first","10":"instock","11":"sale","12":"taxable","13":"shipping-taxable","14":"purchasable","15":"product-type-simple"},"acf":[],"_links":{"self":[{"href":"https:\/\/factory.sale\/et\/wp-json\/wp\/v2\/product\/120557","targetHints":{"allow":["GET"]}}],"collection":[{"href":"https:\/\/factory.sale\/et\/wp-json\/wp\/v2\/product"}],"about":[{"href":"https:\/\/factory.sale\/et\/wp-json\/wp\/v2\/types\/product"}],"replies":[{"embeddable":true,"href":"https:\/\/factory.sale\/et\/wp-json\/wp\/v2\/comments?post=120557"}],"wp:featuredmedia":[{"embeddable":true,"href":"https:\/\/factory.sale\/et\/wp-json\/wp\/v2\/media\/120638"}],"wp:attachment":[{"href":"https:\/\/factory.sale\/et\/wp-json\/wp\/v2\/media?parent=120557"}],"wp:term":[{"taxonomy":"factory","embeddable":true,"href":"https:\/\/factory.sale\/et\/wp-json\/wp\/v2\/factory?post=120557"},{"taxonomy":"free-shipment","embeddable":true,"href":"https:\/\/factory.sale\/et\/wp-json\/wp\/v2\/free-shipment?post=120557"},{"taxonomy":"product_brand","embeddable":true,"href":"https:\/\/factory.sale\/et\/wp-json\/wp\/v2\/product_brand?post=120557"},{"taxonomy":"product_cat","embeddable":true,"href":"https:\/\/factory.sale\/et\/wp-json\/wp\/v2\/product_cat?post=120557"},{"taxonomy":"product_tag","embeddable":true,"href":"https:\/\/factory.sale\/et\/wp-json\/wp\/v2\/product_tag?post=120557"}],"curies":[{"name":"wp","href":"https:\/\/api.w.org\/{rel}","templated":true}]}}