{"id":120551,"date":"2025-10-08T19:08:05","date_gmt":"2025-10-08T16:08:04","guid":{"rendered":"https:\/\/factory.sale\/?post_type=product&#038;p=120551"},"modified":"2026-02-09T10:26:03","modified_gmt":"2026-02-09T07:26:03","slug":"sauna-led-70-rgb-automaatne-varvimuutus-12-tk","status":"publish","type":"product","link":"https:\/\/factory.sale\/et\/toode\/sauna-led-70-rgb-automaatne-varvimuutus-12-tk\/","title":{"rendered":"Sauna LED 70\u00b0 RGB (automaatne v\u00e4rvimuutus) 12 tk"},"content":{"rendered":"<h2><span style=\"font-size: 14pt;\">Sauna LED 70\u00b0 RGB (automaatne v\u00e4rvimuutus) 12 tk komplekt kuldne korpus<\/span><\/h2>\n<p><strong>NB! V\u00e4rvivahetus on automaatne.<\/strong><br \/>\n<strong>Stabiilne re\u017eiim puudub, valgus liigub kogu aeg sujuvalt \u00fchest v\u00e4rvist teise.<\/strong><\/p>\n<p>Saunavalgustus on oluline detail, mis annab leiliruumis poole l\u00f5\u00f5gastavast efektist. LED-valgustus v\u00f5imaldab nautida meeldivaid elamusi saunak\u00fclastuse ajal. LED on hea alternatiiv kiudoptilisele valgustusele. Sellel valgustusel on lai kasutusala. LED-valgusteid v\u00f5ib paigaldada sauna lakke t\u00e4histaevana, seina \u00e4\u00e4rde, et r\u00f5hutada puidu v\u00f5i kivide faktuuri, v\u00f5i seljatoe taha. Seda t\u00fc\u00fcpi valgustust v\u00f5ib kasutada ka igas muus ruumis. Komplekti kuulub 12 kuldsete otstega LED-lampi, iga\u00fche jaoks 5 meetrit kaablit ning adapter. Valguse toon on RGB. Hajumisnurk on 70 kraadi.<\/p>\n<p><span style=\"color: #800000;\">Aurusaunas kasutamisel on vajalik valgustite hermetiseerimine!<\/span><\/p>\n<p><span style=\"font-size: 14pt;\"><strong>Komplektis :<\/strong><\/span><\/p>\n<p>12 tk. 5mm DIP LED<\/p>\n<p>2x5m kaabel<\/p>\n<p>2x4m kaabel<\/p>\n<p>2x3m kaabel<\/p>\n<p>Adapter 12V,500mA, Euroopa pistikuga<\/p>\n<dl class=\"data-sheet flex_container flex_start\">\n<dt><\/dt>\n<dt><span style=\"font-size: 14pt;\"><strong>Tehniline info:<\/strong><\/span><\/dt>\n<dt><\/dt>\n<dt><\/dt>\n<dt><\/dt>\n<dt class=\"name\"><strong>Eluaeg:<\/strong> 50000 tundi<\/dt>\n<\/dl>\n<dl class=\"data-sheet flex_container flex_start\">\n<dt class=\"name\"><strong>Korpuse materjal:<\/strong> Pronks<\/dt>\n<\/dl>\n<dl class=\"data-sheet flex_container flex_start\">\n<dt class=\"name\"><strong>V\u00e4rv:<\/strong> Kuld<\/dt>\n<\/dl>\n<dl class=\"data-sheet flex_container flex_start\">\n<dt class=\"name\"><strong>Valgustemperatuur:<\/strong> V\u00e4rviline<\/dt>\n<\/dl>\n<dl class=\"data-sheet flex_container flex_start\">\n<dt class=\"name\"><strong>Niiskus:<\/strong> 0-95%RH<\/dt>\n<\/dl>\n<dl class=\"data-sheet flex_container flex_start\">\n<dt class=\"name\"><strong>Valgusvoog:<\/strong> 50lm<\/dt>\n<\/dl>\n<dl class=\"data-sheet flex_container flex_start\">\n<dt class=\"name\"><strong>L\u00e4\u00e4tse nurk:<\/strong> 70\u00b0<\/dt>\n<\/dl>\n<dl class=\"data-sheet flex_container flex_start\">\n<dt class=\"name\"><strong>Pinge:<\/strong> 12VDC<\/dt>\n<\/dl>\n<dl class=\"data-sheet flex_container flex_start\">\n<dt class=\"name\"><strong>T\u00f6\u00f6temperatuur:<\/strong> -20\u00b0C&#8230;+120\u00b0C<\/dt>\n<dt><img loading=\"lazy\" decoding=\"async\" class=\"alignnone size-medium wp-image-120546\" src=\"https:\/\/factory.sale\/wp-content\/uploads\/2025\/10\/factory-sale-sauna-led-300x183.png\" alt=\"\" width=\"300\" height=\"183\" srcset=\"https:\/\/factory.sale\/wp-content\/uploads\/2025\/10\/factory-sale-sauna-led-300x183.png 300w, https:\/\/factory.sale\/wp-content\/uploads\/2025\/10\/factory-sale-sauna-led-150x91.png 150w, https:\/\/factory.sale\/wp-content\/uploads\/2025\/10\/factory-sale-sauna-led-768x467.png 768w, https:\/\/factory.sale\/wp-content\/uploads\/2025\/10\/factory-sale-sauna-led-600x365.png 600w, https:\/\/factory.sale\/wp-content\/uploads\/2025\/10\/factory-sale-sauna-led.png 922w\" sizes=\"auto, (max-width: 300px) 100vw, 300px\" \/><\/dt>\n<\/dl>\n","protected":false},"excerpt":{"rendered":"<p>Saunavalgustus on oluline detail, mis annab leiliruumis poole l\u00f5\u00f5gastavast efektist.. LED-valgustus v\u00f5imaldab nautida meeldivaid elamusi saunak\u00fclastuse ajal. LED on hea alternatiiv kiudoptilisele valgustusele. Sellel valgustusel on lai kasutusala. LED-valgusteid v\u00f5ib paigaldada sauna lakke t\u00e4histaevana, seina \u00e4\u00e4rde, et r\u00f5hutada puidu v\u00f5i kivide faktuuri, v\u00f5i seljatoe taha.<\/p>\n<p><span style=\"color: #800000;\">Aurusaunas kasutamisel on vajalik valgustite hermetiseerimine!<\/span><\/p>\n","protected":false},"featured_media":120625,"comment_status":"open","ping_status":"closed","template":"","meta":{"_acf_changed":false},"factory":[],"free-shipment":[],"product_brand":[],"product_cat":[1028,784],"product_tag":[],"class_list":{"0":"post-120551","1":"product","2":"type-product","3":"status-publish","4":"has-post-thumbnail","6":"product_cat-saunatarvikud","7":"product_cat-sanitaartehnika","9":"first","10":"instock","11":"sale","12":"taxable","13":"shipping-taxable","14":"purchasable","15":"product-type-simple"},"acf":[],"_links":{"self":[{"href":"https:\/\/factory.sale\/et\/wp-json\/wp\/v2\/product\/120551","targetHints":{"allow":["GET"]}}],"collection":[{"href":"https:\/\/factory.sale\/et\/wp-json\/wp\/v2\/product"}],"about":[{"href":"https:\/\/factory.sale\/et\/wp-json\/wp\/v2\/types\/product"}],"replies":[{"embeddable":true,"href":"https:\/\/factory.sale\/et\/wp-json\/wp\/v2\/comments?post=120551"}],"wp:featuredmedia":[{"embeddable":true,"href":"https:\/\/factory.sale\/et\/wp-json\/wp\/v2\/media\/120625"}],"wp:attachment":[{"href":"https:\/\/factory.sale\/et\/wp-json\/wp\/v2\/media?parent=120551"}],"wp:term":[{"taxonomy":"factory","embeddable":true,"href":"https:\/\/factory.sale\/et\/wp-json\/wp\/v2\/factory?post=120551"},{"taxonomy":"free-shipment","embeddable":true,"href":"https:\/\/factory.sale\/et\/wp-json\/wp\/v2\/free-shipment?post=120551"},{"taxonomy":"product_brand","embeddable":true,"href":"https:\/\/factory.sale\/et\/wp-json\/wp\/v2\/product_brand?post=120551"},{"taxonomy":"product_cat","embeddable":true,"href":"https:\/\/factory.sale\/et\/wp-json\/wp\/v2\/product_cat?post=120551"},{"taxonomy":"product_tag","embeddable":true,"href":"https:\/\/factory.sale\/et\/wp-json\/wp\/v2\/product_tag?post=120551"}],"curies":[{"name":"wp","href":"https:\/\/api.w.org\/{rel}","templated":true}]}}