{"id":120549,"date":"2025-10-08T18:49:24","date_gmt":"2025-10-08T15:49:25","guid":{"rendered":"https:\/\/factory.sale\/?post_type=product&#038;p=120549"},"modified":"2026-02-09T10:28:47","modified_gmt":"2026-02-09T07:28:47","slug":"sauna-led-35-6000k-12tk-komplekt-hobe","status":"publish","type":"product","link":"https:\/\/factory.sale\/et\/toode\/sauna-led-35-6000k-12tk-komplekt-hobe\/","title":{"rendered":"Sauna LED 35\u00b0 6000K 12tk komplekt H\u00f5be"},"content":{"rendered":"<h2 class=\"product_name \"><span style=\"font-size: 14pt;\">S<\/span><span style=\"font-size: 14pt;\">auna LED 35\u00b0 6000K 12tk komplekt H\u00f5be<\/span><\/h2>\n<p>Saunavalgustus on oluline detail, mis annab leiliruumis poole l\u00f5\u00f5gastavast efektist. LED-valgustus v\u00f5imaldab nautida meeldivaid elamusi saunak\u00fclastuse ajal. LED on hea alternatiiv kiudoptilisele valgustusele. Sellel valgustusel on lai kasutusala. LED-valgusteid v\u00f5ib paigaldada sauna lakke t\u00e4histaevana, seina \u00e4\u00e4rde, et r\u00f5hutada puidu v\u00f5i kivide faktuuri, v\u00f5i seljatoe taha. Seda t\u00fc\u00fcpi valgustust v\u00f5ib kasutada ka igas muus ruumis. Komplekti kuulub 12 kuldsete otstega LED-lampi, iga\u00fche jaoks 5 meetrit kaablit ning adapter. Valguse tooniks on k\u00fclm valge. Hajumisnurk on 35 kraadi.<\/p>\n<p><span style=\"color: #800000;\">Aurusaunas kasutamisel on vajalik valgustite hermetiseerimine!<\/span><\/p>\n<p><span style=\"font-size: 14pt;\"><strong>Komplektis :<\/strong><\/span><\/p>\n<p>12 tk. 5mm DIP LED<\/p>\n<p>Kaablid: 4x5m, 4x4m ja 4x3m.<\/p>\n<p>\u00dchendus 12 pesaga<\/p>\n<p>Adapter 12V\/230V 500mA<\/p>\n<dl class=\"data-sheet flex_container flex_start\">\n<dt><\/dt>\n<dt><span style=\"font-size: 14pt;\"><strong>Tehniline info:<\/strong><\/span><\/dt>\n<dt><\/dt>\n<dt><\/dt>\n<dt class=\"name\"><strong>Eluaeg:<\/strong> 50000 tundi<\/dt>\n<\/dl>\n<dl class=\"data-sheet flex_container flex_start\">\n<dt class=\"name\"><strong>Korpuse materjal:<\/strong> Alumiinium<\/dt>\n<\/dl>\n<dl class=\"data-sheet flex_container flex_start\">\n<dt class=\"name\"><strong>V\u00e4rv:<\/strong> H\u00f5be<\/dt>\n<\/dl>\n<dl class=\"data-sheet flex_container flex_start\">\n<dt class=\"name\"><strong>Valgustemperatuur:<\/strong> 6000K (K\u00fclm Valge)<\/dt>\n<\/dl>\n<dl class=\"data-sheet flex_container flex_start\">\n<dt class=\"name\"><strong>Niiskus:<\/strong> 0-95%RH<\/dt>\n<\/dl>\n<dl class=\"data-sheet flex_container flex_start\">\n<dt class=\"name\"><strong>Kaitseaste:<\/strong> IP54<\/dt>\n<\/dl>\n<dl class=\"data-sheet flex_container flex_start\">\n<dt class=\"name\"><strong>Valgusvoog:<\/strong> 55Lm<\/dt>\n<\/dl>\n<dl class=\"data-sheet flex_container flex_start\">\n<dt class=\"name\"><strong>L\u00e4\u00e4tse nurk:<\/strong> 35\u00b0<\/dt>\n<\/dl>\n<dl class=\"data-sheet flex_container flex_start\">\n<dt class=\"name\"><strong>Pinge:<\/strong> 12VDC<\/dt>\n<\/dl>\n<dl class=\"data-sheet flex_container flex_start\">\n<dt class=\"name\"><strong>T\u00f6\u00f6temperatuur:<\/strong> -20\u00b0C&#8230;+120\u00b0C<\/dt>\n<dt><img loading=\"lazy\" decoding=\"async\" class=\"alignnone size-medium wp-image-120546\" src=\"https:\/\/factory.sale\/wp-content\/uploads\/2025\/10\/factory-sale-sauna-led-300x183.png\" alt=\"\" width=\"300\" height=\"183\" srcset=\"https:\/\/factory.sale\/wp-content\/uploads\/2025\/10\/factory-sale-sauna-led-300x183.png 300w, https:\/\/factory.sale\/wp-content\/uploads\/2025\/10\/factory-sale-sauna-led-150x91.png 150w, https:\/\/factory.sale\/wp-content\/uploads\/2025\/10\/factory-sale-sauna-led-768x467.png 768w, https:\/\/factory.sale\/wp-content\/uploads\/2025\/10\/factory-sale-sauna-led-600x365.png 600w, https:\/\/factory.sale\/wp-content\/uploads\/2025\/10\/factory-sale-sauna-led.png 922w\" sizes=\"auto, (max-width: 300px) 100vw, 300px\" \/><\/dt>\n<\/dl>\n","protected":false},"excerpt":{"rendered":"<p>Saunavalgustus on oluline detail, mis annab leiliruumis poole l\u00f5\u00f5gastavast efektist. LED-valgustus v\u00f5imaldab nautida meeldivaid elamusi saunak\u00fclastuse ajal. LED on hea alternatiiv kiudoptilisele valgustusele. Sellel valgustusel on lai kasutusala.<\/p>\n<p><span style=\"color: #800000;\">Aurusaunas kasutamisel on vajalik valgustite hermetiseerimine!<\/span><\/p>\n","protected":false},"featured_media":120629,"comment_status":"open","ping_status":"closed","template":"","meta":{"_acf_changed":false},"factory":[],"free-shipment":[],"product_brand":[],"product_cat":[1028,784],"product_tag":[],"class_list":{"0":"post-120549","1":"product","2":"type-product","3":"status-publish","4":"has-post-thumbnail","6":"product_cat-saunatarvikud","7":"product_cat-sanitaartehnika","9":"first","10":"instock","11":"sale","12":"taxable","13":"shipping-taxable","14":"purchasable","15":"product-type-simple"},"acf":[],"_links":{"self":[{"href":"https:\/\/factory.sale\/et\/wp-json\/wp\/v2\/product\/120549","targetHints":{"allow":["GET"]}}],"collection":[{"href":"https:\/\/factory.sale\/et\/wp-json\/wp\/v2\/product"}],"about":[{"href":"https:\/\/factory.sale\/et\/wp-json\/wp\/v2\/types\/product"}],"replies":[{"embeddable":true,"href":"https:\/\/factory.sale\/et\/wp-json\/wp\/v2\/comments?post=120549"}],"wp:featuredmedia":[{"embeddable":true,"href":"https:\/\/factory.sale\/et\/wp-json\/wp\/v2\/media\/120629"}],"wp:attachment":[{"href":"https:\/\/factory.sale\/et\/wp-json\/wp\/v2\/media?parent=120549"}],"wp:term":[{"taxonomy":"factory","embeddable":true,"href":"https:\/\/factory.sale\/et\/wp-json\/wp\/v2\/factory?post=120549"},{"taxonomy":"free-shipment","embeddable":true,"href":"https:\/\/factory.sale\/et\/wp-json\/wp\/v2\/free-shipment?post=120549"},{"taxonomy":"product_brand","embeddable":true,"href":"https:\/\/factory.sale\/et\/wp-json\/wp\/v2\/product_brand?post=120549"},{"taxonomy":"product_cat","embeddable":true,"href":"https:\/\/factory.sale\/et\/wp-json\/wp\/v2\/product_cat?post=120549"},{"taxonomy":"product_tag","embeddable":true,"href":"https:\/\/factory.sale\/et\/wp-json\/wp\/v2\/product_tag?post=120549"}],"curies":[{"name":"wp","href":"https:\/\/api.w.org\/{rel}","templated":true}]}}