{"id":12049,"date":"2022-08-24T12:34:48","date_gmt":"2022-08-24T12:35:03","guid":{"rendered":"https:\/\/factory.sale\/?post_type=product&#038;p=12049"},"modified":"2024-06-27T15:43:30","modified_gmt":"2024-06-27T15:43:30","slug":"komposter-compo","status":"publish","type":"product","link":"https:\/\/factory.sale\/et\/toode\/komposter-compo\/","title":{"rendered":"Komposter Compo"},"content":{"rendered":"<p>320 liitrise mahutavusega komposter, mis on m\u00f5eldud erinevate biolagunevate j\u00e4\u00e4tmete komposteerimiseks ja loodusliku v\u00e4etise tootmiseks.<\/p>\n<p>Kaetud k\u00f5igist k\u00fclgedest, kuid ilma p\u00f5hjata.<\/p>\n<p>&nbsp;<\/p>\n<p><strong>M\u00f5\u00f5tmed:<\/strong><\/p>\n<p>700 x 700 x \u00a0800 mm<\/p>\n","protected":false},"excerpt":{"rendered":"<p>320 liitrise mahutavusega komposter, mis on m\u00f5eldud erinevate biolagunevate j\u00e4\u00e4tmete komposteerimiseks ja loodusliku v\u00e4etise tootmiseks.<\/p>\n","protected":false},"featured_media":12047,"comment_status":"open","ping_status":"closed","template":"","meta":{"_acf_changed":false},"factory":[],"free-shipment":[],"product_brand":[],"product_cat":[924,2733],"product_tag":[1483,1484],"class_list":{"0":"post-12049","1":"product","2":"type-product","3":"status-publish","4":"has-post-thumbnail","6":"product_cat-aiatooted","7":"product_cat-kompostrid","8":"product_tag-garden-et","9":"product_tag-yard-et","11":"first","12":"instock","13":"sale","14":"taxable","15":"shipping-taxable","16":"purchasable","17":"product-type-simple"},"acf":[],"_links":{"self":[{"href":"https:\/\/factory.sale\/et\/wp-json\/wp\/v2\/product\/12049","targetHints":{"allow":["GET"]}}],"collection":[{"href":"https:\/\/factory.sale\/et\/wp-json\/wp\/v2\/product"}],"about":[{"href":"https:\/\/factory.sale\/et\/wp-json\/wp\/v2\/types\/product"}],"replies":[{"embeddable":true,"href":"https:\/\/factory.sale\/et\/wp-json\/wp\/v2\/comments?post=12049"}],"wp:featuredmedia":[{"embeddable":true,"href":"https:\/\/factory.sale\/et\/wp-json\/wp\/v2\/media\/12047"}],"wp:attachment":[{"href":"https:\/\/factory.sale\/et\/wp-json\/wp\/v2\/media?parent=12049"}],"wp:term":[{"taxonomy":"factory","embeddable":true,"href":"https:\/\/factory.sale\/et\/wp-json\/wp\/v2\/factory?post=12049"},{"taxonomy":"free-shipment","embeddable":true,"href":"https:\/\/factory.sale\/et\/wp-json\/wp\/v2\/free-shipment?post=12049"},{"taxonomy":"product_brand","embeddable":true,"href":"https:\/\/factory.sale\/et\/wp-json\/wp\/v2\/product_brand?post=12049"},{"taxonomy":"product_cat","embeddable":true,"href":"https:\/\/factory.sale\/et\/wp-json\/wp\/v2\/product_cat?post=12049"},{"taxonomy":"product_tag","embeddable":true,"href":"https:\/\/factory.sale\/et\/wp-json\/wp\/v2\/product_tag?post=12049"}],"curies":[{"name":"wp","href":"https:\/\/api.w.org\/{rel}","templated":true}]}}