{"id":120456,"date":"2025-10-07T15:16:08","date_gmt":"2025-10-07T12:18:50","guid":{"rendered":"https:\/\/factory.sale\/?post_type=product&#038;p=120456"},"modified":"2025-11-21T02:00:50","modified_gmt":"2025-11-20T23:00:50","slug":"mers-puukuttega-ahi-ytk-210","status":"publish","type":"product","link":"https:\/\/factory.sale\/et\/toode\/mers-puukuttega-ahi-ytk-210\/","title":{"rendered":"Mers puuk\u00fcttega ahi YTK-210"},"content":{"rendered":"<p>Mers YTK-210 on usaldusv\u00e4\u00e4rne ja elegantne puuk\u00fcttega ahi, mis \u00fchendab endas t\u00f5husa k\u00fcttev\u00f5imsuse ja praktilise igap\u00e4evase kasutuse. 7,85 kW k\u00fcttev\u00f5imsusega ahi suudab efektiivselt soojendada kuni 55 m\u00b2 suuruse pinna, muutes selle ideaalseks valikuks suvilatesse, k\u00f6\u00f6kidesse v\u00f5i maamajadesse.<\/p>\n<p>Tugevast ja vastupidavast lehtmetallist valmistatud ning malmist komponentidega (pealisplaat, tulekatted, tuhasahtli katted ja rest) tugevdatud YTK-210 tagab pika kasutusea ja \u00fchtlase soojuse jaotuse. \u00dchets\u00fckliline \u00fchtlase kuumutuse s\u00fcsteem tagab toidu \u00fchtlase k\u00fcpsemise, samal ajal kui kuumuskindlad tulekivid hoiavad temperatuuri stabiilsena kogu koldes.<br \/>\nEmailkattega korpus annab pliidile elegantse, kergesti puhastatava pinna, mis on vastupidav nii kulumisele kui ka korrosioonile, s\u00e4ilitades selle kauni v\u00e4limuse aastateks. Eesmine ventilatsioonis\u00fcsteem parandab \u00f5huvoolu ja p\u00f5lemise efektiivsust, tagades suurema soojusv\u00f5imsuse ja v\u00e4iksema puidukulu.<\/p>\n<p>T\u00e4nu oma kompaktsetele m\u00f5\u00f5tmetele (43 \u00d7 81 \u00d7 75 cm), praktilisele ahjule (20 \u00d7 40 \u00d7 40 cm) ja klassikalisele disainile, sobitub Mers YTK-210 sujuvalt igasse interj\u00f6\u00f6ri, pakkudes nii soojust kui ka traditsioonilist toiduvalmistamise kogemust.<\/p>\n<p>&nbsp;<\/p>\n<p><strong>Saadaval kahes v\u00e4rvitoonis: must ja pruun<\/strong><\/p>\n<p>&nbsp;<\/p>\n<p>&nbsp;<\/p>\n<p><strong>Tehnilised andmed:<\/strong><\/p>\n<ul>\n<li>V\u00f5imsus: 7,85 kW<\/li>\n<li>Kuumuskindlad tulekivid<\/li>\n<li>\u00dchets\u00fckliline \u00fchtlase kuumutuse s\u00fcsteem<\/li>\n<li>M\u00f5\u00f5dud: s\u00fcgavus 43 \u00d7 laius 81 \u00d7 k\u00f5rgus 75 cm<\/li>\n<li>K\u00fcttev\u00f5ime: kuni 55 m\u00b2<\/li>\n<li>Malmosad: pealisplaat, tule- ja tuhasahtli katted, rest<\/li>\n<li>Emailkattega korpus<\/li>\n<li>Korstna l\u00e4bim\u00f5\u00f5t: 120 \/ 130 mm<\/li>\n<li>Lihtne puhastada<\/li>\n<li>Ahju m\u00f5\u00f5dud: 20 \u00d7 40 \u00d7 40 cm<\/li>\n<li>Tugev lehtmetallist konstruktsioon<\/li>\n<li>Kaal: 41 kg<\/li>\n<li>Eesmine ventilatsioon<\/li>\n<li>K\u00fctus: puit<\/li>\n<\/ul>\n<p>&nbsp;<\/p>\n<p>&nbsp;<\/p>\n<p><strong>Toote aluse m\u00f5\u00f5dud ja kaal: 50 x 85 cm , 41 kg<\/strong><\/p>\n<p>&nbsp;<\/p>\n<div id=\"productTabContent\" class=\"tab-content\">\n<div id=\"description\" class=\"tab-pane fade show active\" role=\"tabpanel\" aria-labelledby=\"description-tab\">\n<p><img loading=\"lazy\" decoding=\"async\" class=\"alignnone wp-image-107142\" src=\"https:\/\/factory.sale\/wp-content\/uploads\/2025\/07\/mers-stoves-factory.sale_-300x105.webp\" sizes=\"auto, (max-width: 422px) 100vw, 422px\" srcset=\"https:\/\/factory.sale\/wp-content\/uploads\/2025\/07\/mers-stoves-factory.sale_-300x105.webp 300w, https:\/\/factory.sale\/wp-content\/uploads\/2025\/07\/mers-stoves-factory.sale_-150x52.webp 150w, https:\/\/factory.sale\/wp-content\/uploads\/2025\/07\/mers-stoves-factory.sale_-768x268.webp 768w, https:\/\/factory.sale\/wp-content\/uploads\/2025\/07\/mers-stoves-factory.sale_-600x209.webp 600w, https:\/\/factory.sale\/wp-content\/uploads\/2025\/07\/mers-stoves-factory.sale_.webp 980w\" alt=\"\" width=\"422\" height=\"148\" \/><\/p>\n<p>&nbsp;<\/p>\n<p><a href=\"https:\/\/factory.sale\/wp-content\/uploads\/2025\/07\/BImSchV-file-1.pdf\" target=\"_blank\" rel=\"noopener\">Sertifikaat 1<\/a><\/p>\n<p><a href=\"https:\/\/factory.sale\/wp-content\/uploads\/2025\/07\/Eco-design-file-1.pdf\" target=\"_blank\" rel=\"noopener\">Sertifikaat 2<\/a><\/p>\n<p><a href=\"https:\/\/factory.sale\/wp-content\/uploads\/2025\/07\/Ecodesign-file-2.pdf\" target=\"_blank\" rel=\"noopener\">Sertifikaat 3<\/a><\/p>\n<p><a href=\"https:\/\/factory.sale\/wp-content\/uploads\/2025\/07\/Ecodesign-file-3.pdf\" target=\"_blank\" rel=\"noopener\">Sertifikaat 4<\/a><\/p>\n<p><a href=\"https:\/\/factory.sale\/wp-content\/uploads\/2025\/07\/SK-100101103SK-102-Fireplace-Ecodesign-BlmschVEEI.pdf\" target=\"_blank\" rel=\"noopener\">Sertifikaat 5<\/a><\/p>\n<\/div>\n<\/div>\n<div class=\"pt-3\"><\/div>\n","protected":false},"excerpt":{"rendered":"<p>Hoia end aasta ringi soojas ja hubases keskkonnas Mers kaminahjudega. Kavandatud t\u00f5husaks puuk\u00fctteks, pakuvad need ahjud v\u00f5imsat soojust, \u00fchendades klassikalise esteetika ja kaasaegse vastupidavuse. Lihtne kasutada ja hooldada, loovad need sooja ja kutsuva atmosf\u00e4\u00e4ri igasse eluruumi.<\/p>\n<p><em><strong>Transpordikulu 60 EUR!<\/strong><\/em><\/p>\n","protected":false},"featured_media":120431,"comment_status":"open","ping_status":"closed","template":"","meta":{"_acf_changed":false},"factory":[],"free-shipment":[],"product_brand":[],"product_cat":[1247,4485],"product_tag":[1892],"class_list":{"0":"post-120456","1":"product","2":"type-product","3":"status-publish","4":"has-post-thumbnail","6":"product_cat-ahjud","7":"product_cat-mers-ahjud","8":"product_tag-stove-et","10":"first","11":"instock","12":"sale","13":"taxable","14":"shipping-taxable","15":"purchasable","16":"product-type-simple"},"acf":[],"_links":{"self":[{"href":"https:\/\/factory.sale\/et\/wp-json\/wp\/v2\/product\/120456","targetHints":{"allow":["GET"]}}],"collection":[{"href":"https:\/\/factory.sale\/et\/wp-json\/wp\/v2\/product"}],"about":[{"href":"https:\/\/factory.sale\/et\/wp-json\/wp\/v2\/types\/product"}],"replies":[{"embeddable":true,"href":"https:\/\/factory.sale\/et\/wp-json\/wp\/v2\/comments?post=120456"}],"wp:featuredmedia":[{"embeddable":true,"href":"https:\/\/factory.sale\/et\/wp-json\/wp\/v2\/media\/120431"}],"wp:attachment":[{"href":"https:\/\/factory.sale\/et\/wp-json\/wp\/v2\/media?parent=120456"}],"wp:term":[{"taxonomy":"factory","embeddable":true,"href":"https:\/\/factory.sale\/et\/wp-json\/wp\/v2\/factory?post=120456"},{"taxonomy":"free-shipment","embeddable":true,"href":"https:\/\/factory.sale\/et\/wp-json\/wp\/v2\/free-shipment?post=120456"},{"taxonomy":"product_brand","embeddable":true,"href":"https:\/\/factory.sale\/et\/wp-json\/wp\/v2\/product_brand?post=120456"},{"taxonomy":"product_cat","embeddable":true,"href":"https:\/\/factory.sale\/et\/wp-json\/wp\/v2\/product_cat?post=120456"},{"taxonomy":"product_tag","embeddable":true,"href":"https:\/\/factory.sale\/et\/wp-json\/wp\/v2\/product_tag?post=120456"}],"curies":[{"name":"wp","href":"https:\/\/api.w.org\/{rel}","templated":true}]}}