{"id":12041,"date":"2022-08-24T12:33:28","date_gmt":"2022-08-24T12:34:01","guid":{"rendered":"https:\/\/factory.sale\/?post_type=product&#038;p=12041"},"modified":"2024-06-27T14:07:37","modified_gmt":"2024-06-27T14:07:37","slug":"komposter-compothermo-topelt-seintega","status":"publish","type":"product","link":"https:\/\/factory.sale\/et\/toode\/komposter-compothermo-topelt-seintega\/","title":{"rendered":"Komposter CompoThermo topelt seintega"},"content":{"rendered":"<p>Topelt seinad ja kate tagavad t\u00e4iusliku isolatsiooni ja optimaalse temperatuuri.<\/p>\n<p>T\u00e4nu neile funktsioonidele on CompoThermo komposter v\u00e4ga t\u00f5hus.<\/p>\n<p>CompoThermo peab vastu suurep\u00e4rastele ilmastikutingimustele.<\/p>\n<p>T\u00e4nu mugavale k\u00e4epidemele on kaant lihtne avada ja sulgeda, samuti kompostrit liigutada.<\/p>\n<p>Valmis v\u00e4etist on lihtne v\u00e4lja v\u00f5tta l\u00e4bi all olevate luukide.Komposter t\u00f6\u00f6tab igal aastaajal ja kompostib olmej\u00e4\u00e4tmeid.<\/p>\n<p>Korralikult hooldatud komposteerimine on v\u00f5imalik kuni -20 \u00b0 C, misj\u00e4rel komposti j\u00e4\u00e4b seisma ja temperatuuri t\u00f5ustes kompostimine j\u00e4tkub. Komposter on ilma p\u00f5hjata.<\/p>\n<p>&nbsp;<\/p>\n<p><strong>Saadaval eri m\u00f5\u00f5tudes:<\/strong><\/p>\n<ul>\n<li>680 x 680 mm, k\u00f5rgus 830 mm, 340 liitrit, topelt seintega &#8211; 95.9 EUR (ilma KM)<\/li>\n<li>880 x 880 mm, k\u00f5rgus 1290 mm, 900 liitrit, topelt seintega &#8211; 186.2 \u00a0EUR (ilma KM)<\/li>\n<\/ul>\n","protected":false},"excerpt":{"rendered":"<p>CompoThermo peab vastu suurep\u00e4raselt ilmastikutingimustele. Topelt seinad ja kate tagavad t\u00e4iusliku isolatsiooni ja optimaalse temperatuuri.<\/p>\n","protected":false},"featured_media":12033,"comment_status":"open","ping_status":"closed","template":"","meta":{"_acf_changed":false},"factory":[],"free-shipment":[],"product_brand":[],"product_cat":[924,2733],"product_tag":[1483,1484],"class_list":{"0":"post-12041","1":"product","2":"type-product","3":"status-publish","4":"has-post-thumbnail","6":"product_cat-aiatooted","7":"product_cat-kompostrid","8":"product_tag-garden-et","9":"product_tag-yard-et","11":"first","12":"instock","13":"sale","14":"taxable","15":"shipping-taxable","16":"purchasable","17":"product-type-simple"},"acf":[],"_links":{"self":[{"href":"https:\/\/factory.sale\/et\/wp-json\/wp\/v2\/product\/12041","targetHints":{"allow":["GET"]}}],"collection":[{"href":"https:\/\/factory.sale\/et\/wp-json\/wp\/v2\/product"}],"about":[{"href":"https:\/\/factory.sale\/et\/wp-json\/wp\/v2\/types\/product"}],"replies":[{"embeddable":true,"href":"https:\/\/factory.sale\/et\/wp-json\/wp\/v2\/comments?post=12041"}],"wp:featuredmedia":[{"embeddable":true,"href":"https:\/\/factory.sale\/et\/wp-json\/wp\/v2\/media\/12033"}],"wp:attachment":[{"href":"https:\/\/factory.sale\/et\/wp-json\/wp\/v2\/media?parent=12041"}],"wp:term":[{"taxonomy":"factory","embeddable":true,"href":"https:\/\/factory.sale\/et\/wp-json\/wp\/v2\/factory?post=12041"},{"taxonomy":"free-shipment","embeddable":true,"href":"https:\/\/factory.sale\/et\/wp-json\/wp\/v2\/free-shipment?post=12041"},{"taxonomy":"product_brand","embeddable":true,"href":"https:\/\/factory.sale\/et\/wp-json\/wp\/v2\/product_brand?post=12041"},{"taxonomy":"product_cat","embeddable":true,"href":"https:\/\/factory.sale\/et\/wp-json\/wp\/v2\/product_cat?post=12041"},{"taxonomy":"product_tag","embeddable":true,"href":"https:\/\/factory.sale\/et\/wp-json\/wp\/v2\/product_tag?post=12041"}],"curies":[{"name":"wp","href":"https:\/\/api.w.org\/{rel}","templated":true}]}}