{"id":120359,"date":"2025-10-07T00:10:25","date_gmt":"2025-10-06T21:14:35","guid":{"rendered":"https:\/\/factory.sale\/?post_type=product&#038;p=120359"},"modified":"2025-11-21T21:38:30","modified_gmt":"2025-11-21T18:38:30","slug":"mers-ahi-stk-205","status":"publish","type":"product","link":"https:\/\/factory.sale\/et\/toode\/mers-ahi-stk-205\/","title":{"rendered":"Mers ahi STK-205"},"content":{"rendered":"<p><strong>Mers Pliit STK-205 \u2013 v\u00f5imsus, funktsionaalsus ja ajatu disain<\/strong><\/p>\n<p>Mers STK-205 \u00fchendab endas traditsioonilise puuk\u00fcttega pliidi t\u00f5hususe ja sisseehitatud ahju praktilisuse \u2013 pakkudes \u00fches elegantses seadmes nii soojust kui ka v\u00f5imalust valmistada maitsvaid koduseid toite. 7,85 kW k\u00fcttev\u00f5imsusega pliit soojendab t\u00f5husalt kuni 60 m\u00b2 suuruse pinna, muutes selle ideaalseks valikuks suvilatesse, kodudesse ja puhkemajadesse.<\/p>\n<p>Tugevast ja kvaliteetsest lehtmetallist valmistatud ning malmkomponentidega (pealisplaat ja rest) tugevdatud STK-205 tagab pika kasutusea ja stabiilse soojusj\u00f5udluse. Kaheastmeline ahjus\u00fcsteem koos sisseehitatud termomeetriga (25 \u00d7 40 \u00d7 40 cm) v\u00f5imaldab t\u00e4pset toiduvalmistamise juhtimist, samal ajal kui kuumuskindlad tulekivid hoiavad \u00fchtlast sisetemperatuuri, tagades \u00fchtlased tulemused.<\/p>\n<p>Keraamiline klaasuks laseb nautida tule loomulikku kuma ja on vastupidav temperatuurimuutustele. T\u00e4nu lihtsasti puhastatavale konstruktsioonile, tugevale puuhoidlale ja kompaktsetele m\u00f5\u00f5tmetele (44 \u00d7 81 \u00d7 80 cm) on Mers STK-205 nii praktiline kui ka stiilne \u2013 t\u00e4iuslik tasakaal vormi ja funktsiooni vahel.<\/p>\n<p>&nbsp;<\/p>\n<p>&nbsp;<\/p>\n<p><strong>Toote aluse m\u00f5\u00f5dud ja kaal:<\/strong> <strong>50 x 85 cm, 67.5 kg<\/strong><\/p>\n<p>&nbsp;<\/p>\n<p><strong>Tehnilised andmed:<\/strong><\/p>\n<ul>\n<li>V\u00f5imsus: 7,85 kW<\/li>\n<li>Kuumuskindlad tulekivid<\/li>\n<li>Kaheastmeline ahjus\u00fcsteem<\/li>\n<li>M\u00f5\u00f5dud: s\u00fcgavus 44 \u00d7 laius 81 \u00d7 k\u00f5rgus 80 cm<\/li>\n<li>K\u00fcttev\u00f5ime: kuni 60 m\u00b2<\/li>\n<li>Malmosad: pealisplaat ja rest<\/li>\n<li>Korstna l\u00e4bim\u00f5\u00f5t: 130 mm<\/li>\n<li>Kuumakindel keraamiline klaas<\/li>\n<li>Lihtne puhastamine<\/li>\n<li>Ahju m\u00f5\u00f5dud: 25 \u00d7 40 \u00d7 40 cm (sisseehitatud termomeetriga)<\/li>\n<li>Tugev lehtmetallist konstruktsioon<\/li>\n<li>Kaal: 67,5 kg<\/li>\n<li>Puuhoidla<\/li>\n<li>K\u00fctus: puit<\/li>\n<\/ul>\n<p>&nbsp;<\/p>\n<p><img loading=\"lazy\" decoding=\"async\" class=\"alignnone wp-image-107142\" src=\"https:\/\/factory.sale\/wp-content\/uploads\/2025\/07\/mers-stoves-factory.sale_-300x105.webp\" sizes=\"auto, (max-width: 422px) 100vw, 422px\" srcset=\"https:\/\/factory.sale\/wp-content\/uploads\/2025\/07\/mers-stoves-factory.sale_-300x105.webp 300w, https:\/\/factory.sale\/wp-content\/uploads\/2025\/07\/mers-stoves-factory.sale_-150x52.webp 150w, https:\/\/factory.sale\/wp-content\/uploads\/2025\/07\/mers-stoves-factory.sale_-768x268.webp 768w, https:\/\/factory.sale\/wp-content\/uploads\/2025\/07\/mers-stoves-factory.sale_-600x209.webp 600w, https:\/\/factory.sale\/wp-content\/uploads\/2025\/07\/mers-stoves-factory.sale_.webp 980w\" alt=\"\" width=\"422\" height=\"148\" \/><\/p>\n<p>&nbsp;<\/p>\n<p><a href=\"https:\/\/factory.sale\/wp-content\/uploads\/2025\/07\/BImSchV-file-1.pdf\" target=\"_blank\" rel=\"noopener\">Sertifikaat 1<\/a><\/p>\n<p><a href=\"https:\/\/factory.sale\/wp-content\/uploads\/2025\/07\/Eco-design-file-1.pdf\" target=\"_blank\" rel=\"noopener\">Sertifikaat 2<\/a><\/p>\n<p><a href=\"https:\/\/factory.sale\/wp-content\/uploads\/2025\/07\/Ecodesign-file-2.pdf\" target=\"_blank\" rel=\"noopener\">Sertifikaat 3<\/a><\/p>\n<p><a href=\"https:\/\/factory.sale\/wp-content\/uploads\/2025\/07\/Ecodesign-file-3.pdf\" target=\"_blank\" rel=\"noopener\">Sertifikaat 4<\/a><\/p>\n<p><a href=\"https:\/\/factory.sale\/wp-content\/uploads\/2025\/07\/SK-100101103SK-102-Fireplace-Ecodesign-BlmschVEEI.pdf\" target=\"_blank\" rel=\"noopener\">Sertifikaat 5<\/a><\/p>\n","protected":false},"excerpt":{"rendered":"<p>Hoia end aasta ringi soojas ja hubases keskkonnas Mers kaminahjudega. Kavandatud t\u00f5husaks puuk\u00fctteks, pakuvad need ahjud v\u00f5imsat soojust, \u00fchendades klassikalise esteetika ja kaasaegse vastupidavuse. Lihtne kasutada ja hooldada, loovad need sooja ja kutsuva atmosf\u00e4\u00e4ri igasse eluruumi.<\/p>\n<p><em><strong>Transpordikulu 60 EUR!<\/strong><\/em><\/p>\n","protected":false},"featured_media":120346,"comment_status":"open","ping_status":"closed","template":"","meta":{"_acf_changed":false},"factory":[],"free-shipment":[],"product_brand":[],"product_cat":[1247,4485],"product_tag":[1892],"class_list":{"0":"post-120359","1":"product","2":"type-product","3":"status-publish","4":"has-post-thumbnail","6":"product_cat-ahjud","7":"product_cat-mers-ahjud","8":"product_tag-stove-et","10":"first","11":"instock","12":"sale","13":"taxable","14":"shipping-taxable","15":"purchasable","16":"product-type-simple"},"acf":[],"_links":{"self":[{"href":"https:\/\/factory.sale\/et\/wp-json\/wp\/v2\/product\/120359","targetHints":{"allow":["GET"]}}],"collection":[{"href":"https:\/\/factory.sale\/et\/wp-json\/wp\/v2\/product"}],"about":[{"href":"https:\/\/factory.sale\/et\/wp-json\/wp\/v2\/types\/product"}],"replies":[{"embeddable":true,"href":"https:\/\/factory.sale\/et\/wp-json\/wp\/v2\/comments?post=120359"}],"wp:featuredmedia":[{"embeddable":true,"href":"https:\/\/factory.sale\/et\/wp-json\/wp\/v2\/media\/120346"}],"wp:attachment":[{"href":"https:\/\/factory.sale\/et\/wp-json\/wp\/v2\/media?parent=120359"}],"wp:term":[{"taxonomy":"factory","embeddable":true,"href":"https:\/\/factory.sale\/et\/wp-json\/wp\/v2\/factory?post=120359"},{"taxonomy":"free-shipment","embeddable":true,"href":"https:\/\/factory.sale\/et\/wp-json\/wp\/v2\/free-shipment?post=120359"},{"taxonomy":"product_brand","embeddable":true,"href":"https:\/\/factory.sale\/et\/wp-json\/wp\/v2\/product_brand?post=120359"},{"taxonomy":"product_cat","embeddable":true,"href":"https:\/\/factory.sale\/et\/wp-json\/wp\/v2\/product_cat?post=120359"},{"taxonomy":"product_tag","embeddable":true,"href":"https:\/\/factory.sale\/et\/wp-json\/wp\/v2\/product_tag?post=120359"}],"curies":[{"name":"wp","href":"https:\/\/api.w.org\/{rel}","templated":true}]}}