{"id":120337,"date":"2025-10-06T23:14:36","date_gmt":"2025-10-06T20:29:25","guid":{"rendered":"https:\/\/factory.sale\/?post_type=product&#038;p=120337"},"modified":"2025-11-24T00:45:30","modified_gmt":"2025-11-23T21:45:30","slug":"mers-ahi-fs-100","status":"publish","type":"product","link":"https:\/\/factory.sale\/et\/toode\/mers-ahi-fs-100\/","title":{"rendered":"Mers ahi FS-100"},"content":{"rendered":"<section class=\"container-fluid mt-5\">\n<div class=\"container-xl\">\n<div id=\"productTabContent\" class=\"tab-content\">\n<div id=\"description\" class=\"tab-pane fade show active\" role=\"tabpanel\" aria-labelledby=\"description-tab\">\n<p><strong>Mers Pliit FS-100 \u2013 kompaktne v\u00f5imsus ja ajatu disain<\/strong><\/p>\n<p>Koge usaldusv\u00e4\u00e4rset soojust ja t\u00f5husust Mers FS-100 puuk\u00fcttega pliidiga, mis on loodud v\u00e4ikeste ja keskmise suurusega ruumide k\u00fctmiseks. 5,5 kW k\u00fcttev\u00f5imsuse abil soojendab see pliit kuni 50 m\u00b2 suuruse pinna, muutes selle ideaalseks valikuks suvilatesse, t\u00f6\u00f6kodadesse v\u00f5i v\u00e4iksematesse eluruumidesse.<br \/>\nTugevast, kvaliteetsest lehtmetallist valmistatud ning malmkomponentidega (pealisplaat, raam, katted ja rest) varustatud FS-100 \u00fchendab endas vastupidavuse ja funktsionaalsuse, tagades pika kasutusea. Kuumuskindlad tulekivid tagavad \u00fchtlase soojusjaotuse, samas kui emailkattega korpus suurendab vastupidavust ja annab seadmele modernse, elegantse v\u00e4limuse.<br \/>\nKeraamiline klaasuks pakub selget vaadet leegile ning on vastupidav \u00e4\u00e4rmuslikele temperatuurimuutustele, tuues ruumi nii soojust kui ka hubasust. T\u00e4nu lihtsasti puhastatavale konstruktsioonile ja kompaktsetele m\u00f5\u00f5tmetele (45 \u00d7 30 \u00d7 61 cm) on Mers FS-100 praktiline, stiilne ja energiat\u00f5hus igas keskkonnas.<\/p>\n<p>&nbsp;<\/p>\n<p>&nbsp;<\/p>\n<p><strong>Tehnilised andmed:<\/strong><\/p>\n<ul>\n<li>Kaal: 25 kg<\/li>\n<li>K\u00fctus: puit<\/li>\n<li>V\u00f5imsus: 5,5 kW<\/li>\n<li>Kuumuskindlad tulekivid<\/li>\n<li>M\u00f5\u00f5dud: s\u00fcgavus 45 \u00d7 laius 30 \u00d7 k\u00f5rgus 61 cm<\/li>\n<li>K\u00fcttev\u00f5ime: kuni 50 m\u00b2<\/li>\n<li>Malmist osad: pealisplaat, raam, katted ja rest<\/li>\n<li>Emailkattega korpus<\/li>\n<li>Korstna l\u00e4bim\u00f5\u00f5t: 130 mm<\/li>\n<li>Lihtne puhastada<\/li>\n<li>Tugev lehtmetallist konstruktsioon<\/li>\n<li>Kuumakindel keraamiline klaas<\/li>\n<\/ul>\n<p>&nbsp;<\/p>\n<p><strong>Toote aluse m\u00f5\u00f5dud ja kaal:<\/strong> <strong>50 x 35 cm, 25 kg<\/strong><\/p>\n<p>&nbsp;<\/p>\n<p><img loading=\"lazy\" decoding=\"async\" class=\"alignnone wp-image-107142\" src=\"https:\/\/factory.sale\/wp-content\/uploads\/2025\/07\/mers-stoves-factory.sale_-300x105.webp\" sizes=\"auto, (max-width: 422px) 100vw, 422px\" srcset=\"https:\/\/factory.sale\/wp-content\/uploads\/2025\/07\/mers-stoves-factory.sale_-300x105.webp 300w, https:\/\/factory.sale\/wp-content\/uploads\/2025\/07\/mers-stoves-factory.sale_-150x52.webp 150w, https:\/\/factory.sale\/wp-content\/uploads\/2025\/07\/mers-stoves-factory.sale_-768x268.webp 768w, https:\/\/factory.sale\/wp-content\/uploads\/2025\/07\/mers-stoves-factory.sale_-600x209.webp 600w, https:\/\/factory.sale\/wp-content\/uploads\/2025\/07\/mers-stoves-factory.sale_.webp 980w\" alt=\"\" width=\"422\" height=\"148\" \/><\/p>\n<p>&nbsp;<\/p>\n<p><a href=\"https:\/\/factory.sale\/wp-content\/uploads\/2025\/07\/BImSchV-file-1.pdf\" target=\"_blank\" rel=\"noopener\">Sertifikaat 1<\/a><\/p>\n<p><a href=\"https:\/\/factory.sale\/wp-content\/uploads\/2025\/07\/Eco-design-file-1.pdf\" target=\"_blank\" rel=\"noopener\">Sertifikaat 2<\/a><\/p>\n<p><a href=\"https:\/\/factory.sale\/wp-content\/uploads\/2025\/07\/Ecodesign-file-2.pdf\" target=\"_blank\" rel=\"noopener\">Sertifikaat 3<\/a><\/p>\n<p><a href=\"https:\/\/factory.sale\/wp-content\/uploads\/2025\/07\/Ecodesign-file-3.pdf\" target=\"_blank\" rel=\"noopener\">Sertifikaat 4<\/a><\/p>\n<p><a href=\"https:\/\/factory.sale\/wp-content\/uploads\/2025\/07\/SK-100101103SK-102-Fireplace-Ecodesign-BlmschVEEI.pdf\" target=\"_blank\" rel=\"noopener\">Sertifikaat 5<\/a><\/p>\n<\/div>\n<\/div>\n<\/div>\n<\/section>\n","protected":false},"excerpt":{"rendered":"<p>Hoia end aasta ringi soojas ja hubases keskkonnas Mers kaminahjudega. Kavandatud t\u00f5husaks puuk\u00fctteks, pakuvad need ahjud v\u00f5imsat soojust, \u00fchendades klassikalise esteetika ja kaasaegse vastupidavuse. Lihtne kasutada ja hooldada, loovad need sooja ja kutsuva atmosf\u00e4\u00e4ri igasse eluruumi.<\/p>\n<p><em><strong>Transpordikulu 60 EUR!<\/strong><\/em><\/p>\n","protected":false},"featured_media":120325,"comment_status":"open","ping_status":"closed","template":"","meta":{"_acf_changed":false},"factory":[],"free-shipment":[],"product_brand":[],"product_cat":[1247,4485],"product_tag":[1892],"class_list":{"0":"post-120337","1":"product","2":"type-product","3":"status-publish","4":"has-post-thumbnail","6":"product_cat-ahjud","7":"product_cat-mers-ahjud","8":"product_tag-stove-et","10":"first","11":"instock","12":"sale","13":"taxable","14":"shipping-taxable","15":"purchasable","16":"product-type-simple"},"acf":[],"_links":{"self":[{"href":"https:\/\/factory.sale\/et\/wp-json\/wp\/v2\/product\/120337","targetHints":{"allow":["GET"]}}],"collection":[{"href":"https:\/\/factory.sale\/et\/wp-json\/wp\/v2\/product"}],"about":[{"href":"https:\/\/factory.sale\/et\/wp-json\/wp\/v2\/types\/product"}],"replies":[{"embeddable":true,"href":"https:\/\/factory.sale\/et\/wp-json\/wp\/v2\/comments?post=120337"}],"wp:featuredmedia":[{"embeddable":true,"href":"https:\/\/factory.sale\/et\/wp-json\/wp\/v2\/media\/120325"}],"wp:attachment":[{"href":"https:\/\/factory.sale\/et\/wp-json\/wp\/v2\/media?parent=120337"}],"wp:term":[{"taxonomy":"factory","embeddable":true,"href":"https:\/\/factory.sale\/et\/wp-json\/wp\/v2\/factory?post=120337"},{"taxonomy":"free-shipment","embeddable":true,"href":"https:\/\/factory.sale\/et\/wp-json\/wp\/v2\/free-shipment?post=120337"},{"taxonomy":"product_brand","embeddable":true,"href":"https:\/\/factory.sale\/et\/wp-json\/wp\/v2\/product_brand?post=120337"},{"taxonomy":"product_cat","embeddable":true,"href":"https:\/\/factory.sale\/et\/wp-json\/wp\/v2\/product_cat?post=120337"},{"taxonomy":"product_tag","embeddable":true,"href":"https:\/\/factory.sale\/et\/wp-json\/wp\/v2\/product_tag?post=120337"}],"curies":[{"name":"wp","href":"https:\/\/api.w.org\/{rel}","templated":true}]}}