{"id":1199,"date":"2019-11-09T15:38:01","date_gmt":"2019-11-09T15:38:01","guid":{"rendered":"https:\/\/factory.sale\/product\/blahotrapez-windowsills-ribbed-and-bevelled\/"},"modified":"2024-07-11T23:03:36","modified_gmt":"2024-07-11T20:03:36","slug":"blahotrapez-windowsills-ribbed-and-bevelled","status":"publish","type":"product","link":"https:\/\/factory.sale\/et\/toode\/blahotrapez-windowsills-ribbed-and-bevelled\/","title":{"rendered":"Blahotrapez Aknalauad Soonikkoes ja Kaldus"},"content":{"rendered":"<p><span style=\"font-weight: 400;\">Pakume aknalaudu, mis on valmistatud kaetud terasest ja alumiiniumlehtedest. Meie aknalaudu saab paigaldada k\u00f5ikv\u00f5imalikele akendele. Need on elegantsed ja vastupidavad (vastupidavad ilmastikutingimustele). Nende korrektsel paigaldamisel kaitsevad nad hoone fassaade ja tagavad \u00f5ige vee v\u00e4ljavoolu. Nad on immuunsed niiskuse ja kodumajapidamises kasutatavate vahendite vastu; need on mittep\u00f5levad ja kergesti paigaldatavad. Vastavalt meie standardile on need valmistatud 25, 31 ja 41 cm laiustest lehtrihmadest (muud laiused saadaval soovi korral). * Max. pikkus &#8211; 3m* lehe paksus &#8211; 0,5 kuni 0,7 mm. Lisana pakume hea viimistluse tagamiseks PVC &#8211; poolseid otsikuid (pistikud).<\/span><\/p>\n<ul>\n<li>Max. pikkus \u2013 3m<\/li>\n<li>Lehe paksus \u2013 alates 0,5 kuni 0,7 mm<\/li>\n<\/ul>\n<p><span style=\"font-weight: 400;\">Lisana pakume PVC poolseid otsikuid (pistikud), et tagada hea viimistlus.<\/span><\/p>\n<p><strong>Aknalauad on kaetud kaitsekilega.<\/strong><\/p>\n<div class=\"nag\">\n<h3>V\u00e4rvid<\/h3>\n<\/div>\n<div><img loading=\"lazy\" decoding=\"async\" class=\"fullWidth alignnone\" src=\"https:\/\/www.blachotrapez.eu\/files\/cke\/kolory\/color_blachotrapez_www_ENG.jpg\" alt=\"\" width=\"1200\" height=\"965\" \/><\/div>\n<p>&nbsp;<\/p>\n","protected":false},"excerpt":{"rendered":"<p><span style=\"font-weight: 400;\">Pakume aknalaudu, mis on valmistatud kaetud terasest ja alumiiniumlehtedest. Meie aknalaudu saab paigaldada k\u00f5ikv\u00f5imalikele akendele. Need on elegantsed ja vastupidavad (vastupidavad ilmastikutingimustele). Nende korrektsel paigaldamisel kaitsevad nad hoone fassaade ja tagavad \u00f5ige vee v\u00e4ljavoolu. Nad on immuunsed niiskuse ja kodumajapidamises kasutatavate vahendite vastu; need on mittep\u00f5levad ja kergesti paigaldatavad. Vastavalt meie standardile on need valmistatud 25, 31 ja 41 cm laiustest lehtrihmadest (muud laiused saadaval soovi korral). * Max. pikkus &#8211; 3m* lehe paksus &#8211; 0,5 kuni 0,7 mm. Lisana pakume hea viimistluse tagamiseks PVC &#8211; poolseid otsikuid (pistikud).<\/span><\/p>\n","protected":false},"featured_media":1200,"comment_status":"open","ping_status":"closed","template":"","meta":{"_acf_changed":false},"factory":[],"free-shipment":[],"product_brand":[],"product_cat":[205,206],"product_tag":[154],"class_list":{"0":"post-1199","1":"product","2":"type-product","3":"status-publish","4":"has-post-thumbnail","6":"product_cat-blachotrapez-aknalauad","7":"product_cat-aknalaud","8":"product_tag-windowsills-et-2","10":"first","11":"instock","12":"sale","13":"taxable","14":"shipping-taxable","15":"purchasable","16":"product-type-simple"},"acf":[],"_links":{"self":[{"href":"https:\/\/factory.sale\/et\/wp-json\/wp\/v2\/product\/1199","targetHints":{"allow":["GET"]}}],"collection":[{"href":"https:\/\/factory.sale\/et\/wp-json\/wp\/v2\/product"}],"about":[{"href":"https:\/\/factory.sale\/et\/wp-json\/wp\/v2\/types\/product"}],"replies":[{"embeddable":true,"href":"https:\/\/factory.sale\/et\/wp-json\/wp\/v2\/comments?post=1199"}],"wp:featuredmedia":[{"embeddable":true,"href":"https:\/\/factory.sale\/et\/wp-json\/wp\/v2\/media\/1200"}],"wp:attachment":[{"href":"https:\/\/factory.sale\/et\/wp-json\/wp\/v2\/media?parent=1199"}],"wp:term":[{"taxonomy":"factory","embeddable":true,"href":"https:\/\/factory.sale\/et\/wp-json\/wp\/v2\/factory?post=1199"},{"taxonomy":"free-shipment","embeddable":true,"href":"https:\/\/factory.sale\/et\/wp-json\/wp\/v2\/free-shipment?post=1199"},{"taxonomy":"product_brand","embeddable":true,"href":"https:\/\/factory.sale\/et\/wp-json\/wp\/v2\/product_brand?post=1199"},{"taxonomy":"product_cat","embeddable":true,"href":"https:\/\/factory.sale\/et\/wp-json\/wp\/v2\/product_cat?post=1199"},{"taxonomy":"product_tag","embeddable":true,"href":"https:\/\/factory.sale\/et\/wp-json\/wp\/v2\/product_tag?post=1199"}],"curies":[{"name":"wp","href":"https:\/\/api.w.org\/{rel}","templated":true}]}}