{"id":119830,"date":"2025-09-30T00:27:23","date_gmt":"2025-09-29T21:43:28","guid":{"rendered":"https:\/\/factory.sale\/?post_type=product&#038;p=119830"},"modified":"2025-09-30T00:43:28","modified_gmt":"2025-09-29T21:43:28","slug":"moodul-kampingumajake-46-m-x-66-m","status":"publish","type":"product","link":"https:\/\/factory.sale\/et\/toode\/moodul-kampingumajake-46-m-x-66-m\/","title":{"rendered":"Moodul k\u00e4mpingumajake 4,6 m \u00d7 6,6 m"},"content":{"rendered":"<div class=\"_tableContainer_1rjym_1\">\n<div class=\"group _tableWrapper_1rjym_13 flex w-fit flex-col-reverse\" tabindex=\"-1\">\n<table class=\"w-fit min-w-(--thread-content-width)\" style=\"height: 750px;\" width=\"862\" data-start=\"71\" data-end=\"912\">\n<thead data-start=\"71\" data-end=\"113\">\n<tr data-start=\"71\" data-end=\"113\">\n<th data-start=\"71\" data-end=\"88\" data-col-size=\"sm\"><strong data-start=\"73\" data-end=\"87\">Kategooria<\/strong><\/th>\n<th data-start=\"88\" data-end=\"113\" data-col-size=\"md\"><strong data-start=\"90\" data-end=\"111\">Tehnilised andmed<\/strong><\/th>\n<\/tr>\n<\/thead>\n<tbody data-start=\"158\" data-end=\"912\">\n<tr data-start=\"158\" data-end=\"174\">\n<td data-start=\"158\" data-end=\"171\" data-col-size=\"sm\"><strong data-start=\"160\" data-end=\"170\">M\u00f5\u00f5dud<\/strong><\/td>\n<td data-start=\"171\" data-end=\"174\" data-col-size=\"md\"><\/td>\n<\/tr>\n<tr data-start=\"175\" data-end=\"193\">\n<td data-start=\"175\" data-end=\"184\" data-col-size=\"sm\">Pikkus<\/td>\n<td data-start=\"184\" data-end=\"193\" data-col-size=\"md\">6,6 m<\/td>\n<\/tr>\n<tr data-start=\"194\" data-end=\"211\">\n<td data-start=\"194\" data-end=\"202\" data-col-size=\"sm\">Laius<\/td>\n<td data-start=\"202\" data-end=\"211\" data-col-size=\"md\">4,8 m<\/td>\n<\/tr>\n<tr data-start=\"212\" data-end=\"231\">\n<td data-start=\"212\" data-end=\"221\" data-col-size=\"sm\">K\u00f5rgus<\/td>\n<td data-start=\"221\" data-end=\"231\" data-col-size=\"md\">2,63 m<\/td>\n<\/tr>\n<tr data-start=\"232\" data-end=\"250\">\n<td data-start=\"232\" data-end=\"239\" data-col-size=\"sm\">Kuju<\/td>\n<td data-start=\"239\" data-end=\"250\" data-col-size=\"md\">Poodium<\/td>\n<\/tr>\n<tr data-start=\"251\" data-end=\"271\">\n<td data-start=\"251\" data-end=\"268\" data-col-size=\"sm\"><strong data-start=\"253\" data-end=\"267\">Materjalid<\/strong><\/td>\n<td data-start=\"268\" data-end=\"271\" data-col-size=\"md\"><\/td>\n<\/tr>\n<tr data-start=\"272\" data-end=\"287\">\n<td data-start=\"272\" data-end=\"279\" data-col-size=\"sm\">Puit<\/td>\n<td data-start=\"279\" data-end=\"287\" data-col-size=\"md\">M\u00e4nd<\/td>\n<\/tr>\n<tr data-start=\"288\" data-end=\"342\">\n<td data-start=\"288\" data-end=\"297\" data-col-size=\"sm\">Seinad<\/td>\n<td data-start=\"297\" data-end=\"342\" data-col-size=\"md\">M\u00e4nnipuidust vooder sees ja v\u00e4ljas: 14 mm<\/td>\n<\/tr>\n<tr data-start=\"343\" data-end=\"384\">\n<td data-start=\"343\" data-end=\"374\" data-col-size=\"sm\">Soojustatud k\u00fclgseina paksus<\/td>\n<td data-start=\"374\" data-end=\"384\" data-col-size=\"md\">126 mm<\/td>\n<\/tr>\n<tr data-start=\"385\" data-end=\"434\">\n<td data-start=\"385\" data-end=\"424\" data-col-size=\"sm\">Soojustatud esi- ja tagaseina paksus<\/td>\n<td data-start=\"424\" data-end=\"434\" data-col-size=\"md\">123 mm<\/td>\n<\/tr>\n<tr data-start=\"435\" data-end=\"469\">\n<td data-start=\"435\" data-end=\"459\" data-col-size=\"sm\">Seina paksus (k\u00fcljed)<\/td>\n<td data-start=\"459\" data-end=\"469\" data-col-size=\"md\">126 mm<\/td>\n<\/tr>\n<tr data-start=\"470\" data-end=\"508\">\n<td data-start=\"470\" data-end=\"498\" data-col-size=\"sm\">Seina paksus (otsaseinad)<\/td>\n<td data-start=\"498\" data-end=\"508\" data-col-size=\"md\">118 mm<\/td>\n<\/tr>\n<tr data-start=\"509\" data-end=\"538\">\n<td data-start=\"509\" data-end=\"518\" data-col-size=\"sm\">P\u00f5rand<\/td>\n<td data-start=\"518\" data-end=\"538\" data-col-size=\"md\">M\u00e4nnipuit: 28 mm<\/td>\n<\/tr>\n<tr data-start=\"539\" data-end=\"578\">\n<td data-start=\"539\" data-end=\"568\" data-col-size=\"sm\">Soojustatud p\u00f5randa paksus<\/td>\n<td data-start=\"568\" data-end=\"578\" data-col-size=\"md\">158 mm<\/td>\n<\/tr>\n<tr data-start=\"579\" data-end=\"634\">\n<td data-start=\"579\" data-end=\"591\" data-col-size=\"sm\">Soojustus<\/td>\n<td data-start=\"591\" data-end=\"634\" data-col-size=\"md\">Rockwool 100 mm (seinad, katus, p\u00f5rand)<\/td>\n<\/tr>\n<tr data-start=\"635\" data-end=\"670\">\n<td data-start=\"635\" data-end=\"652\" data-col-size=\"sm\">Katusematerjal<\/td>\n<td data-start=\"652\" data-end=\"670\" data-col-size=\"md\">Bituumensindel<\/td>\n<\/tr>\n<tr data-start=\"671\" data-end=\"695\">\n<td data-start=\"671\" data-end=\"692\" data-col-size=\"sm\"><strong data-start=\"673\" data-end=\"691\">Uksed ja aknad<\/strong><\/td>\n<td data-start=\"692\" data-end=\"695\" data-col-size=\"md\"><\/td>\n<\/tr>\n<tr data-start=\"696\" data-end=\"727\">\n<td data-start=\"696\" data-end=\"710\" data-col-size=\"sm\">Ukse suurus<\/td>\n<td data-start=\"710\" data-end=\"727\" data-col-size=\"md\">850 \u00d7 1920 mm<\/td>\n<\/tr>\n<tr data-start=\"728\" data-end=\"784\">\n<td data-start=\"728\" data-end=\"746\" data-col-size=\"sm\">Akende suurused<\/td>\n<td data-start=\"746\" data-end=\"784\" data-col-size=\"md\">700 \u00d7 900 mm; WC aken 390 \u00d7 680 mm<\/td>\n<\/tr>\n<tr data-start=\"785\" data-end=\"819\">\n<td data-start=\"785\" data-end=\"793\" data-col-size=\"sm\">Klaas<\/td>\n<td data-start=\"793\" data-end=\"819\" data-col-size=\"md\">Kahekordne klaaspakett<\/td>\n<\/tr>\n<tr data-start=\"820\" data-end=\"843\">\n<td data-start=\"820\" data-end=\"827\" data-col-size=\"sm\">Lukk<\/td>\n<td data-start=\"827\" data-end=\"843\" data-col-size=\"md\">Silinderlukk<\/td>\n<\/tr>\n<tr data-start=\"844\" data-end=\"866\">\n<td data-start=\"844\" data-end=\"854\" data-col-size=\"sm\">K\u00e4epide<\/td>\n<td data-start=\"854\" data-end=\"866\" data-col-size=\"md\">Standard<\/td>\n<\/tr>\n<tr data-start=\"867\" data-end=\"885\">\n<td data-start=\"867\" data-end=\"882\" data-col-size=\"sm\"><strong data-start=\"869\" data-end=\"881\">Muu info<\/strong><\/td>\n<td data-start=\"882\" data-end=\"885\" data-col-size=\"md\"><\/td>\n<\/tr>\n<tr data-start=\"886\" data-end=\"912\">\n<td data-start=\"886\" data-end=\"899\" data-col-size=\"sm\">Veose kaal<\/td>\n<td data-start=\"899\" data-end=\"912\" data-col-size=\"md\">6000 kg<\/td>\n<\/tr>\n<\/tbody>\n<\/table>\n<p>&nbsp;<\/p>\n<\/div>\n<\/div>\n<p>&nbsp;<\/p>\n<p><strong>Katuse v\u00e4rv:<\/strong><\/p>\n<p>Must, punane, roheline, hall<\/p>\n<p><img loading=\"lazy\" decoding=\"async\" class=\"alignnone  wp-image-119827\" src=\"https:\/\/factory.sale\/wp-content\/uploads\/2025\/09\/Roof-colour-woodengold-2-300x69.png\" alt=\"\" width=\"457\" height=\"105\" srcset=\"https:\/\/factory.sale\/wp-content\/uploads\/2025\/09\/Roof-colour-woodengold-2-300x69.png 300w, https:\/\/factory.sale\/wp-content\/uploads\/2025\/09\/Roof-colour-woodengold-2-150x35.png 150w, https:\/\/factory.sale\/wp-content\/uploads\/2025\/09\/Roof-colour-woodengold-2-600x138.png 600w, https:\/\/factory.sale\/wp-content\/uploads\/2025\/09\/Roof-colour-woodengold-2.png 676w\" sizes=\"auto, (max-width: 457px) 100vw, 457px\" \/><\/p>\n<p>&nbsp;<\/p>\n<p><strong>Standardkomplekti kuulub:<\/strong><\/p>\n<ul>\n<li>Soojustatud seinad, kaetud bituumensindel kattega<\/li>\n<li>2 poolikut moodulit, mis \u00fchendatakse objektil<\/li>\n<li>Soojustatud m\u00e4nnipuidust p\u00f5rand<\/li>\n<li>3 avatavat antratsiidiv\u00e4rvi akent<\/li>\n<li>1 v\u00e4ike avatav antratsiidiv\u00e4rvi vannitoa aken<\/li>\n<li>\u00dchepoolne antratsiidiv\u00e4rvi v\u00e4lisuks<\/li>\n<li>Kaetud terrass 28 mm immutatud terrassilaudadest<\/li>\n<li>1 vannituba puidust uksega<\/li>\n<li>2 magamistuba puidust ustega<\/li>\n<li>1 avar elutuba<\/li>\n<li>Antratsiidiv\u00e4rvi dekoratiivsed puidust lauad<\/li>\n<li>Ventilatsioonis\u00fcsteem<\/li>\n<\/ul>\n<p>&nbsp;<\/p>\n<p>&nbsp;<\/p>\n<p><strong>Eesmine sein, osa A (ruum nr 1) (hinnad ilma KM-ta):<\/strong><\/p>\n<ul>\n<li>Standardvariant: puidust sein aknaga \u2013 0 \u20ac<\/li>\n<li>Puidust sein ilma aknata \u2013 0 \u20ac<\/li>\n<li>Panoraamne kahekordse klaasiga fassaad \u2013 1 192,90 \u20ac<\/li>\n<\/ul>\n<p>&nbsp;<\/p>\n<p>&nbsp;<\/p>\n<p><strong>Saadaval on palju t\u00e4iendavaid lisasid k\u00e4mpingumajale \u2013 k\u00fcsi lisainfot!<\/strong><\/p>\n<p>&nbsp;<\/p>\n","protected":false},"excerpt":{"rendered":"<p>Stiilne, t\u00e4ielikult soojustatud m\u00e4nnipuidust k\u00e4mpingumajake bituumensindel katusega (must, punane, roheline v\u00f5i hall). Planeeringus on 2 magamistuba, vannituba, valgusk\u00fcllane elutuba ja terrass. Tugevad 126 mm soojustatud seinad ja isolatsioon tagavad aastaringse mugavuse.<\/p>\n","protected":false},"featured_media":119788,"comment_status":"open","ping_status":"closed","template":"","meta":{"_acf_changed":false},"factory":[],"free-shipment":[],"product_brand":[],"product_cat":[924,2888],"product_tag":[2714],"class_list":{"0":"post-119830","1":"product","2":"type-product","3":"status-publish","4":"has-post-thumbnail","6":"product_cat-aiatooted","7":"product_cat-kampingumajakesed","8":"product_tag-yard-and-garden-et","10":"first","11":"instock","12":"sale","13":"taxable","14":"shipping-taxable","15":"purchasable","16":"product-type-simple"},"acf":[],"_links":{"self":[{"href":"https:\/\/factory.sale\/et\/wp-json\/wp\/v2\/product\/119830","targetHints":{"allow":["GET"]}}],"collection":[{"href":"https:\/\/factory.sale\/et\/wp-json\/wp\/v2\/product"}],"about":[{"href":"https:\/\/factory.sale\/et\/wp-json\/wp\/v2\/types\/product"}],"replies":[{"embeddable":true,"href":"https:\/\/factory.sale\/et\/wp-json\/wp\/v2\/comments?post=119830"}],"wp:featuredmedia":[{"embeddable":true,"href":"https:\/\/factory.sale\/et\/wp-json\/wp\/v2\/media\/119788"}],"wp:attachment":[{"href":"https:\/\/factory.sale\/et\/wp-json\/wp\/v2\/media?parent=119830"}],"wp:term":[{"taxonomy":"factory","embeddable":true,"href":"https:\/\/factory.sale\/et\/wp-json\/wp\/v2\/factory?post=119830"},{"taxonomy":"free-shipment","embeddable":true,"href":"https:\/\/factory.sale\/et\/wp-json\/wp\/v2\/free-shipment?post=119830"},{"taxonomy":"product_brand","embeddable":true,"href":"https:\/\/factory.sale\/et\/wp-json\/wp\/v2\/product_brand?post=119830"},{"taxonomy":"product_cat","embeddable":true,"href":"https:\/\/factory.sale\/et\/wp-json\/wp\/v2\/product_cat?post=119830"},{"taxonomy":"product_tag","embeddable":true,"href":"https:\/\/factory.sale\/et\/wp-json\/wp\/v2\/product_tag?post=119830"}],"curies":[{"name":"wp","href":"https:\/\/api.w.org\/{rel}","templated":true}]}}