{"id":119784,"date":"2025-09-29T23:30:54","date_gmt":"2025-09-29T20:42:04","guid":{"rendered":"https:\/\/factory.sale\/?post_type=product&#038;p=119784"},"modified":"2026-02-11T04:05:40","modified_gmt":"2026-02-11T01:05:40","slug":"soojustatud-moderne-elementmaja-verno-7-74-x-5-34-m","status":"publish","type":"product","link":"https:\/\/factory.sale\/et\/toode\/soojustatud-moderne-elementmaja-verno-7-74-x-5-34-m\/","title":{"rendered":"Soojustatud modernne elementmaja Verno 7.74 \u00d7 5.34 m"},"content":{"rendered":"<div class=\"_tableContainer_1rjym_1\">\n<div class=\"group _tableWrapper_1rjym_13 flex w-fit flex-col-reverse\" tabindex=\"-1\">\n<p>Soojustatud modernne palkmaja Verno \u00fchendab Skandinaavia disaini ja nutika funktsionaalsuse: t\u00e4ielikult soojustatud (44 mm t\u00e4ispalk + 100 mm isolatsioon + aurut\u00f5ke + 25 mm OSB + ventileeritav \u00f5huvahe + 19 mm vertikaalne voodrilaud), madala kaldega as\u00fcmmeetriline katus (~8\u00b0 k\u00fclje kohta), kaetud bituumensindli v\u00f5i EPDM-kattega, ning suured Premium Plus kahekordsed aknad, mis toovad tuppa rohkelt p\u00e4evavalgust.<\/p>\n<p>Seest leiad valgusk\u00fcllase planeeringu: elutuba 18,6 m\u00b2, magamistuba 9,2 m\u00b2, mitmeotstarbeline tuba 5,4 m\u00b2, tehnoruum 2,2 m\u00b2 ning kaetud terrass 11,0 m\u00b2 \u2013 ideaalne aastaringseks kasutamiseks. K\u00fclgseina k\u00f5rgus on 2,65 m ja harja k\u00f5rgus 3,18 m, mis annab majale modernse ilme, tugeva ehituskvaliteedi (sertifitseeritud p\u00f5hjamaine kuusk) ning kindla energiat\u00f5hususe (U-arvud: seinad ~0,30\u20130,35; katus ~0,23\u20130,28; p\u00f5rand ~0,30\u20130,35).<\/p>\n<\/div>\n<p>&nbsp;<\/p>\n<div class=\"_tableContainer_1rjym_1\">\n<div class=\"group _tableWrapper_1rjym_13 flex w-fit flex-col-reverse\" tabindex=\"-1\">\n<table class=\"w-fit min-w-(--thread-content-width)\" data-start=\"76\" data-end=\"1589\">\n<thead data-start=\"76\" data-end=\"118\">\n<tr data-start=\"76\" data-end=\"118\">\n<th data-start=\"76\" data-end=\"93\" data-col-size=\"sm\"><strong data-start=\"78\" data-end=\"92\">Kategooria<\/strong><\/th>\n<th data-start=\"93\" data-end=\"118\" data-col-size=\"lg\"><strong data-start=\"95\" data-end=\"116\">Tehnilised andmed<\/strong><\/th>\n<\/tr>\n<\/thead>\n<tbody data-start=\"163\" data-end=\"1589\">\n<tr data-start=\"163\" data-end=\"179\">\n<td data-start=\"163\" data-end=\"176\" data-col-size=\"sm\"><strong data-start=\"165\" data-end=\"175\">M\u00f5\u00f5dud<\/strong><\/td>\n<td data-start=\"176\" data-end=\"179\" data-col-size=\"lg\"><\/td>\n<\/tr>\n<tr data-start=\"180\" data-end=\"229\">\n<td data-start=\"180\" data-end=\"212\" data-col-size=\"sm\">V\u00e4lism\u00f5\u00f5tmed (laius \u00d7 pikkus)<\/td>\n<td data-start=\"212\" data-end=\"229\" data-col-size=\"lg\">7,74 \u00d7 5,34 m<\/td>\n<\/tr>\n<tr data-start=\"230\" data-end=\"288\">\n<td data-start=\"230\" data-end=\"240\" data-col-size=\"sm\">Siseala<\/td>\n<td data-start=\"240\" data-end=\"288\" data-col-size=\"lg\">35,4 m\u00b2 + 11,0 m\u00b2 terrass (4 tuba + terrass)<\/td>\n<\/tr>\n<tr data-start=\"289\" data-end=\"326\">\n<td data-start=\"289\" data-end=\"302\" data-col-size=\"sm\">Tubade arv<\/td>\n<td data-start=\"302\" data-end=\"326\" data-col-size=\"lg\">3 + Tehnoruum 2,2 m\u00b2<\/td>\n<\/tr>\n<tr data-start=\"327\" data-end=\"423\">\n<td data-start=\"327\" data-end=\"343\" data-col-size=\"sm\">Ruumilahendus<\/td>\n<td data-start=\"343\" data-end=\"423\" data-col-size=\"lg\">Elutuba 18,6 m\u00b2; Tuba 9,2 m\u00b2; Tuba 5,4 m\u00b2; Tehnoruum 2,2 m\u00b2; Terrass 11,0 m\u00b2<\/td>\n<\/tr>\n<tr data-start=\"424\" data-end=\"451\">\n<td data-start=\"424\" data-end=\"448\" data-col-size=\"sm\"><strong data-start=\"426\" data-end=\"447\">K\u00f5rgused ja katus<\/strong><\/td>\n<td data-start=\"448\" data-end=\"451\" data-col-size=\"lg\"><\/td>\n<\/tr>\n<tr data-start=\"452\" data-end=\"477\">\n<td data-start=\"452\" data-end=\"467\" data-col-size=\"sm\">Seina k\u00f5rgus<\/td>\n<td data-start=\"467\" data-end=\"477\" data-col-size=\"lg\">2,30 m<\/td>\n<\/tr>\n<tr data-start=\"478\" data-end=\"502\">\n<td data-start=\"478\" data-end=\"493\" data-col-size=\"sm\">Harja k\u00f5rgus<\/td>\n<td data-start=\"493\" data-end=\"502\" data-col-size=\"lg\">3,2 m<\/td>\n<\/tr>\n<tr data-start=\"503\" data-end=\"537\">\n<td data-start=\"503\" data-end=\"531\" data-col-size=\"sm\">Katusekalle (k\u00fclje kohta)<\/td>\n<td data-start=\"531\" data-end=\"537\" data-col-size=\"lg\">8\u00b0<\/td>\n<\/tr>\n<tr data-start=\"538\" data-end=\"564\">\n<td data-start=\"538\" data-end=\"555\" data-col-size=\"sm\">Katuse pindala<\/td>\n<td data-start=\"555\" data-end=\"564\" data-col-size=\"lg\">59 m\u00b2<\/td>\n<\/tr>\n<tr data-start=\"565\" data-end=\"599\">\n<td data-start=\"565\" data-end=\"580\" data-col-size=\"sm\">Katuse lauad<\/td>\n<td data-start=\"580\" data-end=\"599\" data-col-size=\"lg\">19 mm punnlauad<\/td>\n<\/tr>\n<tr data-start=\"600\" data-end=\"624\">\n<td data-start=\"600\" data-end=\"621\" data-col-size=\"sm\"><strong data-start=\"602\" data-end=\"620\">Soojustuskihid<\/strong><\/td>\n<td data-start=\"621\" data-end=\"624\" data-col-size=\"lg\"><\/td>\n<\/tr>\n<tr data-start=\"625\" data-end=\"802\">\n<td data-start=\"625\" data-end=\"655\" data-col-size=\"sm\">Seinaehitus (seest \u2192 v\u00e4lja)<\/td>\n<td data-start=\"655\" data-end=\"802\" data-col-size=\"lg\">44 mm t\u00e4ispalk \u2192 100 mm isolatsioon \u2192 aurut\u00f5ke \u2192 25 mm OSB plaat \u2192 25 mm ventileeritav \u00f5huvahe \u2192 hingav membraan \u2192 19 mm vertikaalne voodrilaud<\/td>\n<\/tr>\n<tr data-start=\"803\" data-end=\"952\">\n<td data-start=\"803\" data-end=\"819\" data-col-size=\"sm\">P\u00f5randaehitus<\/td>\n<td data-start=\"819\" data-end=\"952\" data-col-size=\"lg\">19 mm punnlauad \u2192 kandeprussid \u2192 ~100 mm isolatsioon (kivivill v\u00f5i EPS) \u2192 aurut\u00f5ke\/tuulet\u00f5ke (betoonil: kile, talad, isolatsioon)<\/td>\n<\/tr>\n<tr data-start=\"953\" data-end=\"1078\">\n<td data-start=\"953\" data-end=\"968\" data-col-size=\"sm\">Katuseehitus<\/td>\n<td data-start=\"968\" data-end=\"1078\" data-col-size=\"lg\">Katusekate (bituumen v\u00f5i EPDM) \u2192 roovitus ja alus \u2192 hingav membraan \u2192 ~100 mm isolatsioon \u2192 19 mm punnlaud<\/td>\n<\/tr>\n<tr data-start=\"1079\" data-end=\"1179\">\n<td data-start=\"1079\" data-end=\"1103\" data-col-size=\"sm\">Hinnangulised U-arvud<\/td>\n<td data-start=\"1103\" data-end=\"1179\" data-col-size=\"lg\">Seinad ~0,30\u20130,35 W\/m\u00b2K; Katus ~0,23\u20130,28 W\/m\u00b2K; P\u00f5rand ~0,30\u20130,35 W\/m\u00b2K<\/td>\n<\/tr>\n<tr data-start=\"1180\" data-end=\"1213\">\n<td data-start=\"1180\" data-end=\"1210\" data-col-size=\"sm\"><strong data-start=\"1182\" data-end=\"1209\">Avat\u00e4ited ja materjalid<\/strong><\/td>\n<td data-start=\"1210\" data-end=\"1213\" data-col-size=\"lg\"><\/td>\n<\/tr>\n<tr data-start=\"1214\" data-end=\"1318\">\n<td data-start=\"1214\" data-end=\"1222\" data-col-size=\"sm\">Uksed<\/td>\n<td data-start=\"1222\" data-end=\"1318\" data-col-size=\"lg\">2 siseust puidust 850\u00d71980 mm; 1 v\u00e4line klaasuks 1600\u00d71980 mm; 1 v\u00e4line klaasuks 850\u00d71980 mm<\/td>\n<\/tr>\n<tr data-start=\"1319\" data-end=\"1434\">\n<td data-start=\"1319\" data-end=\"1327\" data-col-size=\"sm\">Aknad<\/td>\n<td data-start=\"1327\" data-end=\"1434\" data-col-size=\"lg\">2 \u00d7 1700\u00d71980 mm; 1 \u00d7 1300\u00d71430 mm; 1 \u00d7 700\u00d71430 mm; 1 \u00d7 850\u00d71980 mm; 1 \u00d7 \u00fclest\u00f5stetav aken 1500\u00d7390 mm<\/td>\n<\/tr>\n<tr data-start=\"1435\" data-end=\"1487\">\n<td data-start=\"1435\" data-end=\"1449\" data-col-size=\"sm\">Klaaspakett<\/td>\n<td data-start=\"1449\" data-end=\"1487\" data-col-size=\"lg\">Premium kahekordsed aknad ja uksed<\/td>\n<\/tr>\n<tr data-start=\"1488\" data-end=\"1536\">\n<td data-start=\"1488\" data-end=\"1499\" data-col-size=\"sm\">Materjal<\/td>\n<td data-start=\"1499\" data-end=\"1536\" data-col-size=\"lg\">Sertifitseeritud p\u00f5hjamaine kuusk<\/td>\n<\/tr>\n<tr data-start=\"1537\" data-end=\"1555\">\n<td data-start=\"1537\" data-end=\"1552\" data-col-size=\"sm\"><strong data-start=\"1539\" data-end=\"1551\">Muu info<\/strong><\/td>\n<td data-start=\"1552\" data-end=\"1555\" data-col-size=\"lg\"><\/td>\n<\/tr>\n<tr data-start=\"1556\" data-end=\"1589\">\n<td data-start=\"1556\" data-end=\"1577\" data-col-size=\"sm\">V\u00e4lisseina pindala<\/td>\n<td data-start=\"1577\" data-end=\"1589\" data-col-size=\"lg\">~57 m\u00b2<\/td>\n<\/tr>\n<\/tbody>\n<\/table>\n<\/div>\n<\/div>\n<div class=\"group _tableWrapper_1rjym_13 flex w-fit flex-col-reverse\" tabindex=\"-1\">\n<p>&nbsp;<\/p>\n<p>&nbsp;<\/p>\n<p><strong>Bituumensindel katus koos aluskattega:<\/strong><\/p>\n<p><img loading=\"lazy\" decoding=\"async\" class=\"alignnone wp-image-118851\" src=\"https:\/\/factory.sale\/wp-content\/uploads\/2025\/09\/bitumen-roof-colours-est-factory-sale-300x94.webp\" alt=\"\" width=\"473\" height=\"148\" srcset=\"https:\/\/factory.sale\/wp-content\/uploads\/2025\/09\/bitumen-roof-colours-est-factory-sale-300x94.webp 300w, https:\/\/factory.sale\/wp-content\/uploads\/2025\/09\/bitumen-roof-colours-est-factory-sale-150x47.webp 150w, https:\/\/factory.sale\/wp-content\/uploads\/2025\/09\/bitumen-roof-colours-est-factory-sale-600x189.webp 600w, https:\/\/factory.sale\/wp-content\/uploads\/2025\/09\/bitumen-roof-colours-est-factory-sale.webp 680w\" sizes=\"auto, (max-width: 473px) 100vw, 473px\" \/><\/p>\n<\/div>\n<\/div>\n<p>&nbsp;<\/p>\n<p>&nbsp;<\/p>\n<div class=\"_tableContainer_1rjym_1\">\n<div class=\"group _tableWrapper_1rjym_13 flex w-fit flex-col-reverse\" tabindex=\"-1\">\n<p><strong>Standardkomplekti kuulub:<\/strong><\/p>\n<ul>\n<li>P\u00f5randatalad, p\u00f5randa- ja katuseplaadid, seinad ja katuseharjapalgid<\/li>\n<li>Premium Plus kahekordsed aknad ja uksed<\/li>\n<li>10 cm katuse soojustuskomplekt<\/li>\n<li>10 cm p\u00f5randa soojustuskomplekt<\/li>\n<li>10 cm seina soojustuskomplekt<\/li>\n<li>Bituumensindel katus koos aluskattega<\/li>\n<li>V\u00e4limised metallist aknalauad<\/li>\n<\/ul>\n<p>&nbsp;<\/p>\n<p>&nbsp;<\/p>\n<p><strong>Lisavarustus (hinnad ilma KM-ta):<\/strong><\/p>\n<ul>\n<li>Metallkatus \u2013 1 778,22 \u20ac<\/li>\n<li>Vihmaveerennis\u00fcsteem \u2013 219,55 \u20ac<\/li>\n<li>Immutus \u2013 860,12 \u20ac<\/li>\n<li>Tehasev\u00e4rvimine \u2013 304,13 \u20ac<\/li>\n<li>PVC aknad\/uksed (valged) \u2013 1 306,82 \u20ac<\/li>\n<li>PVC aknad\/uksed (v\u00e4rviline v\u00e4ljast) \u2013 1 725,00 \u20ac<\/li>\n<li>Katuse soojustuspaketi lisa \u2013 2 285,74 \u20ac<\/li>\n<\/ul>\n<p>&nbsp;<\/p>\n<p>&nbsp;<\/p>\n<\/div>\n<div tabindex=\"-1\">\n<p><a href=\"https:\/\/factory.sale\/wp-content\/uploads\/2025\/09\/Verno_S37523.pdf\" target=\"_blank\" rel=\"noopener\">Joonised<\/a><\/p>\n<\/div>\n<\/div>\n<div tabindex=\"-1\"><\/div>\n<div tabindex=\"-1\"><iframe loading=\"lazy\" title=\"YouTube video\" src=\"\/\/www.youtube.com\/embed\/k9kK04ZBp0o?autoplay=1&amp;mute=1\" width=\"1050\" height=\"589\" frameborder=\"0\" allowfullscreen=\"allowfullscreen\"><\/iframe><\/div>\n<div tabindex=\"-1\"><\/div>\n<div tabindex=\"-1\"><iframe loading=\"lazy\" title=\"YouTube video\" src=\"\/\/www.youtube.com\/embed\/9S4j3SFXrjM?autoplay=1&amp;mute=1\" width=\"1050\" height=\"589\" frameborder=\"0\" allowfullscreen=\"allowfullscreen\"><\/iframe><\/div>\n","protected":false},"excerpt":{"rendered":"<p>Tutvu soojustatud majaga Verno \u2013 Skandinaavia stiilis kodu, mis \u00fchendab modernse disaini, energiat\u00f5hususe ja mugavuse. Kahe magamistoa, mitmeotstarbelise toa, avara eluruumi, suurte klaasakende ja terrassiga on see ideaalne valik nii igap\u00e4evaseks elamiseks kui ka rahulikuks puhkuseks.<\/p>\n","protected":false},"featured_media":147453,"comment_status":"open","ping_status":"closed","template":"","meta":{"_acf_changed":false},"factory":[],"free-shipment":[],"product_brand":[],"product_cat":[801],"product_tag":[],"class_list":{"0":"post-119784","1":"product","2":"type-product","3":"status-publish","4":"has-post-thumbnail","6":"product_cat-elementmajad-2","8":"first","9":"instock","10":"sale","11":"taxable","12":"shipping-taxable","13":"purchasable","14":"product-type-simple"},"acf":[],"_links":{"self":[{"href":"https:\/\/factory.sale\/et\/wp-json\/wp\/v2\/product\/119784","targetHints":{"allow":["GET"]}}],"collection":[{"href":"https:\/\/factory.sale\/et\/wp-json\/wp\/v2\/product"}],"about":[{"href":"https:\/\/factory.sale\/et\/wp-json\/wp\/v2\/types\/product"}],"replies":[{"embeddable":true,"href":"https:\/\/factory.sale\/et\/wp-json\/wp\/v2\/comments?post=119784"}],"wp:featuredmedia":[{"embeddable":true,"href":"https:\/\/factory.sale\/et\/wp-json\/wp\/v2\/media\/147453"}],"wp:attachment":[{"href":"https:\/\/factory.sale\/et\/wp-json\/wp\/v2\/media?parent=119784"}],"wp:term":[{"taxonomy":"factory","embeddable":true,"href":"https:\/\/factory.sale\/et\/wp-json\/wp\/v2\/factory?post=119784"},{"taxonomy":"free-shipment","embeddable":true,"href":"https:\/\/factory.sale\/et\/wp-json\/wp\/v2\/free-shipment?post=119784"},{"taxonomy":"product_brand","embeddable":true,"href":"https:\/\/factory.sale\/et\/wp-json\/wp\/v2\/product_brand?post=119784"},{"taxonomy":"product_cat","embeddable":true,"href":"https:\/\/factory.sale\/et\/wp-json\/wp\/v2\/product_cat?post=119784"},{"taxonomy":"product_tag","embeddable":true,"href":"https:\/\/factory.sale\/et\/wp-json\/wp\/v2\/product_tag?post=119784"}],"curies":[{"name":"wp","href":"https:\/\/api.w.org\/{rel}","templated":true}]}}