{"id":119759,"date":"2025-10-01T13:54:46","date_gmt":"2025-10-01T10:55:03","guid":{"rendered":"https:\/\/factory.sale\/?post_type=product&#038;p=119759"},"modified":"2026-02-11T04:03:27","modified_gmt":"2026-02-11T01:03:27","slug":"soojustatud-puumaja-kaia-934-x-614-m","status":"publish","type":"product","link":"https:\/\/factory.sale\/et\/toode\/soojustatud-puumaja-kaia-934-x-614-m\/","title":{"rendered":"Soojustatud puumaja Kaia 9,34 \u00d7 6,14 m"},"content":{"rendered":"<div class=\"_tableContainer_1rjym_1\">\n<div class=\"group _tableWrapper_1rjym_13 flex w-fit flex-col-reverse\" tabindex=\"-1\">\n<p>Minimalistlik ja modernne soojustatud puidust maja Kaia pakub stiilset elamislahendust, kus on 2 avarat magamistuba, avatud planeeringuga elutuba koos k\u00f6\u00f6gialaga ning k\u00f5rged aknad, mis avavad kauni panoraamvaate. Planeering \u00fchendab mugavuse ja funktsionaalsuse, muutes selle ideaalseks nii igap\u00e4evaseks elamiseks kui ka rahulikeks puhkehetkedeks.<\/p>\n<p>&nbsp;<\/p>\n<table class=\"w-fit min-w-(--thread-content-width)\" data-start=\"69\" data-end=\"1544\">\n<thead data-start=\"69\" data-end=\"111\">\n<tr data-start=\"69\" data-end=\"111\">\n<th data-start=\"69\" data-end=\"86\" data-col-size=\"sm\"><strong data-start=\"71\" data-end=\"85\">Kategooria<\/strong><\/th>\n<th data-start=\"86\" data-end=\"111\" data-col-size=\"lg\"><strong data-start=\"88\" data-end=\"109\">Tehnilised andmed<\/strong><\/th>\n<\/tr>\n<\/thead>\n<tbody data-start=\"156\" data-end=\"1544\">\n<tr data-start=\"156\" data-end=\"172\">\n<td data-start=\"156\" data-end=\"169\" data-col-size=\"sm\"><strong data-start=\"158\" data-end=\"168\">M\u00f5\u00f5dud<\/strong><\/td>\n<td data-start=\"169\" data-end=\"172\" data-col-size=\"lg\"><\/td>\n<\/tr>\n<tr data-start=\"173\" data-end=\"213\">\n<td data-start=\"173\" data-end=\"196\" data-col-size=\"sm\">Hoone laius \u00d7 pikkus<\/td>\n<td data-start=\"196\" data-end=\"213\" data-col-size=\"lg\">9,34 \u00d7 6,14 m<\/td>\n<\/tr>\n<tr data-start=\"214\" data-end=\"242\">\n<td data-start=\"214\" data-end=\"224\" data-col-size=\"sm\">Siseala<\/td>\n<td data-start=\"224\" data-end=\"242\" data-col-size=\"lg\">50 m\u00b2 (4 tuba)<\/td>\n<\/tr>\n<tr data-start=\"243\" data-end=\"261\">\n<td data-start=\"243\" data-end=\"256\" data-col-size=\"sm\">Tubade arv<\/td>\n<td data-start=\"256\" data-end=\"261\" data-col-size=\"lg\">4<\/td>\n<\/tr>\n<tr data-start=\"262\" data-end=\"355\">\n<td data-start=\"262\" data-end=\"278\" data-col-size=\"sm\">Ruumilahendus<\/td>\n<td data-start=\"278\" data-end=\"355\" data-col-size=\"lg\">Elutuba 26,5 m\u00b2; Magamistuba 9,9 m\u00b2; Magamistuba 9,9 m\u00b2; Vannituba 3,9 m\u00b2<\/td>\n<\/tr>\n<tr data-start=\"356\" data-end=\"383\">\n<td data-start=\"356\" data-end=\"380\" data-col-size=\"sm\"><strong data-start=\"358\" data-end=\"379\">K\u00f5rgused ja katus<\/strong><\/td>\n<td data-start=\"380\" data-end=\"383\" data-col-size=\"lg\"><\/td>\n<\/tr>\n<tr data-start=\"384\" data-end=\"409\">\n<td data-start=\"384\" data-end=\"399\" data-col-size=\"sm\">Seina k\u00f5rgus<\/td>\n<td data-start=\"399\" data-end=\"409\" data-col-size=\"lg\">2,43 m<\/td>\n<\/tr>\n<tr data-start=\"410\" data-end=\"435\">\n<td data-start=\"410\" data-end=\"425\" data-col-size=\"sm\">Harja k\u00f5rgus<\/td>\n<td data-start=\"425\" data-end=\"435\" data-col-size=\"lg\">3,38 m<\/td>\n<\/tr>\n<tr data-start=\"436\" data-end=\"467\">\n<td data-start=\"436\" data-end=\"457\" data-col-size=\"sm\">Katusekalle (k\u00fclg)<\/td>\n<td data-start=\"457\" data-end=\"467\" data-col-size=\"lg\">~18,3\u00b0<\/td>\n<\/tr>\n<tr data-start=\"468\" data-end=\"497\">\n<td data-start=\"468\" data-end=\"485\" data-col-size=\"sm\">Katuse pindala<\/td>\n<td data-start=\"485\" data-end=\"497\" data-col-size=\"lg\">60,04 m\u00b2<\/td>\n<\/tr>\n<tr data-start=\"498\" data-end=\"532\">\n<td data-start=\"498\" data-end=\"513\" data-col-size=\"sm\">Katuse lauad<\/td>\n<td data-start=\"513\" data-end=\"532\" data-col-size=\"lg\">19 mm punnlauad<\/td>\n<\/tr>\n<tr data-start=\"533\" data-end=\"557\">\n<td data-start=\"533\" data-end=\"554\" data-col-size=\"sm\"><strong data-start=\"535\" data-end=\"553\">Soojustuskihid<\/strong><\/td>\n<td data-start=\"554\" data-end=\"557\" data-col-size=\"lg\"><\/td>\n<\/tr>\n<tr data-start=\"558\" data-end=\"718\">\n<td data-start=\"558\" data-end=\"588\" data-col-size=\"sm\">Seinaehitus (seest \u2192 v\u00e4lja)<\/td>\n<td data-start=\"588\" data-end=\"718\" data-col-size=\"lg\">44 mm t\u00e4ispalk \u2192 100 mm isolatsioon \u2192 25 mm OSB \u2192 25 mm ventileeritav \u00f5huvahe \u2192 hingav membraan \u2192 19 mm vertikaalne voodrilaud<\/td>\n<\/tr>\n<tr data-start=\"719\" data-end=\"848\">\n<td data-start=\"719\" data-end=\"735\" data-col-size=\"sm\">P\u00f5randaehitus<\/td>\n<td data-start=\"735\" data-end=\"848\" data-col-size=\"lg\">19 mm punnlaud \u2192 kandeprussid \u2192 ~100 mm isolatsioon \u2192 aurut\u00f5ke\/tuulet\u00f5ke (betoonil: kile, talad, isolatsioon)<\/td>\n<\/tr>\n<tr data-start=\"849\" data-end=\"962\">\n<td data-start=\"849\" data-end=\"864\" data-col-size=\"sm\">Katuseehitus<\/td>\n<td data-start=\"864\" data-end=\"962\" data-col-size=\"lg\">Bituumensindel \u2192 roovitus ja aluskiht \u2192 hingav membraan \u2192 ~100 mm isolatsioon \u2192 19 mm punnlaud<\/td>\n<\/tr>\n<tr data-start=\"963\" data-end=\"1063\">\n<td data-start=\"963\" data-end=\"987\" data-col-size=\"sm\">Hinnangulised U-arvud<\/td>\n<td data-start=\"987\" data-end=\"1063\" data-col-size=\"lg\">Seinad ~0,30\u20130,35 W\/m\u00b2K; Katus ~0,23\u20130,28 W\/m\u00b2K; P\u00f5rand ~0,30\u20130,35 W\/m\u00b2K<\/td>\n<\/tr>\n<tr data-start=\"1064\" data-end=\"1097\">\n<td data-start=\"1064\" data-end=\"1094\" data-col-size=\"sm\"><strong data-start=\"1066\" data-end=\"1093\">Avat\u00e4ited ja materjalid<\/strong><\/td>\n<td data-start=\"1094\" data-end=\"1097\" data-col-size=\"lg\"><\/td>\n<\/tr>\n<tr data-start=\"1098\" data-end=\"1221\">\n<td data-start=\"1098\" data-end=\"1106\" data-col-size=\"sm\">Uksed<\/td>\n<td data-start=\"1106\" data-end=\"1221\" data-col-size=\"lg\">3 siseust t\u00e4ispuidust 850\u00d71980 mm (l\u00e4vepakk puudub); 1 v\u00e4line t\u00e4isklaasuks 850\u00d71980 mm (kahekordne klaaspakett)<\/td>\n<\/tr>\n<tr data-start=\"1222\" data-end=\"1385\">\n<td data-start=\"1222\" data-end=\"1230\" data-col-size=\"sm\">Aknad<\/td>\n<td data-start=\"1230\" data-end=\"1385\" data-col-size=\"lg\">4 \u00d7 1700\u00d71980 mm (kahekordne klaaspakett, paarisaknad); 3 \u00d7 850\u00d71980 mm (t\u00e4isk\u00f5rguses, kahekordne klaaspakett); 1 \u00d7 500\u00d7520 mm (kahekordne klaaspakett)<\/td>\n<\/tr>\n<tr data-start=\"1386\" data-end=\"1434\">\n<td data-start=\"1386\" data-end=\"1400\" data-col-size=\"sm\">Klaaspakett<\/td>\n<td data-start=\"1400\" data-end=\"1434\" data-col-size=\"lg\">Premium kahekordne klaaspakett<\/td>\n<\/tr>\n<tr data-start=\"1435\" data-end=\"1492\">\n<td data-start=\"1435\" data-end=\"1446\" data-col-size=\"sm\">Materjal<\/td>\n<td data-start=\"1446\" data-end=\"1492\" data-col-size=\"lg\">Sertifitseeritud p\u00f5hjamaine kuusk v\u00f5i m\u00e4nd<\/td>\n<\/tr>\n<tr data-start=\"1493\" data-end=\"1511\">\n<td data-start=\"1493\" data-end=\"1508\" data-col-size=\"sm\"><strong data-start=\"1495\" data-end=\"1507\">Muu info<\/strong><\/td>\n<td data-start=\"1508\" data-end=\"1511\" data-col-size=\"lg\"><\/td>\n<\/tr>\n<tr data-start=\"1512\" data-end=\"1544\">\n<td data-start=\"1512\" data-end=\"1533\" data-col-size=\"sm\">V\u00e4lisseina pindala<\/td>\n<td data-start=\"1533\" data-end=\"1544\" data-col-size=\"lg\">64 m\u00b2<\/td>\n<\/tr>\n<\/tbody>\n<\/table>\n<\/div>\n<p>&nbsp;<\/p>\n<p><strong>Standardkomplekti kuulub:<\/strong><\/p>\n<ul>\n<li>P\u00f5randatalad, p\u00f5randa- ja katuseplaadid, seinad ja katuseharjapalgid<\/li>\n<li>Premium Plus kahekordsed aknad ja uksed<\/li>\n<li>10 cm katuse soojustuskomplekt<\/li>\n<li>10 cm p\u00f5randa soojustuskomplekt<\/li>\n<li>10 cm seina soojustuskomplekt<\/li>\n<li>Bituumensindel katus koos aluskattega<\/li>\n<li>V\u00e4limised metallist aknalauad<\/li>\n<\/ul>\n<p>&nbsp;<\/p>\n<p>&nbsp;<\/p>\n<p><strong>Lisavarustus (hinnad ilma KM-ta):<\/strong><\/p>\n<ul>\n<li>Metallkatus \u2013 2 404,55 \u20ac<\/li>\n<li>Vihmaveerennis\u00fcsteem \u2013 423,94 \u20ac<\/li>\n<li>Immutus \u2013 1 301,07 \u20ac<\/li>\n<li>Terrass \u2013 831,61 \u20ac<\/li>\n<li>Tehasev\u00e4rvimine \u2013 446,70 \u20ac<\/li>\n<li>PVC aknad\/uksed (valged) \u2013 627,27 \u20ac<\/li>\n<li>PVC aknad\/uksed (v\u00e4rviline v\u00e4ljast) \u2013 1 102,48 \u20ac<\/li>\n<li>Katuse soojustuspaketi lisa \u2013 3 088,84 \u20ac<\/li>\n<li>Kohandatud transport \u2013 47,52 \u20ac<\/li>\n<\/ul>\n<\/div>\n<p>&nbsp;<\/p>\n<p>&nbsp;<\/p>\n<p><a href=\"https:\/\/factory.sale\/wp-content\/uploads\/2025\/09\/Kaia_S37236.pdf\" target=\"_blank\" rel=\"noopener\">Joonised<\/a><\/p>\n<p><iframe loading=\"lazy\" title=\"YouTube video\" src=\"\/\/www.youtube.com\/embed\/9S4j3SFXrjM?autoplay=1&amp;mute=1\" width=\"1050\" height=\"589\" frameborder=\"0\" allowfullscreen=\"allowfullscreen\"><\/iframe><\/p>\n<p><iframe loading=\"lazy\" title=\"YouTube video\" src=\"\/\/www.youtube.com\/embed\/9S4j3SFXrjM?autoplay=1&amp;mute=1\" width=\"1050\" height=\"589\" frameborder=\"0\" allowfullscreen=\"allowfullscreen\"><\/iframe><\/p>\n","protected":false},"excerpt":{"rendered":"<p>Minimalistlik ja modernne soojustatud puidust maja Kaia pakub stiilset elamislahendust, kus on 2 avarat magamistuba, avatud planeeringuga elutuba koos k\u00f6\u00f6gialaga ning t\u00e4isk\u00f5rged aknad, mis avavad kauni panoraamvaate. Planeering \u00fchendab mugavuse ja funktsionaalsuse, muutes selle ideaalseks nii igap\u00e4evaseks elamiseks kui ka rahulikeks puhkehetkedeks.<\/p>\n","protected":false},"featured_media":119896,"comment_status":"open","ping_status":"closed","template":"","meta":{"_acf_changed":false},"factory":[],"free-shipment":[],"product_brand":[],"product_cat":[793],"product_tag":[],"class_list":{"0":"post-119759","1":"product","2":"type-product","3":"status-publish","4":"has-post-thumbnail","6":"product_cat-element-house","8":"first","9":"instock","10":"sale","11":"taxable","12":"shipping-taxable","13":"purchasable","14":"product-type-simple"},"acf":[],"_links":{"self":[{"href":"https:\/\/factory.sale\/et\/wp-json\/wp\/v2\/product\/119759","targetHints":{"allow":["GET"]}}],"collection":[{"href":"https:\/\/factory.sale\/et\/wp-json\/wp\/v2\/product"}],"about":[{"href":"https:\/\/factory.sale\/et\/wp-json\/wp\/v2\/types\/product"}],"replies":[{"embeddable":true,"href":"https:\/\/factory.sale\/et\/wp-json\/wp\/v2\/comments?post=119759"}],"wp:featuredmedia":[{"embeddable":true,"href":"https:\/\/factory.sale\/et\/wp-json\/wp\/v2\/media\/119896"}],"wp:attachment":[{"href":"https:\/\/factory.sale\/et\/wp-json\/wp\/v2\/media?parent=119759"}],"wp:term":[{"taxonomy":"factory","embeddable":true,"href":"https:\/\/factory.sale\/et\/wp-json\/wp\/v2\/factory?post=119759"},{"taxonomy":"free-shipment","embeddable":true,"href":"https:\/\/factory.sale\/et\/wp-json\/wp\/v2\/free-shipment?post=119759"},{"taxonomy":"product_brand","embeddable":true,"href":"https:\/\/factory.sale\/et\/wp-json\/wp\/v2\/product_brand?post=119759"},{"taxonomy":"product_cat","embeddable":true,"href":"https:\/\/factory.sale\/et\/wp-json\/wp\/v2\/product_cat?post=119759"},{"taxonomy":"product_tag","embeddable":true,"href":"https:\/\/factory.sale\/et\/wp-json\/wp\/v2\/product_tag?post=119759"}],"curies":[{"name":"wp","href":"https:\/\/api.w.org\/{rel}","templated":true}]}}