{"id":11959,"date":"2022-08-24T11:53:36","date_gmt":"2022-08-24T11:53:58","guid":{"rendered":"https:\/\/factory.sale\/?post_type=product&#038;p=11959"},"modified":"2024-06-25T19:38:29","modified_gmt":"2024-06-25T19:38:29","slug":"massaazitool-must","status":"publish","type":"product","link":"https:\/\/factory.sale\/et\/toode\/massaazitool-must\/","title":{"rendered":"Massaa\u017eitool must"},"content":{"rendered":"<p>Kvaliteetse kunstnaha polsterdusega ning tihke pehmendusega istme ja seljatoega p\u00f6\u00f6rlev tugitool pakub \u00fclimat mugavust. Tugitoolil on p\u00f6\u00f6rlev s\u00fcsteem, mis v\u00f5imaldab toale 360-kraadist vaadet. Kiikuval massaa\u017eitoolil on 8 massaa\u017eis\u00f5lme kogu keha l\u00f5\u00f5gastamiseks. T\u00e4nu soojendusele kiirgab tugitool mugavat soojust, mis v\u00e4hendab pingeid. Selja- ja jalatuge saab vastavalt vajadusele erineva nurga alla seada. Komplekti kuuluvat pulti saab massaa\u017eitooli k\u00fcljetaskus hoida.<\/p>\n<p>&nbsp;<\/p>\n<p><strong>Lisainformatsioon:<\/strong><\/p>\n<ul class=\"list-disc ml-2 mr-3\" data-v-9dd26c20=\"\">\n<li>2 massaa\u017ei intensiivsuse astet, k\u00f5rge\/madal<\/li>\n<li data-v-9dd26c20=\"\">8 massaa\u017eipatja<\/li>\n<li data-v-9dd26c20=\"\">Reguleeritav selja- ja jalatugi<\/li>\n<li data-v-9dd26c20=\"\">Pult<\/li>\n<li data-v-9dd26c20=\"\">Materjal: s\u00fcnteetiline nahk<\/li>\n<li data-v-9dd26c20=\"\">Kaalupiirang: 110 kg<\/li>\n<li data-v-9dd26c20=\"\">Tool p\u00f6\u00f6rleb 360\u00b0<\/li>\n<li data-v-9dd26c20=\"\">220v<\/li>\n<li data-v-9dd26c20=\"\">Kaal 56kg<\/li>\n<li data-v-9dd26c20=\"\">Tooli m\u00f5\u00f5dud: 106 \u00a0x 94 x 88 cm<\/li>\n<li data-v-9dd26c20=\"\">\n<div>Istme s\u00fcgavus\u00a050 cm, laius 56 cm<\/div>\n<\/li>\n<li data-v-9dd26c20=\"\">\n<div>V\u00e4rvus: must<\/div>\n<\/li>\n<\/ul>\n<p>&nbsp;<\/p>\n","protected":false},"excerpt":{"rendered":"<p>Professionaalsete funktsioonidega massaa\u017eitool koduseks kasutamiseks.<\/p>\n","protected":false},"featured_media":81451,"comment_status":"open","ping_status":"closed","template":"","meta":{"_acf_changed":false},"factory":[],"free-shipment":[],"product_brand":[],"product_cat":[714],"product_tag":[],"class_list":{"0":"post-11959","1":"product","2":"type-product","3":"status-publish","4":"has-post-thumbnail","6":"product_cat-moobel","8":"first","9":"instock","10":"sale","11":"taxable","12":"shipping-taxable","13":"purchasable","14":"product-type-simple"},"acf":[],"_links":{"self":[{"href":"https:\/\/factory.sale\/et\/wp-json\/wp\/v2\/product\/11959","targetHints":{"allow":["GET"]}}],"collection":[{"href":"https:\/\/factory.sale\/et\/wp-json\/wp\/v2\/product"}],"about":[{"href":"https:\/\/factory.sale\/et\/wp-json\/wp\/v2\/types\/product"}],"replies":[{"embeddable":true,"href":"https:\/\/factory.sale\/et\/wp-json\/wp\/v2\/comments?post=11959"}],"wp:featuredmedia":[{"embeddable":true,"href":"https:\/\/factory.sale\/et\/wp-json\/wp\/v2\/media\/81451"}],"wp:attachment":[{"href":"https:\/\/factory.sale\/et\/wp-json\/wp\/v2\/media?parent=11959"}],"wp:term":[{"taxonomy":"factory","embeddable":true,"href":"https:\/\/factory.sale\/et\/wp-json\/wp\/v2\/factory?post=11959"},{"taxonomy":"free-shipment","embeddable":true,"href":"https:\/\/factory.sale\/et\/wp-json\/wp\/v2\/free-shipment?post=11959"},{"taxonomy":"product_brand","embeddable":true,"href":"https:\/\/factory.sale\/et\/wp-json\/wp\/v2\/product_brand?post=11959"},{"taxonomy":"product_cat","embeddable":true,"href":"https:\/\/factory.sale\/et\/wp-json\/wp\/v2\/product_cat?post=11959"},{"taxonomy":"product_tag","embeddable":true,"href":"https:\/\/factory.sale\/et\/wp-json\/wp\/v2\/product_tag?post=11959"}],"curies":[{"name":"wp","href":"https:\/\/api.w.org\/{rel}","templated":true}]}}