{"id":119570,"date":"2025-09-29T01:12:36","date_gmt":"2025-09-28T22:21:24","guid":{"rendered":"https:\/\/factory.sale\/?post_type=product&#038;p=119570"},"modified":"2026-02-11T04:08:30","modified_gmt":"2026-02-11T01:08:30","slug":"soojustatud-moodne-maja-luni-714-x-1014-m","status":"publish","type":"product","link":"https:\/\/factory.sale\/et\/toode\/soojustatud-moodne-maja-luni-714-x-1014-m\/","title":{"rendered":"Soojustatud modernne maja Luni 7,14 \u00d7 10,14 m"},"content":{"rendered":"<p>Luni on valgusk\u00fcllane, soojustatud ja modernne maja praktilise planeeringuga: kaks mugavat magamistuba, avar ja avatud elutuba-k\u00f6\u00f6k ning vannituba. T\u00e4nu kaasaegsetele seina-, p\u00f5randa- ja katusekonstruktsioonidele on see loodud pakkuma aastaringset mugavust ja lihtsat igap\u00e4evaelu. Soovi korral lisatav 16,6 m\u00b2 terrass laiendab eluruumi ka \u00f5uealale.<\/p>\n<p>&nbsp;<\/p>\n<div class=\"_tableContainer_1rjym_1\">\n<div class=\"group _tableWrapper_1rjym_13 flex w-fit flex-col-reverse\" tabindex=\"-1\">\n<table class=\"w-fit min-w-(--thread-content-width)\" data-start=\"47\" data-end=\"1438\">\n<thead data-start=\"47\" data-end=\"89\">\n<tr data-start=\"47\" data-end=\"89\">\n<th data-start=\"47\" data-end=\"64\" data-col-size=\"sm\"><strong data-start=\"49\" data-end=\"63\">Kategooria<\/strong><\/th>\n<th data-start=\"64\" data-end=\"89\" data-col-size=\"lg\"><strong data-start=\"66\" data-end=\"87\">Tehnilised andmed<\/strong><\/th>\n<\/tr>\n<\/thead>\n<tbody data-start=\"134\" data-end=\"1438\">\n<tr data-start=\"134\" data-end=\"154\">\n<td data-start=\"134\" data-end=\"151\" data-col-size=\"sm\"><strong data-start=\"136\" data-end=\"150\">P\u00d5HIANDMED<\/strong><\/td>\n<td data-start=\"151\" data-end=\"154\" data-col-size=\"lg\"><\/td>\n<\/tr>\n<tr data-start=\"155\" data-end=\"196\">\n<td data-start=\"155\" data-end=\"178\" data-col-size=\"sm\">Hoone laius \u00d7 pikkus<\/td>\n<td data-start=\"178\" data-end=\"196\" data-col-size=\"lg\">7,14 \u00d7 10,14 m<\/td>\n<\/tr>\n<tr data-start=\"197\" data-end=\"256\">\n<td data-start=\"197\" data-end=\"207\" data-col-size=\"sm\">Siseala<\/td>\n<td data-start=\"207\" data-end=\"256\" data-col-size=\"lg\">47,3 m\u00b2 (2 magamistuba + elutuba + vannituba)<\/td>\n<\/tr>\n<tr data-start=\"257\" data-end=\"324\">\n<td data-start=\"257\" data-end=\"273\" data-col-size=\"sm\">Ruumilahendus<\/td>\n<td data-start=\"273\" data-end=\"324\" data-col-size=\"lg\">Avatud elutuba-k\u00f6\u00f6k; 2 magamistuba; 1 vannituba<\/td>\n<\/tr>\n<tr data-start=\"325\" data-end=\"344\">\n<td data-start=\"325\" data-end=\"339\" data-col-size=\"sm\">Ruumide arv<\/td>\n<td data-start=\"339\" data-end=\"344\" data-col-size=\"lg\">4<\/td>\n<\/tr>\n<tr data-start=\"345\" data-end=\"372\">\n<td data-start=\"345\" data-end=\"369\" data-col-size=\"sm\"><strong data-start=\"347\" data-end=\"368\">K\u00d5RGUSED JA KATUS<\/strong><\/td>\n<td data-start=\"369\" data-end=\"372\" data-col-size=\"lg\"><\/td>\n<\/tr>\n<tr data-start=\"373\" data-end=\"397\">\n<td data-start=\"373\" data-end=\"388\" data-col-size=\"sm\">Seina k\u00f5rgus<\/td>\n<td data-start=\"388\" data-end=\"397\" data-col-size=\"lg\">2,7 m<\/td>\n<\/tr>\n<tr data-start=\"398\" data-end=\"422\">\n<td data-start=\"398\" data-end=\"413\" data-col-size=\"sm\">Harja k\u00f5rgus<\/td>\n<td data-start=\"413\" data-end=\"422\" data-col-size=\"lg\">2,9 m<\/td>\n<\/tr>\n<tr data-start=\"423\" data-end=\"446\">\n<td data-start=\"423\" data-end=\"437\" data-col-size=\"sm\">Katusekalle<\/td>\n<td data-start=\"437\" data-end=\"446\" data-col-size=\"lg\">~6,5\u00b0<\/td>\n<\/tr>\n<tr data-start=\"447\" data-end=\"475\">\n<td data-start=\"447\" data-end=\"464\" data-col-size=\"sm\">Katuse pindala<\/td>\n<td data-start=\"464\" data-end=\"475\" data-col-size=\"lg\">69,5 m\u00b2<\/td>\n<\/tr>\n<tr data-start=\"476\" data-end=\"510\">\n<td data-start=\"476\" data-end=\"491\" data-col-size=\"sm\">Katuselauad<\/td>\n<td data-start=\"491\" data-end=\"510\" data-col-size=\"lg\">19 mm punnlauad<\/td>\n<\/tr>\n<tr data-start=\"511\" data-end=\"535\">\n<td data-start=\"511\" data-end=\"532\" data-col-size=\"sm\"><strong data-start=\"513\" data-end=\"531\">SOOJUSTUSKIHID<\/strong><\/td>\n<td data-start=\"532\" data-end=\"535\" data-col-size=\"lg\"><\/td>\n<\/tr>\n<tr data-start=\"536\" data-end=\"690\">\n<td data-start=\"536\" data-end=\"566\" data-col-size=\"sm\">Seinaehitus<\/td>\n<td data-start=\"566\" data-end=\"690\" data-col-size=\"lg\">44 mm t\u00e4ispalk \u2192 aurut\u00f5ke \u2192 ~100 mm kivivill \u2192 tuulet\u00f5kkemembraan \u2192 ventileeritav \u00f5huvahe \u2192 19 mm vertikaalne voodrilaud<\/td>\n<\/tr>\n<tr data-start=\"691\" data-end=\"759\">\n<td data-start=\"691\" data-end=\"707\" data-col-size=\"sm\">P\u00f5randaehitus<\/td>\n<td data-start=\"707\" data-end=\"759\" data-col-size=\"lg\">19 mm punnlaud \u2192 kandeprussid \u2192 ~100 mm kivivill<\/td>\n<\/tr>\n<tr data-start=\"760\" data-end=\"861\">\n<td data-start=\"760\" data-end=\"775\" data-col-size=\"sm\">Katuseehitus<\/td>\n<td data-start=\"775\" data-end=\"861\" data-col-size=\"lg\">EPDM kate \u2192 roovitus ja alus \u2192 hingav membraan \u2192 ~100 mm kivivill \u2192 19 mm punnlaud<\/td>\n<\/tr>\n<tr data-start=\"862\" data-end=\"962\">\n<td data-start=\"862\" data-end=\"886\" data-col-size=\"sm\">Hinnangulised U-v\u00e4\u00e4rtused<\/td>\n<td data-start=\"886\" data-end=\"962\" data-col-size=\"lg\">Seinad ~0,30\u20130,35 W\/m\u00b2K; katus ~0,23\u20130,28 W\/m\u00b2K; p\u00f5rand ~0,30\u20130,35 W\/m\u00b2K<\/td>\n<\/tr>\n<tr data-start=\"963\" data-end=\"996\">\n<td data-start=\"963\" data-end=\"993\" data-col-size=\"sm\"><strong data-start=\"965\" data-end=\"992\">MATERJALID<\/strong><\/td>\n<td data-start=\"993\" data-end=\"996\" data-col-size=\"lg\"><\/td>\n<\/tr>\n<tr data-start=\"997\" data-end=\"1051\">\n<td data-start=\"997\" data-end=\"1005\" data-col-size=\"sm\">Uksed<\/td>\n<td data-start=\"1005\" data-end=\"1051\" data-col-size=\"lg\">Vastavalt plaanile<\/td>\n<\/tr>\n<tr data-start=\"1052\" data-end=\"1106\">\n<td data-start=\"1052\" data-end=\"1060\" data-col-size=\"sm\">Aknad<\/td>\n<td data-start=\"1060\" data-end=\"1106\" data-col-size=\"lg\">Vastavalt plaanile<\/td>\n<\/tr>\n<tr data-start=\"1107\" data-end=\"1164\">\n<td data-start=\"1107\" data-end=\"1121\" data-col-size=\"sm\">Klaaspakett<\/td>\n<td data-start=\"1121\" data-end=\"1164\" data-col-size=\"lg\">Premium Plus kahekordsed aknad ja uksed<\/td>\n<\/tr>\n<tr data-start=\"1165\" data-end=\"1222\">\n<td data-start=\"1165\" data-end=\"1176\" data-col-size=\"sm\">Materjal<\/td>\n<td data-start=\"1176\" data-end=\"1222\" data-col-size=\"lg\">Sertifitseeritud p\u00f5hjamaine kuusk v\u00f5i m\u00e4nd<\/td>\n<\/tr>\n<tr data-start=\"1223\" data-end=\"1264\">\n<td data-start=\"1223\" data-end=\"1261\" data-col-size=\"sm\"><strong data-start=\"1225\" data-end=\"1260\">RUUMIDE SUURUSED (plaani j\u00e4rgi)<\/strong><\/td>\n<td data-start=\"1261\" data-end=\"1264\" data-col-size=\"lg\"><\/td>\n<\/tr>\n<tr data-start=\"1265\" data-end=\"1293\">\n<td data-start=\"1265\" data-end=\"1282\" data-col-size=\"sm\">Elutuba \/ k\u00f6\u00f6k<\/td>\n<td data-start=\"1282\" data-end=\"1293\" data-col-size=\"lg\">18,2 m\u00b2<\/td>\n<\/tr>\n<tr data-start=\"1294\" data-end=\"1321\">\n<td data-start=\"1294\" data-end=\"1310\" data-col-size=\"sm\">Magamistuba 1<\/td>\n<td data-start=\"1310\" data-end=\"1321\" data-col-size=\"lg\">10,9 m\u00b2<\/td>\n<\/tr>\n<tr data-start=\"1322\" data-end=\"1348\">\n<td data-start=\"1322\" data-end=\"1338\" data-col-size=\"sm\">Magamistuba 2<\/td>\n<td data-start=\"1338\" data-end=\"1348\" data-col-size=\"lg\">9,5 m\u00b2<\/td>\n<\/tr>\n<tr data-start=\"1349\" data-end=\"1371\">\n<td data-start=\"1349\" data-end=\"1361\" data-col-size=\"sm\">Vannituba<\/td>\n<td data-start=\"1361\" data-end=\"1371\" data-col-size=\"lg\">4,2 m\u00b2<\/td>\n<\/tr>\n<tr data-start=\"1372\" data-end=\"1405\">\n<td data-start=\"1372\" data-end=\"1395\" data-col-size=\"sm\">Panipaik \/ tehnoruum<\/td>\n<td data-start=\"1395\" data-end=\"1405\" data-col-size=\"lg\">4,5 m\u00b2<\/td>\n<\/tr>\n<tr data-start=\"1406\" data-end=\"1438\">\n<td data-start=\"1406\" data-end=\"1427\" data-col-size=\"sm\">Valikuline terrass<\/td>\n<td data-start=\"1427\" data-end=\"1438\" data-col-size=\"lg\">16,6 m\u00b2<\/td>\n<\/tr>\n<\/tbody>\n<\/table>\n<\/div>\n<\/div>\n<p>&nbsp;<\/p>\n<p>&nbsp;<\/p>\n<p><strong>Standardkomplekti kuulub:<\/strong><\/p>\n<ul>\n<li>P\u00f5randa- ja katuseprussid, p\u00f5randa- ja katuseplaadid, seinad ja katuseharjapalgid<\/li>\n<li>Premium Plus kahekordsed aknad ja uksed<\/li>\n<li>10 cm katuse soojustuskomplekt<\/li>\n<li>10 cm p\u00f5randa soojustuskomplekt<\/li>\n<li>10 cm seina soojustuskomplekt<\/li>\n<li>Katusekate (EPDM)<\/li>\n<li>V\u00e4limised metallist aknalauad<\/li>\n<\/ul>\n<p>&nbsp;<\/p>\n<p><strong>Lisavarustus (hinnad ilma KM-ta):<\/strong><\/p>\n<ul>\n<li>Vihmaveerenni s\u00fcsteem \u2013 247,11 \u20ac<\/li>\n<li>Immutus \u2013 1 378,10 \u20ac<\/li>\n<li>Terrass \u2013 760,34 \u20ac<\/li>\n<li>Tehasev\u00e4rvimine \u2013 522,73 \u20ac<\/li>\n<li>PVC aknad\/uksed (valged) \u2013 760,34 \u20ac<\/li>\n<li>PVC aknad\/uksed (v\u00e4rvitud v\u00e4ljast) \u2013 1 387,60 \u20ac<\/li>\n<li>Katuse soojustuskomplekti uuendus \u2013 3 563,04 \u20ac<\/li>\n<li>Transport \u2013 47,52 \u20ac<\/li>\n<\/ul>\n<p>&nbsp;<\/p>\n<p><strong>Hinnap\u00e4ringu alusel:<\/strong><\/p>\n<ul>\n<li>Aknaraamide ja uste v\u00e4rvimine<\/li>\n<li>T\u00e4iendav puitvundamendi alusplaat<\/li>\n<\/ul>\n<p>&nbsp;<\/p>\n<p><iframe loading=\"lazy\" title=\"YouTube video\" src=\"\/\/www.youtube.com\/embed\/k9kK04ZBp0o?autoplay=1&amp;mute=1\" width=\"1050\" height=\"589\" frameborder=\"0\" allowfullscreen=\"allowfullscreen\"><\/iframe><\/p>\n<p><iframe loading=\"lazy\" title=\"YouTube video\" src=\"\/\/www.youtube.com\/embed\/9S4j3SFXrjM?autoplay=1&amp;mute=1\" width=\"1050\" height=\"589\" frameborder=\"0\" allowfullscreen=\"allowfullscreen\"><\/iframe><\/p>\n","protected":false},"excerpt":{"rendered":"<p>Tutvu Luniga \u2013 valgusk\u00fcllane, soojustatud ja kaasaegne kodu kahe magamistoa, avatud elutoa ja valikulise terrassiga, mis pakub aastaringset mugavust ning on valmistatud p\u00f5hjamaisest puidust.<\/p>\n","protected":false},"featured_media":119833,"comment_status":"open","ping_status":"closed","template":"","meta":{"_acf_changed":false},"factory":[],"free-shipment":[],"product_brand":[],"product_cat":[801],"product_tag":[],"class_list":{"0":"post-119570","1":"product","2":"type-product","3":"status-publish","4":"has-post-thumbnail","6":"product_cat-elementmajad-2","8":"first","9":"instock","10":"sale","11":"taxable","12":"shipping-taxable","13":"purchasable","14":"product-type-simple"},"acf":[],"_links":{"self":[{"href":"https:\/\/factory.sale\/et\/wp-json\/wp\/v2\/product\/119570","targetHints":{"allow":["GET"]}}],"collection":[{"href":"https:\/\/factory.sale\/et\/wp-json\/wp\/v2\/product"}],"about":[{"href":"https:\/\/factory.sale\/et\/wp-json\/wp\/v2\/types\/product"}],"replies":[{"embeddable":true,"href":"https:\/\/factory.sale\/et\/wp-json\/wp\/v2\/comments?post=119570"}],"wp:featuredmedia":[{"embeddable":true,"href":"https:\/\/factory.sale\/et\/wp-json\/wp\/v2\/media\/119833"}],"wp:attachment":[{"href":"https:\/\/factory.sale\/et\/wp-json\/wp\/v2\/media?parent=119570"}],"wp:term":[{"taxonomy":"factory","embeddable":true,"href":"https:\/\/factory.sale\/et\/wp-json\/wp\/v2\/factory?post=119570"},{"taxonomy":"free-shipment","embeddable":true,"href":"https:\/\/factory.sale\/et\/wp-json\/wp\/v2\/free-shipment?post=119570"},{"taxonomy":"product_brand","embeddable":true,"href":"https:\/\/factory.sale\/et\/wp-json\/wp\/v2\/product_brand?post=119570"},{"taxonomy":"product_cat","embeddable":true,"href":"https:\/\/factory.sale\/et\/wp-json\/wp\/v2\/product_cat?post=119570"},{"taxonomy":"product_tag","embeddable":true,"href":"https:\/\/factory.sale\/et\/wp-json\/wp\/v2\/product_tag?post=119570"}],"curies":[{"name":"wp","href":"https:\/\/api.w.org\/{rel}","templated":true}]}}