{"id":1195,"date":"2019-11-09T15:43:56","date_gmt":"2019-11-09T15:43:56","guid":{"rendered":"https:\/\/factory.sale\/product\/blachotrapez-roof-fittings-ridge-bed\/"},"modified":"2024-06-27T22:03:24","modified_gmt":"2024-06-27T22:03:24","slug":"blachotrapez-roof-fittings-ridge-bed","status":"publish","type":"product","link":"https:\/\/factory.sale\/et\/toode\/blachotrapez-roof-fittings-ridge-bed\/","title":{"rendered":"Blachotrapez Katusealuste katuseharja s\u00e4ng"},"content":{"rendered":"<p>Katusekinnitused on iga korralikult viimistletud katuse vajalik element. Need v\u00e4ldivad lekkeid ja \u00fcleujutusi ning tagavad korrektse viimistluse. Uuenduslik s\u00fcsteem s\u00fcgavalt vormimiseks \u00fchelt lehelt ilma \u00f5mblusteta. Pinna kvaliteedi tagab k\u00f5rgekvaliteediline pulberv\u00e4rvimine Noble kaubam\u00e4rgi v\u00e4rvidega. K\u00f5ik paigalduselemendid on saadaval meie kaubaaluse v\u00e4rviga. Lisaks standardm\u00f5\u00f5tmetele on meil v\u00f5imalik tarnida ka k\u00f5iki vajalikule suurusele kohandatud liitmikke.<\/p>\n<p><img decoding=\"async\" src=\"https:\/\/www.blachotrapez.eu\/files\/cke\/produkty\/obrobkien3.png\" alt=\"\" \/><\/p>\n","protected":false},"excerpt":{"rendered":"<p>Katusekinnitused on iga korralikult viimistletud katuse vajalik element. Need v\u00e4ldivad lekkeid ja \u00fcleujutusi ning tagavad korrektse viimistluse. Uuenduslik s\u00fcsteem s\u00fcgavalt vormimiseks \u00fchelt lehelt ilma \u00f5mblusteta. Pinna kvaliteedi tagab k\u00f5rgekvaliteediline pulberv\u00e4rvimine Noble kaubam\u00e4rgi v\u00e4rvidega. K\u00f5ik paigalduselemendid on saadaval meie kaubaaluse v\u00e4rviga. Lisaks standardm\u00f5\u00f5tmetele on meil v\u00f5imalik tarnida ka k\u00f5iki vajalikule suurusele kohandatud liitmikke.<\/p>\n","protected":false},"featured_media":1196,"comment_status":"open","ping_status":"closed","template":"","meta":{"_acf_changed":false},"factory":[],"free-shipment":[],"product_brand":[],"product_cat":[191,192],"product_tag":[140],"class_list":{"0":"post-1195","1":"product","2":"type-product","3":"status-publish","4":"has-post-thumbnail","6":"product_cat-katus","7":"product_cat-katuse-liitmikud","8":"product_tag-roof-fittings-et-2","10":"first","11":"instock","12":"sale","13":"taxable","14":"shipping-taxable","15":"purchasable","16":"product-type-simple"},"acf":[],"_links":{"self":[{"href":"https:\/\/factory.sale\/et\/wp-json\/wp\/v2\/product\/1195","targetHints":{"allow":["GET"]}}],"collection":[{"href":"https:\/\/factory.sale\/et\/wp-json\/wp\/v2\/product"}],"about":[{"href":"https:\/\/factory.sale\/et\/wp-json\/wp\/v2\/types\/product"}],"replies":[{"embeddable":true,"href":"https:\/\/factory.sale\/et\/wp-json\/wp\/v2\/comments?post=1195"}],"wp:featuredmedia":[{"embeddable":true,"href":"https:\/\/factory.sale\/et\/wp-json\/wp\/v2\/media\/1196"}],"wp:attachment":[{"href":"https:\/\/factory.sale\/et\/wp-json\/wp\/v2\/media?parent=1195"}],"wp:term":[{"taxonomy":"factory","embeddable":true,"href":"https:\/\/factory.sale\/et\/wp-json\/wp\/v2\/factory?post=1195"},{"taxonomy":"free-shipment","embeddable":true,"href":"https:\/\/factory.sale\/et\/wp-json\/wp\/v2\/free-shipment?post=1195"},{"taxonomy":"product_brand","embeddable":true,"href":"https:\/\/factory.sale\/et\/wp-json\/wp\/v2\/product_brand?post=1195"},{"taxonomy":"product_cat","embeddable":true,"href":"https:\/\/factory.sale\/et\/wp-json\/wp\/v2\/product_cat?post=1195"},{"taxonomy":"product_tag","embeddable":true,"href":"https:\/\/factory.sale\/et\/wp-json\/wp\/v2\/product_tag?post=1195"}],"curies":[{"name":"wp","href":"https:\/\/api.w.org\/{rel}","templated":true}]}}