{"id":119452,"date":"2025-09-25T02:23:45","date_gmt":"2025-09-24T23:25:06","guid":{"rendered":"https:\/\/factory.sale\/?post_type=product&#038;p=119452"},"modified":"2025-09-29T12:55:06","modified_gmt":"2025-09-29T09:55:06","slug":"rayfoil-efoil-one-elektriline-surfilaud","status":"publish","type":"product","link":"https:\/\/factory.sale\/et\/toode\/rayfoil-efoil-one-elektriline-surfilaud\/","title":{"rendered":"RayFoil eFoil One elektriline surfilaud"},"content":{"rendered":"<h2><span style=\"font-size: 14pt;\"><strong>Rayfoil One elektriline surfilaud sobib suurep\u00e4raselt k\u00f5igile, kes soovivad:<\/strong><\/span><\/h2>\n<ul>\n<li>Kanda eFoili mugavas seljakotis<\/li>\n<li>Hoiustada eFoili paadis v\u00f5i jahis<\/li>\n<li>Hoiustada eFoili matkabussis<\/li>\n<\/ul>\n<p>Rayfoil One elektriline surfilaud on valmistatud ainult k\u00f5rgeima kvaliteediga komponentidest: tipptasemel akuelemendid, Rootsis eritellimusel toodetud alumiiniumosad ning veekindlad kullatud \u00fchendused. Sinu uus eFoil kestab tavakasutuses 6\u20138 aastat. Kaasas 2-aastane garantii.<\/p>\n<p><strong>Laua m\u00f5\u00f5dud:<\/strong> 180 x 75 x 15 cm<\/p>\n<p>&nbsp;<\/p>\n<p><strong>Kerge ja turvaline<\/strong><\/p>\n<p>See elektriline surfilaud on k\u00f5ige kergem e-foil turul, kaaludes vaid 18 kg (v\u00f5rreldes tavaliste 30\u201340 kg eFoilidega). Peamiseks p\u00f5hjuseks on selle akumasti disain, mis on eFoilide maailmas revolutsiooniline.<br \/>\nNaudi oma eFoiliga igale poole reisimist kergusega. Ei mingit ratastega varustust ega kohmakat transpordi\u00advahendit. Lihtne hoiustada ja v\u00e4ga mugav kaasas kanda oma j\u00e4rgmiseks eFoili seikluseks.<\/p>\n<p>&nbsp;<\/p>\n<p><strong>K\u00f5rgeim kvaliteet<\/strong><\/p>\n<p>K\u00f5ik eFoili komponendid on parimast klassist. Alates eritellimusel toodetud detailidest kuni kvaliteetsete tihenditeni eFoili sees. Kasutame ainult k\u00f5rgeima kvaliteediga komponente ja kullatud kontakte. Mastis olevad akud on samuti parimad turul \u2013 need v\u00f5imaldavad umbes 2000 laadimists\u00fcklit ning kiirlaadijaga saab aku 30 minutiga 80% t\u00e4is.<\/p>\n<p>&nbsp;<\/p>\n<p><strong>Mine kuhu iganes<\/strong><\/p>\n<p>Oled seiklejat\u00fc\u00fcpi? Siis on meie ONE-seeria eFoil loodud just sulle. See on ideaalne neile, kes armastavad \u00f5ues liikumist ning kellel on matkabuss v\u00f5i paat.<br \/>\nSelle eFoili liikuvus on v\u00f5rreldamatu. Pane seljakott kokku ja liigu teele \u2013 eFoili seadistamine v\u00f5tab vaid minuti. Lihtne kaasas kanda ja hoiustada, et saaksid nautida oma j\u00e4rgmisi seiklusi muretult.<\/p>\n<p>&nbsp;<\/p>\n<p><strong>Kohandatud tiib stabiilsuseks<\/strong><\/p>\n<p>Meie eritellimusel valmistatud alumiiniumtiib tagab suurep\u00e4rase stabiilsuse surfates ja l\u00f5butsedes.<br \/>\nP\u00e4rast p\u00f5hjalikke teste leidsime t\u00e4iusliku kuju alumisele tiivale, mis teeb suure osa t\u00f6\u00f6st \u00e4ra. T\u00e4nu selle erikujule pakub meie laud suurep\u00e4rast stabiilsust \u2013 eriti algajatele ja kesktaseme kasutajatele.<\/p>\n<p>&nbsp;<\/p>\n<p><iframe loading=\"lazy\" src=\"\/\/www.youtube.com\/embed\/ZEtvonTmyrY\" width=\"1050\" height=\"589\" allowfullscreen=\"allowfullscreen\" data-mce-fragment=\"1\"><\/iframe><\/p>\n<p><iframe loading=\"lazy\" src=\"\/\/www.youtube.com\/embed\/74fvBogt194\" width=\"1050\" height=\"589\" allowfullscreen=\"allowfullscreen\" data-mce-fragment=\"1\"><\/iframe><\/p>\n<p><iframe loading=\"lazy\" src=\"\/\/www.youtube.com\/embed\/ftHjo20_0ZM\" width=\"1050\" height=\"589\" allowfullscreen=\"allowfullscreen\"><\/iframe><\/p>\n<p>Tutvu teiste sarnaste toodetega\u00a0<a title=\"siin\" href=\"https:\/\/factory.sale\/et\/product-category\/elektrilised-liikurid\/\">siin<\/a><\/p>\n","protected":false},"excerpt":{"rendered":"<p>Tutvu RayFoil One\u2019iga \u2013 maailma k\u00f5ige kompaktsema ja kergema eFoiliga, mis kaalub vaid 18 kg. Unusta kohmakad transpordivahendid ja v\u00e4sitavad t\u00f5sted. Paki eFoil seljakotti, h\u00fcppa paati v\u00f5i pista see matkabussi.<\/p>\n<ul>\n<li>Maailma kergeim eFoil \u2013 18 kg<\/li>\n<li>Kiirlaadimine 40 minutiga<\/li>\n<li>S\u00f5idukiirus kuni 35 km\/h<\/li>\n<\/ul>\n","protected":false},"featured_media":119455,"comment_status":"open","ping_status":"closed","template":"","meta":{"_acf_changed":false},"factory":[],"free-shipment":[],"product_brand":[],"product_cat":[738],"product_tag":[],"class_list":{"0":"post-119452","1":"product","2":"type-product","3":"status-publish","4":"has-post-thumbnail","6":"product_cat-elektrilised-liikurid","8":"first","9":"instock","10":"sale","11":"taxable","12":"shipping-taxable","13":"purchasable","14":"product-type-simple"},"acf":[],"_links":{"self":[{"href":"https:\/\/factory.sale\/et\/wp-json\/wp\/v2\/product\/119452","targetHints":{"allow":["GET"]}}],"collection":[{"href":"https:\/\/factory.sale\/et\/wp-json\/wp\/v2\/product"}],"about":[{"href":"https:\/\/factory.sale\/et\/wp-json\/wp\/v2\/types\/product"}],"replies":[{"embeddable":true,"href":"https:\/\/factory.sale\/et\/wp-json\/wp\/v2\/comments?post=119452"}],"wp:featuredmedia":[{"embeddable":true,"href":"https:\/\/factory.sale\/et\/wp-json\/wp\/v2\/media\/119455"}],"wp:attachment":[{"href":"https:\/\/factory.sale\/et\/wp-json\/wp\/v2\/media?parent=119452"}],"wp:term":[{"taxonomy":"factory","embeddable":true,"href":"https:\/\/factory.sale\/et\/wp-json\/wp\/v2\/factory?post=119452"},{"taxonomy":"free-shipment","embeddable":true,"href":"https:\/\/factory.sale\/et\/wp-json\/wp\/v2\/free-shipment?post=119452"},{"taxonomy":"product_brand","embeddable":true,"href":"https:\/\/factory.sale\/et\/wp-json\/wp\/v2\/product_brand?post=119452"},{"taxonomy":"product_cat","embeddable":true,"href":"https:\/\/factory.sale\/et\/wp-json\/wp\/v2\/product_cat?post=119452"},{"taxonomy":"product_tag","embeddable":true,"href":"https:\/\/factory.sale\/et\/wp-json\/wp\/v2\/product_tag?post=119452"}],"curies":[{"name":"wp","href":"https:\/\/api.w.org\/{rel}","templated":true}]}}