{"id":1189,"date":"2019-11-09T15:52:07","date_gmt":"2019-11-09T15:52:07","guid":{"rendered":"https:\/\/factory.sale\/product\/blachotrapez-roof-fittings-eaves-edge\/"},"modified":"2024-07-01T20:18:53","modified_gmt":"2024-07-01T20:18:53","slug":"blachotrapez-roof-fittings-eaves-edge","status":"publish","type":"product","link":"https:\/\/factory.sale\/et\/toode\/blachotrapez-roof-fittings-eaves-edge\/","title":{"rendered":"Blachotrapez Katusekinnitused r\u00e4\u00e4sta serva"},"content":{"rendered":"<p>Katusekinnitused on iga korralikult viimistletud katuse vajalik element. Need v\u00e4ldivad lekkeid ja \u00fcleujutusi ning tagavad korrektse viimistluse. Uuenduslik s\u00fcsteem s\u00fcgavalt vormimiseks \u00fchelt lehelt ilma \u00f5mblusteta. Pinna kvaliteedi tagab k\u00f5rgekvaliteediline pulberv\u00e4rvimine Noble kaubam\u00e4rgi v\u00e4rvidega.<\/p>\n<p><img decoding=\"async\" src=\"https:\/\/www.blachotrapez.eu\/files\/cke\/produkty\/obrobkien3.png\" alt=\"\" \/><\/p>\n<p>K\u00f5ik paigalduselemendid saadaval meie kaubaaluse v\u00e4rviga. Lisaks on standardm\u00f5\u00f5tmetele meil v\u00f5imalik tarnida, kui vajatakse suuruse kohandatud liitmikke.<\/p>\n<h4>Tehnilised detailid<\/h4>\n<div><img decoding=\"async\" src=\"https:\/\/www.blachotrapez.eu\/files\/cke\/produkty\/wymiarkoronka.png\" alt=\"\" \/><\/div>\n","protected":false},"excerpt":{"rendered":"<p>Katusekinnitused on iga korralikult viimistletud katuse vajalik element. Need v\u00e4ldivad lekkeid ja \u00fcleujutusi ning tagavad korrektse viimistluse. Uuenduslik s\u00fcsteem s\u00fcgavalt vormimiseks \u00fchelt lehelt ilma \u00f5mblusteta. Pinna kvaliteedi tagab k\u00f5rgekvaliteediline pulberv\u00e4rvimine Noble kaubam\u00e4rgi v\u00e4rvidega. K\u00f5ik paigalduselemendid saadaval meie kaubaaluse v\u00e4rviga. Lisaks on standardm\u00f5\u00f5tmetele meil v\u00f5imalik tarnida, kui vajatakse suuruse kohandatud liitmikke.<\/p>\n","protected":false},"featured_media":1190,"comment_status":"open","ping_status":"closed","template":"","meta":{"_acf_changed":false},"factory":[],"free-shipment":[],"product_brand":[],"product_cat":[191,192],"product_tag":[140],"class_list":{"0":"post-1189","1":"product","2":"type-product","3":"status-publish","4":"has-post-thumbnail","6":"product_cat-katus","7":"product_cat-katuse-liitmikud","8":"product_tag-roof-fittings-et-2","10":"first","11":"instock","12":"sale","13":"taxable","14":"shipping-taxable","15":"purchasable","16":"product-type-simple"},"acf":[],"_links":{"self":[{"href":"https:\/\/factory.sale\/et\/wp-json\/wp\/v2\/product\/1189","targetHints":{"allow":["GET"]}}],"collection":[{"href":"https:\/\/factory.sale\/et\/wp-json\/wp\/v2\/product"}],"about":[{"href":"https:\/\/factory.sale\/et\/wp-json\/wp\/v2\/types\/product"}],"replies":[{"embeddable":true,"href":"https:\/\/factory.sale\/et\/wp-json\/wp\/v2\/comments?post=1189"}],"wp:featuredmedia":[{"embeddable":true,"href":"https:\/\/factory.sale\/et\/wp-json\/wp\/v2\/media\/1190"}],"wp:attachment":[{"href":"https:\/\/factory.sale\/et\/wp-json\/wp\/v2\/media?parent=1189"}],"wp:term":[{"taxonomy":"factory","embeddable":true,"href":"https:\/\/factory.sale\/et\/wp-json\/wp\/v2\/factory?post=1189"},{"taxonomy":"free-shipment","embeddable":true,"href":"https:\/\/factory.sale\/et\/wp-json\/wp\/v2\/free-shipment?post=1189"},{"taxonomy":"product_brand","embeddable":true,"href":"https:\/\/factory.sale\/et\/wp-json\/wp\/v2\/product_brand?post=1189"},{"taxonomy":"product_cat","embeddable":true,"href":"https:\/\/factory.sale\/et\/wp-json\/wp\/v2\/product_cat?post=1189"},{"taxonomy":"product_tag","embeddable":true,"href":"https:\/\/factory.sale\/et\/wp-json\/wp\/v2\/product_tag?post=1189"}],"curies":[{"name":"wp","href":"https:\/\/api.w.org\/{rel}","templated":true}]}}