{"id":118899,"date":"2025-09-16T13:55:21","date_gmt":"2025-09-16T11:07:04","guid":{"rendered":"https:\/\/factory.sale\/?post_type=product&#038;p=118899"},"modified":"2026-02-11T04:11:04","modified_gmt":"2026-02-11T01:11:04","slug":"soojustatud-pisimaja-nordic-l-5-74-x-11-94-m","status":"publish","type":"product","link":"https:\/\/factory.sale\/et\/toode\/soojustatud-pisimaja-nordic-l-5-74-x-11-94-m\/","title":{"rendered":"Soojustatud pisimaja Nordic-L 5.74 \u00d7 11.94 m"},"content":{"rendered":"<p>Soojustatud pisimaja NORDIC-L 5.74 \u00d7 11.94 m \u2013 kaasaegne kompaktne kodu, mis \u00fchendab skandinaavialiku stiili \u00a0ja kaasaegse elumugavuse. Sertifitseeritud p\u00f5hjamaise kuuse v\u00f5i m\u00e4nni puidust ehitatud maja on loodud olema energiat\u00f5hus, vastupidav ja stiilne, tehes sellest ideaalse lahenduse nii p\u00fcsivaks eluasemeks, puhkemajaks kui ka k\u00fclalistemajaks.<\/p>\n<p>49.9 m\u00b2 sisepinnaga pakub NORDIC-L nutikat ja funktsionaalset planeeringut: avatud elutuba koos k\u00f6\u00f6giga, kaks magamistuba ja vannituba. Suured premium topeltklaasiga aknad ning klaasiga v\u00e4lisuks toovad interj\u00f6\u00f6ri rohkelt loomulikku valgust, samas kui kompaktne 3.0 m harjak\u00f5rgus ja madal katusekalle (~6.5\u00b0) loovad modernse, minimalistliku ilme.<\/p>\n<p>Konstruktsioon tagab aastaringse mugavuse t\u00e4nu arenenud soojustuslahendusele.<\/p>\n<p>&nbsp;<\/p>\n<p><strong>Tehnilised andmed:<\/strong><\/p>\n<div class=\"_tableContainer_1rjym_1\">\n<div class=\"group w-fit _tableWrapper_1rjym_13 flex flex-col-reverse\" tabindex=\"-1\">\n<table class=\"w-fit min-w-(--thread-content-width)\" data-start=\"83\" data-end=\"1774\">\n<thead data-start=\"83\" data-end=\"135\">\n<tr data-start=\"83\" data-end=\"135\">\n<th data-start=\"83\" data-end=\"119\" data-col-size=\"sm\"><strong data-start=\"85\" data-end=\"105\">Spetsifikatsioon<\/strong><\/th>\n<th data-start=\"119\" data-end=\"135\" data-col-size=\"lg\"><strong data-start=\"121\" data-end=\"133\">Detailid<\/strong><\/th>\n<\/tr>\n<\/thead>\n<tbody data-start=\"189\" data-end=\"1774\">\n<tr data-start=\"189\" data-end=\"243\">\n<td data-start=\"189\" data-end=\"225\" data-col-size=\"sm\"><strong data-start=\"191\" data-end=\"207\">M\u00f5\u00f5dud<\/strong><\/td>\n<td data-start=\"225\" data-end=\"243\" data-col-size=\"lg\">5.74 \u00d7 11.94 m<\/td>\n<\/tr>\n<tr data-start=\"244\" data-end=\"298\">\n<td data-start=\"244\" data-end=\"280\" data-col-size=\"sm\"><strong data-start=\"246\" data-end=\"269\">Maja laius \u00d7 pikkus<\/strong><\/td>\n<td data-start=\"280\" data-end=\"298\" data-col-size=\"lg\">5.74 \u00d7 11.94 m<\/td>\n<\/tr>\n<tr data-start=\"299\" data-end=\"384\">\n<td data-start=\"299\" data-end=\"335\" data-col-size=\"sm\"><strong data-start=\"301\" data-end=\"312\">Siseala pindala<\/strong><\/td>\n<td data-start=\"335\" data-end=\"384\" data-col-size=\"lg\">49.9 m\u00b2 (2 magamistuba + elutuba + vannituba)<\/td>\n<\/tr>\n<tr data-start=\"385\" data-end=\"480\">\n<td data-start=\"385\" data-end=\"421\" data-col-size=\"sm\"><strong data-start=\"387\" data-end=\"401\">Planeering<\/strong><\/td>\n<td data-start=\"421\" data-end=\"480\" data-col-size=\"lg\">Avatud elutuba koos k\u00f6\u00f6giga; 2 magamistuba; 1 vannituba<\/td>\n<\/tr>\n<tr data-start=\"481\" data-end=\"526\">\n<td data-start=\"481\" data-end=\"517\" data-col-size=\"sm\"><strong data-start=\"483\" data-end=\"499\">Seina k\u00f5rgus<\/strong><\/td>\n<td data-start=\"517\" data-end=\"526\" data-col-size=\"lg\">2.6 m<\/td>\n<\/tr>\n<tr data-start=\"527\" data-end=\"572\">\n<td data-start=\"527\" data-end=\"563\" data-col-size=\"sm\"><strong data-start=\"529\" data-end=\"544\">Harjak\u00f5rgus<\/strong><\/td>\n<td data-start=\"563\" data-end=\"572\" data-col-size=\"lg\">3.0 m<\/td>\n<\/tr>\n<tr data-start=\"573\" data-end=\"618\">\n<td data-start=\"573\" data-end=\"609\" data-col-size=\"sm\"><strong data-start=\"575\" data-end=\"591\">Katuse kalle<\/strong><\/td>\n<td data-start=\"609\" data-end=\"618\" data-col-size=\"lg\">~6.5\u00b0<\/td>\n<\/tr>\n<tr data-start=\"619\" data-end=\"666\">\n<td data-start=\"619\" data-end=\"655\" data-col-size=\"sm\"><strong data-start=\"621\" data-end=\"639\">Katuse pindala<\/strong><\/td>\n<td data-start=\"655\" data-end=\"666\" data-col-size=\"lg\">59.3 m\u00b2<\/td>\n<\/tr>\n<tr data-start=\"667\" data-end=\"733\">\n<td data-start=\"667\" data-end=\"703\" data-col-size=\"sm\"><strong data-start=\"669\" data-end=\"685\">Katuselauad<\/strong><\/td>\n<td data-start=\"703\" data-end=\"733\" data-col-size=\"lg\">19 mm punn-soon \u00fchendusega<\/td>\n<\/tr>\n<tr data-start=\"734\" data-end=\"892\">\n<td data-start=\"734\" data-end=\"777\" data-col-size=\"sm\"><strong data-start=\"736\" data-end=\"776\">Seina konstruktsioon (seest \u2192 v\u00e4lja)<\/strong><\/td>\n<td data-start=\"777\" data-end=\"892\" data-col-size=\"lg\">44 mm t\u00e4ispuit \u2192 aurut\u00f5ke \u2192 ~100 mm kivivill \u2192 tuulet\u00f5ke \u2192 ventileeritav \u00f5huvahe \u2192 19 mm vertikaalne puitvooder<\/td>\n<\/tr>\n<tr data-start=\"893\" data-end=\"991\">\n<td data-start=\"893\" data-end=\"929\" data-col-size=\"sm\"><strong data-start=\"895\" data-end=\"921\">P\u00f5randa konstruktsioon<\/strong><\/td>\n<td data-start=\"929\" data-end=\"991\" data-col-size=\"lg\">19 mm punn-soon \u00fchendusega \u2192 kandetalad \u2192 ~100 mm kivivill<\/td>\n<\/tr>\n<tr data-start=\"992\" data-end=\"1157\">\n<td data-start=\"992\" data-end=\"1028\" data-col-size=\"sm\"><strong data-start=\"994\" data-end=\"1019\">Katuse konstruktsioon<\/strong><\/td>\n<td data-start=\"1028\" data-end=\"1157\" data-col-size=\"lg\">Katusekate (EPDM) \u2192 roovitus ja aluskatteplaat \u2192 difusioonile avatud membraan \u2192 ~100 mm kivivill \u2192 19 mm punn-soon \u00fchendusega plaadid<\/td>\n<\/tr>\n<tr data-start=\"1158\" data-end=\"1270\">\n<td data-start=\"1158\" data-end=\"1194\" data-col-size=\"sm\"><strong data-start=\"1160\" data-end=\"1185\">Indikatiivsed U-v\u00e4\u00e4rtused<\/strong><\/td>\n<td data-start=\"1194\" data-end=\"1270\" data-col-size=\"lg\">Seinad ~0.30\u20130.35 W\/m\u00b2K; Katus ~0.23\u20130.28 W\/m\u00b2K; P\u00f5rand ~0.30\u20130.35 W\/m\u00b2K<\/td>\n<\/tr>\n<tr data-start=\"1271\" data-end=\"1381\">\n<td data-start=\"1271\" data-end=\"1307\" data-col-size=\"sm\"><strong data-start=\"1273\" data-end=\"1282\">Uksed<\/strong><\/td>\n<td data-start=\"1307\" data-end=\"1381\" data-col-size=\"lg\">1 klaasiga v\u00e4lisuks (850 \u00d7 1980 mm); 3 siseust puidust (850 \u00d7 1980 mm)<\/td>\n<\/tr>\n<tr data-start=\"1382\" data-end=\"1552\">\n<td data-start=\"1382\" data-end=\"1418\" data-col-size=\"sm\"><strong data-start=\"1384\" data-end=\"1393\">Aknad<\/strong><\/td>\n<td data-start=\"1418\" data-end=\"1552\" data-col-size=\"lg\">4 suurt akent (1700 \u00d7 1980 mm); 2 t\u00e4isk\u00f5rguses akent (850 \u00d7 1980 mm); 1 pealmine aken (1500 \u00d7 390 mm); 1 v\u00e4ike aken (500 \u00d7 520 mm)<\/td>\n<\/tr>\n<tr data-start=\"1553\" data-end=\"1647\">\n<td data-start=\"1553\" data-end=\"1589\" data-col-size=\"sm\"><strong data-start=\"1555\" data-end=\"1570\">Klaaspakett<\/strong><\/td>\n<td data-start=\"1589\" data-end=\"1647\" data-col-size=\"lg\">Premium Plus topeltklaasiga soojustatud aknad ja uksed<\/td>\n<\/tr>\n<tr data-start=\"1648\" data-end=\"1730\">\n<td data-start=\"1648\" data-end=\"1684\" data-col-size=\"sm\"><strong data-start=\"1650\" data-end=\"1662\">Materjal<\/strong><\/td>\n<td data-start=\"1684\" data-end=\"1730\" data-col-size=\"lg\">Sertifitseeritud p\u00f5hjamaine kuusk v\u00f5i m\u00e4nd<\/td>\n<\/tr>\n<tr data-start=\"1731\" data-end=\"1774\">\n<td data-start=\"1731\" data-end=\"1767\" data-col-size=\"sm\"><strong data-start=\"1733\" data-end=\"1747\">Tubade arv<\/strong><\/td>\n<td data-start=\"1767\" data-end=\"1774\" data-col-size=\"lg\">4<\/td>\n<\/tr>\n<\/tbody>\n<\/table>\n<\/div>\n<\/div>\n<p>&nbsp;<\/p>\n<p>&nbsp;<\/p>\n<p><strong>Standardkomplekt sisaldab:<\/strong><\/p>\n<ul>\n<li>P\u00f5randatalad, p\u00f5randa- ja katuseplaadid, seinad ja katuse kandepalgid<\/li>\n<li>Premium Plus topeltklaasiga aknad ja uksed<\/li>\n<li>10 cm katuse soojustuskomplekt<\/li>\n<li>10 cm p\u00f5randa soojustuskomplekt<\/li>\n<li>10 cm seina soojustuskomplekt<\/li>\n<li>EPDM katusekate<\/li>\n<li>V\u00e4limised metallist aknalauad<\/li>\n<\/ul>\n<p>&nbsp;<\/p>\n<p>&nbsp;<\/p>\n<p><strong>Lisavarustus (ilma KM-ta):<\/strong><\/p>\n<ul>\n<li>Vihmaveerennide s\u00fcsteem \u2013 253 \u20ac<\/li>\n<li>Immutus (m\u00e4nd, valge v\u00f5i l\u00e4bipaistev) \u2013 1207,50 \u20ac<\/li>\n<li>Terrass \u2013 920 \u20ac<\/li>\n<li>Tehases v\u00e4rvitud voodrilauad \u2013 609,50 \u20ac<\/li>\n<li>PVC aknad ja v\u00e4lisuksed (valged m\u00f5lemalt poolt) \u2013 569,25 \u20ac<\/li>\n<li>PVC aknad ja v\u00e4lisuksed (v\u00e4rvilised v\u00e4ljastpoolt) \u2013 1012 \u20ac<\/li>\n<li>Katuse soojustuse uuendus 10 cm \u2192 20 cm \u2013 2783 \u20ac<\/li>\n<\/ul>\n<p>&nbsp;<\/p>\n<p>&nbsp;<\/p>\n<p><a href=\"https:\/\/factory.sale\/wp-content\/uploads\/2025\/09\/Nordic_L_S37202.pdf\" target=\"_blank\" rel=\"noopener\">Joonised omavalitsuse kinnituseks<\/a><\/p>\n<p>&nbsp;<\/p>\n<p><iframe loading=\"lazy\" title=\"YouTube video\" src=\"\/\/www.youtube.com\/embed\/k9kK04ZBp0o?autoplay=1&amp;mute=1\" width=\"1050\" height=\"589\" frameborder=\"0\" allowfullscreen=\"allowfullscreen\"><\/iframe><\/p>\n<p><iframe loading=\"lazy\" title=\"YouTube video\" src=\"\/\/www.youtube.com\/embed\/9S4j3SFXrjM?autoplay=1&amp;mute=1\" width=\"1050\" height=\"589\" frameborder=\"0\" allowfullscreen=\"allowfullscreen\"><\/iframe><\/p>\n<p>&nbsp;<\/p>\n","protected":false},"excerpt":{"rendered":"<p>Soojustatud pisimaja NORDIC-L 5.74 \u00d7 11.94 m pakub 49.9 m\u00b2 elamispinda, kahte magamistuba, avatud elutuba koos k\u00f6\u00f6giga, soojustust ning EPDM katust.<\/p>\n","protected":false},"featured_media":118882,"comment_status":"open","ping_status":"closed","template":"","meta":{"_acf_changed":false},"factory":[],"free-shipment":[],"product_brand":[],"product_cat":[801],"product_tag":[],"class_list":{"0":"post-118899","1":"product","2":"type-product","3":"status-publish","4":"has-post-thumbnail","6":"product_cat-elementmajad-2","8":"first","9":"instock","10":"sale","11":"taxable","12":"shipping-taxable","13":"purchasable","14":"product-type-simple"},"acf":[],"_links":{"self":[{"href":"https:\/\/factory.sale\/et\/wp-json\/wp\/v2\/product\/118899","targetHints":{"allow":["GET"]}}],"collection":[{"href":"https:\/\/factory.sale\/et\/wp-json\/wp\/v2\/product"}],"about":[{"href":"https:\/\/factory.sale\/et\/wp-json\/wp\/v2\/types\/product"}],"replies":[{"embeddable":true,"href":"https:\/\/factory.sale\/et\/wp-json\/wp\/v2\/comments?post=118899"}],"wp:featuredmedia":[{"embeddable":true,"href":"https:\/\/factory.sale\/et\/wp-json\/wp\/v2\/media\/118882"}],"wp:attachment":[{"href":"https:\/\/factory.sale\/et\/wp-json\/wp\/v2\/media?parent=118899"}],"wp:term":[{"taxonomy":"factory","embeddable":true,"href":"https:\/\/factory.sale\/et\/wp-json\/wp\/v2\/factory?post=118899"},{"taxonomy":"free-shipment","embeddable":true,"href":"https:\/\/factory.sale\/et\/wp-json\/wp\/v2\/free-shipment?post=118899"},{"taxonomy":"product_brand","embeddable":true,"href":"https:\/\/factory.sale\/et\/wp-json\/wp\/v2\/product_brand?post=118899"},{"taxonomy":"product_cat","embeddable":true,"href":"https:\/\/factory.sale\/et\/wp-json\/wp\/v2\/product_cat?post=118899"},{"taxonomy":"product_tag","embeddable":true,"href":"https:\/\/factory.sale\/et\/wp-json\/wp\/v2\/product_tag?post=118899"}],"curies":[{"name":"wp","href":"https:\/\/api.w.org\/{rel}","templated":true}]}}